{"id":11264,"date":"2022-02-17T16:40:17","date_gmt":"2022-02-17T15:40:17","guid":{"rendered":"http:\/\/tinacrystals.com\/faq\/"},"modified":"2022-02-17T16:42:20","modified_gmt":"2022-02-17T15:42:20","slug":"faq","status":"publish","type":"page","link":"https:\/\/tinacrystals.com\/sq\/faq\/","title":{"rendered":"FAQ"},"content":{"rendered":"\r\n<h2 class=\"wp-block-heading\"><strong>\u00a0FAQ<\/strong><\/h2>\r\n<p><strong>A d\u00ebrgoni porosi n\u00eb t\u00eb gjitha vendet?<\/strong><\/p>\r\n<p>Po, ne dergojm\u00eb porosi n\u00eb t\u00eb gjitha vendet.<\/p>\r\n<p><strong>A mund ta kthej produktin?<\/strong><\/p>\r\n<p>Po, mundesh brenda 30 dit\u00ebve qe ta kthesh pa asnj\u00eb pyetje nga ana jon\u00eb<\/p>\r\n<p><strong>A jan\u00eb kristalet natyrale?<\/strong><\/p>\r\n<p>Po, kristalet tan\u00eb jan\u00eb natyrale.<\/p>\r\n<p><strong>A kan\u00eb kristalet veti sh\u00ebruese?<\/strong><\/p>\r\n<p>Ne nuk garantojm\u00eb apo pranojm\u00eb pretendimet lidhur me metafiziken dhe sh\u00ebrimin alternativ t\u00eb ketyre kristaleve..<\/p>\r\n<p><strong>A keni certifikat\u00eb d\u00ebshmije se kristalet jan\u00eb natyrale?<\/strong><\/p>\r\n<p>Jo, nuk kemi.<\/p>\r\n<p><strong>A keni transport ekspres?<\/strong><\/p>\r\n<p>Po, ne kemi.<\/p>\r\n<p><strong>Pse i k\u00ebrkoni t\u00eb dh\u00ebnat personale?<\/strong><\/p>\r\n<p>P\u00ebr ta realizuar sh\u00ebrbimin ton\u00eb.<\/p>\r\n<p>P\u00ebr reklamim t\u00eb produkteve tona.<\/p>\r\n<p><strong>A i ndani t\u00eb dh\u00ebnat tona me pal\u00eb t\u00eb tret\u00eb?<\/strong><\/p>\r\n<p>Po, i ndajm\u00eb t\u00eb dh\u00ebnat me pal\u00ebn e tret\u00eb p\u00ebr ta realizuar sh\u00ebrbimin ton\u00eb.<\/p>\r\n<p><strong>Si t\u00eb kujdesem p\u00ebr kristalin? <\/strong><\/p>\r\n<p>Hiqni gjithmon\u00eb t\u00eb gjitha bizhuterit\u00eb tuaja p\u00ebrpara se t\u00eb punoni me ushqim, t\u00eb keni kontakt me ujin, t\u00eb vendosni produkte p\u00ebr trupin, t\u00eb p\u00ebrdorni produkte pastrimi ose t\u00eb punoni me kimikate. Gjithashtu para se t\u00eb shkoni p\u00ebr nj\u00eb pun\u00eb ose t\u00eb b\u00ebni aktivitet fizik hiqni ata. Mos i lini bizhuterit\u00eb tuaja n\u00eb temperatura ekstreme. Vini re se dielli mund t\u00eb ndryshoj\u00eb ngjyr\u00ebn e kristaleve t\u00eb caktuara. Marrja e k\u00ebtyre masave paraprake mund t\u00eb ndihmoj\u00eb q\u00eb artikujt tuaj t\u00eb duken si t\u00eb rinj m\u00eb gjat\u00eb.<\/p>\r\n","protected":false},"excerpt":{"rendered":"<p>\u00a0FAQ A d\u00ebrgoni porosi n\u00eb t\u00eb gjitha vendet? Po, ne dergojm\u00eb porosi n\u00eb t\u00eb gjitha vendet. A mund ta kthej produktin? Po, mundesh brenda 30 dit\u00ebve<span class=\"excerpt-hellip\"> [\u2026]<\/span><\/p>\n","protected":false},"author":1,"featured_media":0,"parent":0,"menu_order":0,"comment_status":"closed","ping_status":"closed","template":"","meta":{"footnotes":""},"class_list":["post-11264","page","type-page","status-publish","hentry"],"_links":{"self":[{"href":"https:\/\/tinacrystals.com\/sq\/wp-json\/wp\/v2\/pages\/11264","targetHints":{"allow":["GET"]}}],"collection":[{"href":"https:\/\/tinacrystals.com\/sq\/wp-json\/wp\/v2\/pages"}],"about":[{"href":"https:\/\/tinacrystals.com\/sq\/wp-json\/wp\/v2\/types\/page"}],"author":[{"embeddable":true,"href":"https:\/\/tinacrystals.com\/sq\/wp-json\/wp\/v2\/users\/1"}],"replies":[{"embeddable":true,"href":"https:\/\/tinacrystals.com\/sq\/wp-json\/wp\/v2\/comments?post=11264"}],"version-history":[{"count":2,"href":"https:\/\/tinacrystals.com\/sq\/wp-json\/wp\/v2\/pages\/11264\/revisions"}],"predecessor-version":[{"id":11266,"href":"https:\/\/tinacrystals.com\/sq\/wp-json\/wp\/v2\/pages\/11264\/revisions\/11266"}],"wp:attachment":[{"href":"https:\/\/tinacrystals.com\/sq\/wp-json\/wp\/v2\/media?parent=11264"}],"curies":[{"name":"wp","href":"https:\/\/api.w.org\/{rel}","templated":true}]}}