{"id":11740,"date":"2022-02-21T16:05:14","date_gmt":"2022-02-21T15:05:14","guid":{"rendered":"http:\/\/tinacrystals.com\/?page_id=11740"},"modified":"2022-02-21T23:24:45","modified_gmt":"2022-02-21T22:24:45","slug":"terms-and-conditions","status":"publish","type":"page","link":"https:\/\/tinacrystals.com\/sq\/terms-and-conditions\/","title":{"rendered":"Termet dhe Kushtet"},"content":{"rendered":"\r\n<p>Ju lutemi lexoni me kujdes k\u00ebto terma dhe kushte para se t\u00eb p\u00ebrdorni Sh\u00ebrbimin Ton\u00eb.<\/p>\r\n<p>Interpretimi dhe p\u00ebrkufizimet<\/p>\r\n<p><strong>Interpretimi<\/strong><\/p>\r\n<p>Fjal\u00ebt e t\u00eb cilave germa fillestare \u00ebsht\u00eb me shkronj\u00eb t\u00eb madhe kan\u00eb kuptime t\u00eb p\u00ebrcaktuara n\u00eb kushtet e m\u00ebposhtme. P\u00ebrkufizimet e m\u00ebposhtme do t\u00eb ken\u00eb t\u00eb nj\u00ebjtin kuptim, pavar\u00ebsisht n\u00ebse ato paraqiten n\u00eb nj\u00ebj\u00ebs ose n\u00eb shum\u00ebs.<\/p>\r\n<p><strong>P\u00ebrkufizimet<\/strong><\/p>\r\n<p>P\u00ebr q\u00ebllimet e k\u00ebtyre Termave dhe Kushteve:<\/p>\r\n<ul>\r\n<li><strong>Bashk\u00ebpun\u00ebtor<\/strong>\u00a0n\u00ebnkupton nj\u00eb nj\u00ebsi ekonomike q\u00eb kontrollon, kontrollohet nga ose \u00ebsht\u00eb n\u00ebn kontroll t\u00eb p\u00ebrbashk\u00ebt me nj\u00eb pal\u00eb, ku \u201ckontroll\u201d n\u00ebnkupton pron\u00ebsin\u00eb e 50% ose m\u00eb shum\u00eb t\u00eb aksioneve, interesit t\u00eb kapitalit ose letrave me vler\u00eb t\u00eb tjera t\u00eb drejta p\u00ebr t\u00eb votuar p\u00ebr zgjedhjen e drejtor\u00ebve ose autoritetit tjet\u00ebr menaxhues.<\/li>\r\n<li><strong>Vendi<\/strong>\u00a0i referohet: Maqedonis\u00eb Veriut<\/li>\r\n<li><strong>Kompania\u00a0<\/strong>(referuar si \u201cKompania\u201d, \u201cNe\u201d ose \u201cJona\u201d n\u00eb k\u00ebt\u00eb Marr\u00ebveshje) i referohet Altrim Since 1991 Adresa N\u00ebntor 19, Rr: 26.<\/li>\r\n<li><strong>Pajisja\u00a0<\/strong>n\u00ebnkupton \u00e7do pajisje q\u00eb mund t\u00eb ket\u00eb qasje n\u00eb Sh\u00ebrbim, t\u00eb tilla si nj\u00eb kompjuter, nj\u00eb celular ose nj\u00eb tablet\u00eb dixhital.<\/li>\r\n<li><strong>Termat dhe Kushtet<\/strong>\u00a0(referuar edhe si \u201cKushtet\u201d) do t\u00eb thot\u00eb k\u00ebto Kushte dhe Klauzola q\u00eb formojn\u00eb marr\u00ebveshjen e t\u00ebr\u00eb mes jush dhe kompanis\u00eb n\u00eb lidhje me p\u00ebrdorimin e Sh\u00ebrbimit. K\u00ebto terma dhe kushte jan\u00eb gjeneruar me ndihm\u00ebn e\u00a0<a href=\"https:\/\/www.freeprivacypolicy.com\/free-terms-and-conditions-generator\/\">Terms and Conditions Generator<\/a>.<\/li>\r\n<li><strong>Sh\u00ebrbimi i Mediave Sociale t\u00eb pal\u00ebs s\u00eb tret\u00eb<\/strong>\u00a0n\u00ebnkupton \u00e7do sh\u00ebrbim ose p\u00ebrmbajtje (p\u00ebrfshir\u00eb t\u00eb dh\u00ebnat, informacionin, produktet ose sh\u00ebrbimet) t\u00eb siguruara nga nj\u00eb pal\u00eb e tret\u00eb q\u00eb mund t\u00eb shfaqen, p\u00ebrfshihen ose vihen n\u00eb dispozicion nga Sh\u00ebrbimi.<\/li>\r\n<li><strong>Uebfaqja\u00a0<\/strong>i referohet Tina Crystals, e arritshme nga\u00a0<a href=\"https:\/\/tinacrystals.com\/sq\/\">http:\/\/tinacrystals.com\/<\/a><u>?lang=sq<\/u><\/li>\r\n<li><strong>Ju<\/strong>\u00a0n\u00ebnkuptoni individin q\u00eb hyn ose p\u00ebrdor Sh\u00ebrbimin, ose kompanin\u00eb, ose subjektin tjet\u00ebr juridik n\u00eb em\u00ebr t\u00eb t\u00eb cilit personi i till\u00eb \u00ebsht\u00eb duke hyr\u00eb ose duke p\u00ebrdorur Sh\u00ebrbimin, si\u00e7 zbatohet.<\/li>\r\n<\/ul>\r\n<p><strong>Mir\u00ebnjohje<\/strong><\/p>\r\n<p>K\u00ebto jan\u00eb Kushtet dhe Rregullat q\u00eb rregullojn\u00eb p\u00ebrdorimin e k\u00ebtij Sh\u00ebrbimi dhe marr\u00ebveshjen q\u00eb operon midis Jush dhe Kompanis\u00eb. K\u00ebto Kushte dhe Rregulla p\u00ebrcaktojn\u00eb t\u00eb drejtat dhe detyrimet e t\u00eb gjith\u00eb p\u00ebrdoruesve n\u00eb lidhje me p\u00ebrdorimin e Sh\u00ebrbimit.<\/p>\r\n<p>Your access to and use of the Service is conditioned on Your acceptance of and compliance with these Terms and Conditions. These Terms and Conditions apply to all visitors, users and others who access or use the Service.<\/p>\r\n<p>Qasja juaj dhe p\u00ebrdorimi i Sh\u00ebrbimit kusht\u00ebzohet nga pranimi dhe pajtueshm\u00ebria juaj me k\u00ebto Kushte dhe Rregulla. K\u00ebto Kushte dhe Rregulla zbatohen p\u00ebr t\u00eb gjith\u00eb vizitor\u00ebt, p\u00ebrdoruesit dhe t\u00eb tjer\u00ebt q\u00eb hyjn\u00eb ose p\u00ebrdorin Sh\u00ebrbimin.<\/p>\r\n<p>Ju p\u00ebrfaq\u00ebsoni se jeni mbi mosh\u00ebn 18 vje\u00e7. Kompania nuk lejon ata q\u00eb jan\u00eb n\u00ebn 18 vje\u00e7 t\u00eb p\u00ebrdorin Sh\u00ebrbimin.<\/p>\r\n<p>Hyrja juaj dhe p\u00ebrdorimi i Sh\u00ebrbimit kusht\u00ebzohet gjithashtu nga pranimi juaj dhe pajtueshm\u00ebria me Politik\u00ebn e Privat\u00ebsis\u00eb s\u00eb Kompanis\u00eb. Politika jon\u00eb e privat\u00ebsis\u00eb p\u00ebrshkruan politikat dhe procedurat tona n\u00eb mbledhjen, p\u00ebrdorimin dhe zbulimin e informacionit tuaj personal kur p\u00ebrdorni aplikacionin ose faqen e internetit dhe ju tregon p\u00ebr t\u00eb drejtat tuaja t\u00eb privat\u00ebsis\u00eb dhe sesi ligji ju mbron. Ju lutemi lexoni me kujdes politik\u00ebn ton\u00eb t\u00eb privat\u00ebsis\u00eb para se t\u00eb p\u00ebrdorni sh\u00ebrbimin ton\u00eb.<\/p>\r\n<p><strong>Lidhje me faqet e tjera t\u00eb internetit<\/strong><\/p>\r\n<p>Sh\u00ebrbimi yn\u00eb mund t\u00eb p\u00ebrmbaj\u00eb lidhje me faqet e internetit ose sh\u00ebrbimet e pal\u00ebve t\u00eb treta q\u00eb nuk jan\u00eb n\u00eb pron\u00ebsi ose t\u00eb kontrolluara nga Kompania.<\/p>\r\n<p>Kompania nuk ka kontroll mbi dhe nuk merr asnj\u00eb p\u00ebrgjegj\u00ebsi p\u00ebr p\u00ebrmbajtjen, politikat e privat\u00ebsis\u00eb ose praktikat e ndonj\u00eb faqe ose sh\u00ebrbimesh t\u00eb pal\u00ebve t\u00eb treta. Ju m\u00eb tej e pranoni dhe bini dakord se Kompania nuk do t\u00eb jet\u00eb p\u00ebrgjegj\u00ebse, drejtp\u00ebrdrejt ose indirekt, p\u00ebr \u00e7do d\u00ebm ose humbje t\u00eb shkaktuar ose t\u00eb pretenduar t\u00eb jet\u00eb shkaktuar nga ose n\u00eb lidhje me p\u00ebrdorimin ose mb\u00ebshtetjen n\u00eb ndonj\u00eb p\u00ebrmbajtje t\u00eb till\u00eb, mallra ose sh\u00ebrbime t\u00eb disponueshme n\u00eb ose p\u00ebrmes ndonj\u00eb uebfaqe apo sh\u00ebrbimi t\u00eb till\u00eb.<\/p>\r\n<p>Ne ju k\u00ebshillojm\u00eb fuqimisht t\u00eb lexoni termat dhe kushtet dhe politikat e privat\u00ebsis\u00eb t\u00eb \u00e7do faqe ose sh\u00ebrbimesh t\u00eb pal\u00ebve t\u00eb treta q\u00eb vizitoni.<\/p>\r\n<p><strong>P\u00ebrfundimi<\/strong><\/p>\r\n<p>Ne mund t\u00eb p\u00ebrfundojm\u00eb ose pezullojm\u00eb hyrjen tuaj menj\u00ebher\u00eb, pa njoftim paraprak ose p\u00ebrgjegj\u00ebsi, p\u00ebr \u00e7far\u00ebdo arsye, duke p\u00ebrfshir\u00eb pa kufizim n\u00ebse shkelni k\u00ebto Terma dhe Kushte.<\/p>\r\n<p>Pas p\u00ebrfundimit, e drejta juaj p\u00ebr t\u00eb p\u00ebrdorur Sh\u00ebrbimin do t\u00eb pushoj\u00eb menj\u00ebher\u00eb.<\/p>\r\n<p><strong>Kufizimi i p\u00ebrgjegj\u00ebsis\u00eb<\/strong><\/p>\r\n<p>Pavar\u00ebsisht nga d\u00ebmtimet q\u00eb mund t\u00eb p\u00ebsoni, i gjith\u00eb p\u00ebrgjegj\u00ebsia e Kompanis\u00eb dhe cilitdo nga furnitor\u00ebt e saj sipas ndonj\u00eb dispozite t\u00eb k\u00ebtyre Kushteve dhe korrigjimi juaj ekskluziv p\u00ebr t\u00eb gjitha sa m\u00eb sip\u00ebr do t\u00eb kufizohet n\u00eb shum\u00ebn e paguar n\u00eb t\u00eb v\u00ebrtet\u00eb nga Ju p\u00ebrmes Sh\u00ebrbimit ose 100 USD n\u00ebse nuk keni bler\u00eb asgj\u00eb p\u00ebrmes Sh\u00ebrbimit.<\/p>\r\n<p>N\u00eb mas\u00ebn maksimale t\u00eb lejuar nga legjislacioni n\u00eb fuqi, n\u00eb asnj\u00eb rast Kompania ose furnitor\u00ebt e saj nuk do t\u00eb jen\u00eb p\u00ebrgjegj\u00ebse p\u00ebr ndonj\u00eb d\u00ebm t\u00eb ve\u00e7ant\u00eb, t\u00eb rast\u00ebsish\u00ebm, indirekt ose pasues (duke p\u00ebrfshir\u00eb, por pa u kufizuar n\u00eb t\u00eb, d\u00ebmet p\u00ebr humbjen e fitimeve, humbjen e t\u00eb dh\u00ebnave ose informacione t\u00eb tjera, p\u00ebr nd\u00ebrprerje t\u00eb biznesit, p\u00ebr d\u00ebmtime personale, humbje t\u00eb privat\u00ebsis\u00eb q\u00eb vijn\u00eb nga ose n\u00eb ndonj\u00eb m\u00ebnyr\u00eb q\u00eb lidhen me p\u00ebrdorimin ose paaft\u00ebsin\u00eb p\u00ebr t\u00eb p\u00ebrdorur Sh\u00ebrbimin, softuerin e pal\u00ebs s\u00eb tret\u00eb dhe \/ ose pajisjen e pal\u00ebs s\u00eb tret\u00eb t\u00eb p\u00ebrdorur me Sh\u00ebrbimin, ose p\u00ebrndryshe n\u00eb lidhje me ndonj\u00eb dispozit\u00eb t\u00eb k\u00ebtyre Kushteve), edhe n\u00ebse Kompania ose ndonj\u00eb furnitor \u00ebsht\u00eb k\u00ebshilluar p\u00ebr mund\u00ebsin\u00eb e d\u00ebmtimeve t\u00eb tilla dhe madje edhe n\u00ebse ila\u00e7i d\u00ebshton n\u00eb q\u00ebllimin e tij thelb\u00ebsor.<\/p>\r\n<p>Disa shtete nuk lejojn\u00eb p\u00ebrjashtimin e garancive t\u00eb n\u00ebnkuptuara ose kufizimin e p\u00ebrgjegj\u00ebsis\u00eb p\u00ebr d\u00ebmet e rast\u00ebsishme ose pasuese, q\u00eb do t\u00eb thot\u00eb se disa nga kufizimet e m\u00ebsip\u00ebrme mund t\u00eb mos zbatohen. N\u00eb k\u00ebto shtete, p\u00ebrgjegj\u00ebsia e secil\u00ebs pal\u00eb do t\u00eb jet\u00eb e kufizuar n\u00eb mas\u00ebn m\u00eb t\u00eb madhe t\u00eb lejuar nga ligji.<\/p>\r\n<p><strong>Mohim i p\u00ebrgjegj\u00ebsis\u00eb \u201cSIC \u00cbSHT\u00cb\u201d dhe \u201cSI\u00c7 \u00cbSHT\u00cb N\u00cb DISPOZICION\u201d<\/strong><\/p>\r\n<p>Sh\u00ebrbimi ju ofrohet \u201cSIC \u00cbSHT\u00cb\u201d \u201cdhe\u201d SI\u00c7 \u00cbSHT\u00cb N\u00cb DISPOZICION \u201cdhe me t\u00eb gjitha l\u00ebshimet dhe defektet pa asnj\u00eb lloj garancie. N\u00eb mas\u00ebn maksimale t\u00eb lejuar sipas legjislacionit n\u00eb fuqi, Kompania, n\u00eb em\u00ebr t\u00eb saj dhe n\u00eb em\u00ebr t\u00eb An\u00ebtar\u00ebve t\u00eb saj dhe licencuesve t\u00eb tyre dhe licensuesve t\u00eb tyre dhe ofruesve t\u00eb sh\u00ebrbimeve, shprehimisht heq t\u00eb gjitha garancit\u00eb, qofshin ato t\u00eb shprehura, t\u00eb n\u00ebnkuptuara, ligjore ose t\u00eb tjera, n\u00eb lidhje me Sh\u00ebrbimin, duke p\u00ebrfshir\u00eb t\u00eb gjitha garancit\u00eb e n\u00ebnkuptuara t\u00eb tregtis\u00eb, aft\u00ebsin\u00eb p\u00ebr nj\u00eb q\u00ebllim t\u00eb ve\u00e7ant\u00eb, titullin dhe mos-shkeljen, dhe garancit\u00eb q\u00eb mund t\u00eb dalin nga sigurimi i veprimeve, kursi i performanc\u00ebs, p\u00ebrdorimi ose praktika tregtare. Pa kufizime n\u00eb sa m\u00eb sip\u00ebr, Kompania nuk ofron asnj\u00eb garanci ose nd\u00ebrmarrje dhe nuk b\u00ebn asnj\u00eb p\u00ebrfaq\u00ebsim t\u00eb \u00e7far\u00ebdo lloji q\u00eb Sh\u00ebrbimi do t\u00eb plot\u00ebsoj\u00eb k\u00ebrkesat tuaja, t\u00eb arrij\u00eb ndonj\u00eb rezultat t\u00eb synuar, t\u00eb jet\u00eb i pajtuesh\u00ebm ose t\u00eb punoj\u00eb me ndonj\u00eb softuer, aplikacion, sistem ose sh\u00ebrbim tjet\u00ebr, t\u00eb veproj\u00eb pa nd\u00ebrprerje, plot\u00ebsoni cilindo standard t\u00eb performanc\u00ebs ose besueshm\u00ebris\u00eb, ose b\u00ebni gabime ose ndonj\u00eb gabim ose defekt mund t\u00eb korrigjohet ose do t\u00eb korrigjohet.<\/p>\r\n<p>Pa kufizuar sa m\u00eb sip\u00ebr, as Kompania dhe as ndonj\u00eb nga ofruesit e kompanis\u00eb nuk b\u00ebn ndonj\u00eb p\u00ebrfaq\u00ebsim ose garanci t\u00eb \u00e7far\u00ebdo lloji, t\u00eb shprehur ose t\u00eb n\u00ebnkuptuar: (i) p\u00ebr sa i p\u00ebrket funksionimit ose disponueshm\u00ebris\u00eb s\u00eb Sh\u00ebrbimit, ose informacionit, p\u00ebrmbajtjes dhe materialeve ose produkteve p\u00ebrfshir\u00eb k\u00ebtu; (ii) se Sh\u00ebrbimi do t\u00eb jet\u00eb i pand\u00ebrprer\u00eb ose pa gabime; (iii) p\u00ebr sa i p\u00ebrket sakt\u00ebsis\u00eb, besueshm\u00ebris\u00eb ose monedh\u00ebs s\u00eb \u00e7do informacioni ose p\u00ebrmbajtjeje t\u00eb siguruar p\u00ebrmes Sh\u00ebrbimit; ose (iv) q\u00eb Sh\u00ebrbimi, serverat e tij, p\u00ebrmbajtja ose postat elektronike t\u00eb d\u00ebrguara nga ose p\u00ebr llogari t\u00eb Kompanis\u00eb jan\u00eb pa viruse, skripte, kuaj trojan\u00eb, krimba, malware, bomba kohe ose p\u00ebrb\u00ebr\u00ebs t\u00eb tjer\u00eb t\u00eb d\u00ebmsh\u00ebm.<\/p>\r\n<p>Disa juridiksione nuk lejojn\u00eb p\u00ebrjashtimin e llojeve t\u00eb caktuara t\u00eb garancive ose kufizimeve mbi t\u00eb drejtat ligjore t\u00eb zbatueshme t\u00eb nj\u00eb konsumatori, k\u00ebshtu q\u00eb disa ose t\u00eb gjitha p\u00ebrjashtimet dhe kufizimet e m\u00ebsip\u00ebrme mund t\u00eb mos vlejn\u00eb p\u00ebr Ju. Por n\u00eb nj\u00eb rast t\u00eb till\u00eb p\u00ebrjashtimet dhe kufizimet e p\u00ebrcaktuara n\u00eb k\u00ebt\u00eb seksion do t\u00eb zbatohen n\u00eb mas\u00ebn m\u00eb t\u00eb madhe t\u00eb zbatueshme sipas ligjit n\u00eb fuqi.<\/p>\r\n<p><strong>Ligji qeveris\u00ebs<\/strong><\/p>\r\n<p>Ligjet e vendit, duke p\u00ebrjashtuar rregullat e tij t\u00eb konfliktit t\u00eb ligjit, do t\u00eb rregullojn\u00eb k\u00ebto Kushte dhe p\u00ebrdorimin tuaj t\u00eb Sh\u00ebrbimit. P\u00ebrdorimi juaj i Aplikacionit mund t\u2019i n\u00ebnshtrohet gjithashtu ligjeve t\u00eb tjera lokale, shtet\u00ebrore, komb\u00ebtare ose nd\u00ebrkomb\u00ebtare.<\/p>\r\n<p><strong>Zgjidhja e mosmarr\u00ebveshjeve<\/strong><\/p>\r\n<p>N\u00ebse keni ndonj\u00eb shqet\u00ebsim ose mosmarr\u00ebveshje n\u00eb lidhje me Sh\u00ebrbimin, Ju pranoni q\u00eb s\u00eb pari t\u00eb p\u00ebrpiqeni t\u00eb zgjidhni mosmarr\u00ebveshjen jozyrtarisht duke kontaktuar Kompanin\u00eb.<\/p>\r\n<p><strong>P\u00ebr P\u00ebrdoruesit e Bashkimit Evropian (BE)<\/strong><\/p>\r\n<p>N\u00ebse jeni nj\u00eb konsumator i Bashkimit Evropian, do t\u00eb p\u00ebrfitoni nga \u00e7do dispozit\u00eb e detyrueshme e ligjit t\u00eb vendit n\u00eb t\u00eb cilin jeni rezident.<\/p>\r\n<p><strong>Pajtueshm\u00ebria Ligjore e Shteteve t\u00eb Bashkuara<\/strong><\/p>\r\n<p>Ju p\u00ebrfaq\u00ebsoni dhe garantoni q\u00eb (i) Ju nuk jeni t\u00eb vendosur n\u00eb nj\u00eb vend q\u00eb i n\u00ebnshtrohet embargos s\u00eb qeveris\u00eb s\u00eb Shteteve t\u00eb Bashkuara, ose q\u00eb \u00ebsht\u00eb caktuar nga qeveria e Shteteve t\u00eb Bashkuara si nj\u00eb vend \u201cmb\u00ebshtet\u00ebs terrorist\u201d dhe (ii) Ju nuk jeni t\u00eb renditura n\u00eb \u00e7do list\u00eb t\u00eb pal\u00ebve t\u00eb ndaluara ose t\u00eb kufizuara nga qeveria e Shteteve t\u00eb Bashkuara.<\/p>\r\n<p>Ndjeshm\u00ebria dhe heqja dor\u00eb<\/p>\r\n<p><strong>Ndjeshm\u00ebria<\/strong><\/p>\r\n<p>N\u00ebse ndonj\u00eb dispozit\u00eb e k\u00ebtyre Kushteve konsiderohet e pazbatueshme ose e pavlefshme, kjo dispozit\u00eb do t\u00eb ndryshohet dhe interpretohet p\u00ebr t\u00eb p\u00ebrmbushur objektivat e nj\u00eb dispozite t\u00eb till\u00eb n\u00eb mas\u00ebn m\u00eb t\u00eb madhe t\u00eb mundshme sipas ligjit n\u00eb fuqi dhe dispozitat e mbetura do t\u00eb vazhdojn\u00eb n\u00eb fuqi dhe efekt t\u00eb plot\u00eb.<\/p>\r\n<p><strong>Heqja dor\u00eb<\/strong><\/p>\r\n<p>Me p\u00ebrjashtim t\u00eb rasteve t\u00eb parashikuara k\u00ebtu, d\u00ebshtimi p\u00ebr t\u00eb ushtruar nj\u00eb t\u00eb drejt\u00eb ose p\u00ebr t\u00eb k\u00ebrkuar kryerjen e nj\u00eb detyrimi sipas k\u00ebtyre kushteve nuk do t\u00eb ndikoj\u00eb n\u00eb aft\u00ebsin\u00eb e nj\u00eb pale p\u00ebr t\u00eb ushtruar nj\u00eb t\u00eb drejt\u00eb t\u00eb till\u00eb ose t\u00eb k\u00ebrkoj\u00eb nj\u00eb p\u00ebrmbushje t\u00eb till\u00eb n\u00eb \u00e7do koh\u00eb pas k\u00ebsaj dhe as heqja dor\u00eb nga nj\u00eb shkelje p\u00ebrb\u00ebn nj\u00eb heqje dor\u00eb t\u00eb ndonj\u00eb shkelje t\u00eb m\u00ebvonshme.<\/p>\r\n<p><strong>Interpretimi i p\u00ebrkthimit<\/strong><\/p>\r\n<p>K\u00ebto Terme dhe Kushte mund t\u00eb jen\u00eb p\u00ebrkthyer n\u00ebse Ne i kemi b\u00ebr\u00eb t\u00eb disponueshme p\u00ebr Ju n\u00eb Sh\u00ebrbimin ton\u00eb. Ju pranoni q\u00eb teksti origjinal anglisht do t\u00eb mbizot\u00ebroj\u00eb n\u00eb rastin e nj\u00eb mosmarr\u00ebveshjeje. T\u00eb cilin mund ta gjeni duke klikuar n\u00eb k\u00ebt\u00eb lidhje:\u00a0<a href=\"https:\/\/mamita.mk\/terms-and-conditions-en\/\">Terms &amp; Conditions<\/a><\/p>\r\n<p><strong>Ndryshimet n\u00eb k\u00ebto terma dhe kushte<\/strong><\/p>\r\n<p>Ne rezervojm\u00eb t\u00eb drejt\u00ebn, sipas gjykimit ton\u00eb t\u00eb vet\u00ebm, p\u00ebr t\u00eb modifikuar ose z\u00ebvend\u00ebsuar k\u00ebto Kushte n\u00eb \u00e7do koh\u00eb. N\u00ebse nj\u00eb rishikim \u00ebsht\u00eb material Ne do t\u00eb b\u00ebjm\u00eb p\u00ebrpjekje t\u00eb arsyeshme p\u00ebr t\u00eb siguruar njoftim t\u00eb pakt\u00ebn 30 dit\u00eb para se t\u00eb hyjn\u00eb n\u00eb fuqi kushtet e reja. Ajo q\u00eb p\u00ebrb\u00ebn nj\u00eb ndryshim material do t\u00eb p\u00ebrcaktohet n\u00eb gjykimin ton\u00eb t\u00eb vet\u00ebm.<\/p>\r\n<p>Duke vazhduar t\u00eb keni qasje ose p\u00ebrdorni Sh\u00ebrbimin ton\u00eb pasi ato rishikime t\u00eb b\u00ebhen efektive, ju pranoni t\u00eb jeni t\u00eb detyruar nga kushtet e rishikuara. N\u00ebse nuk jeni dakord me kushtet e reja, plot\u00ebsisht ose pjes\u00ebrisht, ju lutemi ndaloni p\u00ebrdorimin e faqes s\u00eb internetit dhe Sh\u00ebrbimit.<\/p>\r\n<p><strong>Na kontaktoni<\/strong><\/p>\r\n<p>N\u00ebse keni ndonj\u00eb pyetje n\u00eb lidhje me k\u00ebto Terma dhe Kushte, ju mund t\u00eb na kontaktoni:<\/p>\r\n<ul>\r\n<li>Me e-mail:\u00a0info@tinacrystals.com<\/li>\r\n<li>Duke vizituar k\u00ebt\u00eb faqe n\u00eb faqen ton\u00eb t\u00eb internetit:\u00a0<a href=\"http:\/\/tinacrystals.com\/na-kontaktoni\/?lang=sq\">http:\/\/tinacrystals.com\/na-kontaktoni\/?lang=sq<\/a><\/li>\r\n<li>Numri i Telefonit: +38972229833<\/li>\r\n<li>Nga adresa: 19 N\u00ebntori, Nr: 26<\/li>\r\n<\/ul>\r\n<p>&nbsp;<\/p>\r\n<p>&nbsp;<\/p>\r\n","protected":false},"excerpt":{"rendered":"<p>Ju lutemi lexoni me kujdes k\u00ebto terma dhe kushte para se t\u00eb p\u00ebrdorni Sh\u00ebrbimin Ton\u00eb. Interpretimi dhe p\u00ebrkufizimet Interpretimi Fjal\u00ebt e t\u00eb cilave germa fillestare \u00ebsht\u00eb<span class=\"excerpt-hellip\"> [\u2026]<\/span><\/p>\n","protected":false},"author":1,"featured_media":0,"parent":0,"menu_order":0,"comment_status":"closed","ping_status":"closed","template":"","meta":{"footnotes":""},"class_list":["post-11740","page","type-page","status-publish","hentry"],"_links":{"self":[{"href":"https:\/\/tinacrystals.com\/sq\/wp-json\/wp\/v2\/pages\/11740","targetHints":{"allow":["GET"]}}],"collection":[{"href":"https:\/\/tinacrystals.com\/sq\/wp-json\/wp\/v2\/pages"}],"about":[{"href":"https:\/\/tinacrystals.com\/sq\/wp-json\/wp\/v2\/types\/page"}],"author":[{"embeddable":true,"href":"https:\/\/tinacrystals.com\/sq\/wp-json\/wp\/v2\/users\/1"}],"replies":[{"embeddable":true,"href":"https:\/\/tinacrystals.com\/sq\/wp-json\/wp\/v2\/comments?post=11740"}],"version-history":[{"count":7,"href":"https:\/\/tinacrystals.com\/sq\/wp-json\/wp\/v2\/pages\/11740\/revisions"}],"predecessor-version":[{"id":11783,"href":"https:\/\/tinacrystals.com\/sq\/wp-json\/wp\/v2\/pages\/11740\/revisions\/11783"}],"wp:attachment":[{"href":"https:\/\/tinacrystals.com\/sq\/wp-json\/wp\/v2\/media?parent=11740"}],"curies":[{"name":"wp","href":"https:\/\/api.w.org\/{rel}","templated":true}]}}