{"id":11790,"date":"2022-01-27T12:13:29","date_gmt":"2022-01-27T12:13:29","guid":{"rendered":"http:\/\/tinacrystals.com\/shop-shipping-policies\/"},"modified":"2022-02-21T23:53:09","modified_gmt":"2022-02-21T22:53:09","slug":"shop-shipping-policies","status":"publish","type":"page","link":"https:\/\/tinacrystals.com\/sq\/shop-shipping-policies\/","title":{"rendered":"Politika e Shitjes dhe Transportit"},"content":{"rendered":"<p>Politika e Shitjes dhe Transportit<\/p>\n<p><strong>Parashikimi i transporti deri te konsumatori<\/strong><\/p>\n<ul>\n<li>Maqedonia e Veriut 2-4 dit\u00eb pune.<\/li>\n<li>Kosova 4 &#8211; 6 dit\u00eb pune.<\/li>\n<li>Shqip\u00ebria 4 &#8211; 6 dit\u00eb pune.<\/li>\n<li>Shteteve tjera 2 &#8211; 6 jav\u00eb.<\/li>\n<\/ul>\n<p>Ne do mundohemi t\u00eb b\u00ebjm\u00eb m\u00eb t\u00eb mir\u00eb q\u00eb parashikimet e transportit t\u00eb p\u00ebrkojn\u00eb me ato t\u00eb sh\u00ebnuar m\u00eb lart\u00eb, por nuk mund t\u2019i garantojm\u00eb 100%.<\/p>\n<p>&nbsp;<\/p>\n<p><strong>Dogana dhe taksat e importit <\/strong><\/p>\n<p>Blersi \u00ebsht\u00eb p\u00ebrgjegj\u00ebs p\u00ebr \u00e7do tatim n\u00eb lidhje me doganen dhe taksat e importit q\u00eb mund t\u00eb aplikohen. Ne nuk jemi p\u00ebrgjegj\u00ebs p\u00ebr vonesat q\u00eb mund t\u2019ju ndodhin n\u00eb dogan\u00eb<\/p>\n<p><strong>Format e Pages\u00ebs<\/strong><\/p>\n<ul>\n<li>Mastercard<\/li>\n<li>Visa<\/li>\n<li>PayPal<\/li>\n<\/ul>\n<p><strong>Kthimi i produktit<\/strong><\/p>\n<p>Ne pranojm\u00eb t\u00eb ua kthejm\u00eb produktin apo t\u00eb ua ndrojm\u00eb t\u00eb njejt\u00ebn.<\/p>\n<p>Na kontaktoni brenda 30 dit\u00ebve se doni ta ktheni produktin dhe ne do ua kthjem pa asnj\u00eb pyetje.<\/p>\n<p>N\u00ebse produkti \u00ebsht\u00eb i d\u00ebmtuar na informo brenda 24 or\u00ebve!<\/p>\n<p><strong>Kushtet e kthimit:<\/strong><\/p>\n<p>Blersi \u00ebsht\u00eb p\u00ebrgjegj\u00ebs p\u00ebr shpenzimet e transportit n\u00ebse e kthen produktin. N\u00ebse produktin nuk kthehet n\u00eb form\u00ebn si\u00e7 ka qen\u00eb blersi \u00ebsht\u00eb p\u00ebrgjegj\u00ebs p\u00ebr humbjen e vler\u00ebs.<\/p>\n<p><strong>N\u00ebse keni pyetje n\u00eb lidhje me porosin tuaj?<\/strong><\/p>\n<p><strong>\u00a0\u00a0\u00a0\u00a0\u00a0\u00a0 <\/strong>Na kontaktoni n\u00eb nj\u00eb nga keta format e m\u00eb poshtme:<\/p>\n<ul>\n<li>Me e-mail: info@tinacrystals.com<\/li>\n<li>Duke vizituar k\u00ebt\u00eb faqe n\u00eb faqen ton\u00eb t\u00eb internetit:\u00a0<a href=\"http:\/\/tinacrystals.com\/na-kontakt\/?lang=sq\">http:\/\/tinacrystals.com\/na-kontakt\/?lang=sq<\/a><\/li>\n<li>Numri i Telefonit : +38972229833<\/li>\n<li>Nga adresa: 19 N\u00ebntori, Nr: 26<\/li>\n<\/ul>\n","protected":false},"excerpt":{"rendered":"<p>Politika e Shitjes dhe Transportit Parashikimi i transporti deri te konsumatori Maqedonia e Veriut 2-4 dit\u00eb pune. Kosova 4 &#8211; 6 dit\u00eb pune. Shqip\u00ebria 4 &#8211;<span class=\"excerpt-hellip\"> [\u2026]<\/span><\/p>\n","protected":false},"author":1,"featured_media":0,"parent":0,"menu_order":0,"comment_status":"closed","ping_status":"closed","template":"","meta":{"footnotes":""},"class_list":["post-11790","page","type-page","status-publish","hentry"],"_links":{"self":[{"href":"https:\/\/tinacrystals.com\/sq\/wp-json\/wp\/v2\/pages\/11790","targetHints":{"allow":["GET"]}}],"collection":[{"href":"https:\/\/tinacrystals.com\/sq\/wp-json\/wp\/v2\/pages"}],"about":[{"href":"https:\/\/tinacrystals.com\/sq\/wp-json\/wp\/v2\/types\/page"}],"author":[{"embeddable":true,"href":"https:\/\/tinacrystals.com\/sq\/wp-json\/wp\/v2\/users\/1"}],"replies":[{"embeddable":true,"href":"https:\/\/tinacrystals.com\/sq\/wp-json\/wp\/v2\/comments?post=11790"}],"version-history":[{"count":3,"href":"https:\/\/tinacrystals.com\/sq\/wp-json\/wp\/v2\/pages\/11790\/revisions"}],"predecessor-version":[{"id":11793,"href":"https:\/\/tinacrystals.com\/sq\/wp-json\/wp\/v2\/pages\/11790\/revisions\/11793"}],"wp:attachment":[{"href":"https:\/\/tinacrystals.com\/sq\/wp-json\/wp\/v2\/media?parent=11790"}],"curies":[{"name":"wp","href":"https:\/\/api.w.org\/{rel}","templated":true}]}}