{"id":13289,"date":"2022-03-08T11:24:31","date_gmt":"2022-03-08T10:26:09","guid":{"rendered":"http:\/\/tinacrystals.com\/?post_type=product&#038;p=13289"},"modified":"2022-05-11T10:15:31","modified_gmt":"2022-05-11T08:15:31","slug":"agati-kafte-lule","status":"publish","type":"product","link":"https:\/\/tinacrystals.com\/sq\/product\/agati-kafte-lule\/","title":{"rendered":"Agati Kaft\u00eb Lule"},"content":{"rendered":"<p><strong>HOROSKOPI<\/strong>: Virgj\u00ebresha<br \/>\n<strong>CHAKRA<\/strong>: Rr\u00ebnja, Zemra<\/p>\n<p>Agati Kaft\u00eb dihet se t\u00ebrheq pasuri dhe sukses. \u00cbsht\u00eb nj\u00eb gur i fillimeve t\u00eb reja, sjell paqe t\u00eb brendshme dhe qet\u00ebson emocionet.<\/p>\n<p><strong><br \/>\n<em>Sh\u00ebrimi shpirt\u00ebror:<\/em><\/strong><\/p>\n<p>Moss Agate ju ndihmon t\u00eb kap\u00ebrceni veset negative t\u00eb cilat mund t\u00eb jen\u00eb lidhje nga e kaluara.<\/p>\n<p>Hap dyert e komunikimit me natyr\u00ebn, na kujton se vet\u00eb bota \u00ebsht\u00eb nj\u00eb qenie e gjall\u00eb, fizikisht dhe shpirt\u00ebrisht.<\/p>\n<p><strong><em><br \/>\nSh\u00ebrimi fizik:<\/em><\/strong><\/p>\n<p>Agati Kaft\u00eb \u00ebsht\u00eb i dobish\u00ebm p\u00ebr sistemin e qarkullimit t\u00eb gjakut, duke rregulluar pulsin dhe parregullsit\u00eb tjera t\u00eb rrahjeve t\u00eb zemr\u00ebs.<\/p>\n<p>Mbajtja e moss agatit n\u00eb mes t\u00eb gjoksit forcon muskulin kardiak dhe sh\u00ebron disharmonin\u00eb emocionale.<\/p>\n<p>Ky kristal gjithashtu mund t\u00eb zvog\u00ebloj\u00eb simptomat e epilepsis\u00eb dhe p\u00ebr disa njer\u00ebz i mbron nga ecja n\u00eb gjum\u00eb gjat\u00eb nat\u00ebs.<\/p>\n<p><strong><br \/>\n<em>Sh\u00ebrimi emocional:<\/em><\/strong><\/p>\n<p>Agati Kaft\u00eb sjell paqe dhe stabilitet n\u00eb trupin emocional.<\/p>\n<p>\u00cbsht\u00eb gjithashtu e dobishme p\u00ebr ata q\u00eb p\u00ebrjetojn\u00eb luhatje ekstreme t\u00eb humorit dhe ata q\u00eb jan\u00eb t\u00eb varur nga dramat emocionale n\u00eb jet\u00ebn e tyre.<\/p>\n<p><strong><br \/>\n<em>Pastroni dhe rimbushni:<\/em><\/strong><\/p>\n<p>Agati Kaft\u00eb duhet t\u00eb lihet n\u00eb prani t\u00eb gjelb\u00ebrimit gjat\u00eb nat\u00ebs nj\u00eb her\u00eb n\u00eb muaj.<\/p>\n","protected":false},"excerpt":{"rendered":"<p>HOROSKOPI: Virgj\u00ebresha CHAKRA: Rr\u00ebnja, Zemra Agati Kaft\u00eb dihet se t\u00ebrheq pasuri dhe sukses. \u00cbsht\u00eb nj\u00eb gur i fillimeve t\u00eb reja, sjell paqe t\u00eb brendshme dhe qet\u00ebson<span class=\"excerpt-hellip\"> [\u2026]<\/span><\/p>\n","protected":false},"featured_media":13235,"comment_status":"open","ping_status":"closed","template":"","meta":[],"product_brand":[],"product_cat":[2401,2292,2405,2372,2356,2375,2310,2845,2395,2305,2359,2352,2396,2371,2304,2404],"product_tag":[],"class_list":{"0":"post-13289","1":"product","2":"type-product","3":"status-publish","4":"has-post-thumbnail","6":"product_cat-agate-sq","7":"product_cat-crystal-jewelry-sq","8":"product_cat-blej-sipas","9":"product_cat-blej-sipas-ngjyres","10":"product_cat-fat-sukses","11":"product_cat-kafte","12":"product_cat-llojet-e-gurve-te-cmuar","13":"product_cat-lule","14":"product_cat-pendant-sq","15":"product_cat-rrenja","16":"product_cat-shenjat-e-horoskopit","17":"product_cat-qellim","18":"product_cat-varese-e-gdhendur","19":"product_cat-virgjersha","20":"product_cat-zemra","21":"product_cat-zona-e-cakres","23":"first","24":"instock","25":"shipping-taxable","26":"purchasable","27":"product-type-simple"},"_links":{"self":[{"href":"https:\/\/tinacrystals.com\/sq\/wp-json\/wp\/v2\/product\/13289","targetHints":{"allow":["GET"]}}],"collection":[{"href":"https:\/\/tinacrystals.com\/sq\/wp-json\/wp\/v2\/product"}],"about":[{"href":"https:\/\/tinacrystals.com\/sq\/wp-json\/wp\/v2\/types\/product"}],"replies":[{"embeddable":true,"href":"https:\/\/tinacrystals.com\/sq\/wp-json\/wp\/v2\/comments?post=13289"}],"wp:featuredmedia":[{"embeddable":true,"href":"https:\/\/tinacrystals.com\/sq\/wp-json\/wp\/v2\/media\/13235"}],"wp:attachment":[{"href":"https:\/\/tinacrystals.com\/sq\/wp-json\/wp\/v2\/media?parent=13289"}],"wp:term":[{"taxonomy":"product_brand","embeddable":true,"href":"https:\/\/tinacrystals.com\/sq\/wp-json\/wp\/v2\/product_brand?post=13289"},{"taxonomy":"product_cat","embeddable":true,"href":"https:\/\/tinacrystals.com\/sq\/wp-json\/wp\/v2\/product_cat?post=13289"},{"taxonomy":"product_tag","embeddable":true,"href":"https:\/\/tinacrystals.com\/sq\/wp-json\/wp\/v2\/product_tag?post=13289"}],"curies":[{"name":"wp","href":"https:\/\/api.w.org\/{rel}","templated":true}]}}