{"id":13338,"date":"2022-03-08T14:04:35","date_gmt":"2022-03-08T13:07:49","guid":{"rendered":"http:\/\/tinacrystals.com\/?post_type=product&#038;p=13338"},"modified":"2022-05-11T10:14:49","modified_gmt":"2022-05-11T08:14:49","slug":"gur-rrere-ari-lule","status":"publish","type":"product","link":"https:\/\/tinacrystals.com\/sq\/product\/gur-rrere-ari-lule\/","title":{"rendered":"Gur Rr\u00ebre Ari Lule"},"content":{"rendered":"<p><strong>HOROSKOPI<\/strong>: Dashi, Akrepi, Virgj\u00ebresha<br \/>\n<strong>\u00c7AKRA<\/strong>: Rr\u00ebnja, sakrale<\/p>\n<p>Ky gur specifik njihet p\u00ebr inkurajimin e ndershm\u00ebris\u00eb dhe ju b\u00ebn t&#8217;i shihni gj\u00ebrat m\u00eb qart\u00eb.<\/p>\n<p><strong><em><br \/>\nSh\u00ebrimi shpirt\u00ebror:<\/em><\/strong><\/p>\n<p>Guri i r\u00ebr\u00ebs s\u00eb kuqe p\u00ebrshtatet me frekuenc\u00ebn e drejt\u00ebsis\u00eb dhe ofron ndihm\u00eb p\u00ebr k\u00ebdo q\u00eb p\u00ebrpiqet t\u00eb korrigjoj\u00eb nj\u00eb situat\u00eb t\u00eb padrejt\u00eb.<\/p>\n<p>Ai ofron nj\u00eb pasqyr\u00eb n\u00eb m\u00ebnyr\u00ebn m\u00eb t\u00eb mire p\u00ebr problemet qe do ju kanosen n\u00eb t\u00eb ardhmen qe jut \u00eb mund n\u00eb form\u00eb t\u00eb mire t\u2019ju shmangeni atyre.<\/p>\n<p><strong><br \/>\n<em>Sh\u00ebrimi fizik:<\/em><\/strong><\/p>\n<p>P\u00ebr shkak t\u00eb aft\u00ebsis\u00eb s\u00eb tij p\u00ebr t\u00eb ndihmuar n\u00eb gjenerimin e indeve t\u00eb muskujve, ky kristal mund t\u00eb jet\u00eb i dobish\u00ebm n\u00eb ngritjen e peshave dhe nd\u00ebrtimin e trupit, dhe p\u00ebr t\u00eb rritur efektet e ushtrimeve.<\/p>\n<p>Zbut epilepsin\u00eb, dhe gjithashtu mund t\u00eb p\u00ebrdoret p\u00ebr t\u00eb trajtuar humbjen shqisore t\u00eb nuhatjes.<\/p>\n<p>Gur i r\u00ebr\u00ebs i kuq forcon zemr\u00ebn dhe p\u00ebrmir\u00ebson qarkullimin, dhe mund t\u00eb jet\u00eb i dobish\u00ebm n\u00eb trajtimin e anemis\u00eb, rraskapitjes dhe s\u00ebmundjeve t\u00eb zemr\u00ebs.<\/p>\n<p><strong><br \/>\n<em>Sh\u00ebrimi emocional:<\/em><\/strong><\/p>\n<p>Guri i r\u00ebr\u00ebs s\u00eb kuqe \u00ebsht\u00eb nj\u00eb kujtes\u00eb e ndritshme, e prekshme dhe nj\u00eb nd\u00ebrtues i madh besimi.<\/p>\n<p>Mund t\u00eb riaktivizoj\u00eb nj\u00eb pasion p\u00ebr t\u00eb jetuar kur dikush ndihet i kalt\u00ebr ose joemocional, apatik ose i vdekur shpirt\u00ebrisht.<\/p>\n<p><strong><br \/>\n<em>Pastroni dhe rimbushni:<\/em><\/strong><\/p>\n<p>M\u00ebnyra m\u00eb e leht\u00eb p\u00ebr t\u00eb pastruar gurin tuaj \u00ebsht\u00eb larja n\u00ebn uj\u00eb t\u00eb vak\u00ebt p\u00ebr 3-5 minuta.<\/p>\n<p>Rimbushja: Kaloni gur ranor t\u00eb kuq p\u00ebrmes flak\u00ebs s\u00eb nj\u00eb qiri t\u00eb kuq.<\/p>\n","protected":false},"excerpt":{"rendered":"<p>HOROSKOPI: Dashi, Akrepi, Virgj\u00ebresha \u00c7AKRA: Rr\u00ebnja, sakrale Ky gur specifik njihet p\u00ebr inkurajimin e ndershm\u00ebris\u00eb dhe ju b\u00ebn t&#8217;i shihni gj\u00ebrat m\u00eb qart\u00eb. Sh\u00ebrimi shpirt\u00ebror: Guri<span class=\"excerpt-hellip\"> [\u2026]<\/span><\/p>\n","protected":false},"featured_media":13300,"comment_status":"open","ping_status":"closed","template":"","meta":[],"product_brand":[],"product_cat":[2377,2292,2405,2372,2358,2323,2303,2310,2845,2395,2359,2368,2352,2396,2304,2404],"product_tag":[],"class_list":{"0":"post-13338","1":"product","2":"type-product","3":"status-publish","4":"has-post-thumbnail","6":"product_cat-ari","7":"product_cat-crystal-jewelry-sq","8":"product_cat-blej-sipas","9":"product_cat-blej-sipas-ngjyres","10":"product_cat-force-stabilitet","11":"product_cat-gur-rrere-ari","12":"product_cat-kurora","13":"product_cat-llojet-e-gurve-te-cmuar","14":"product_cat-lule","15":"product_cat-pendant-sq","16":"product_cat-shenjat-e-horoskopit","17":"product_cat-shigjetari","18":"product_cat-qellim","19":"product_cat-varese-e-gdhendur","20":"product_cat-zemra","21":"product_cat-zona-e-cakres","23":"first","24":"instock","25":"shipping-taxable","26":"purchasable","27":"product-type-simple"},"_links":{"self":[{"href":"https:\/\/tinacrystals.com\/sq\/wp-json\/wp\/v2\/product\/13338","targetHints":{"allow":["GET"]}}],"collection":[{"href":"https:\/\/tinacrystals.com\/sq\/wp-json\/wp\/v2\/product"}],"about":[{"href":"https:\/\/tinacrystals.com\/sq\/wp-json\/wp\/v2\/types\/product"}],"replies":[{"embeddable":true,"href":"https:\/\/tinacrystals.com\/sq\/wp-json\/wp\/v2\/comments?post=13338"}],"wp:featuredmedia":[{"embeddable":true,"href":"https:\/\/tinacrystals.com\/sq\/wp-json\/wp\/v2\/media\/13300"}],"wp:attachment":[{"href":"https:\/\/tinacrystals.com\/sq\/wp-json\/wp\/v2\/media?parent=13338"}],"wp:term":[{"taxonomy":"product_brand","embeddable":true,"href":"https:\/\/tinacrystals.com\/sq\/wp-json\/wp\/v2\/product_brand?post=13338"},{"taxonomy":"product_cat","embeddable":true,"href":"https:\/\/tinacrystals.com\/sq\/wp-json\/wp\/v2\/product_cat?post=13338"},{"taxonomy":"product_tag","embeddable":true,"href":"https:\/\/tinacrystals.com\/sq\/wp-json\/wp\/v2\/product_tag?post=13338"}],"curies":[{"name":"wp","href":"https:\/\/api.w.org\/{rel}","templated":true}]}}