{"id":13413,"date":"2022-03-08T14:47:41","date_gmt":"2022-03-08T13:47:44","guid":{"rendered":"http:\/\/tinacrystals.com\/?post_type=product&#038;p=13413"},"modified":"2022-03-08T14:52:29","modified_gmt":"2022-03-08T13:52:29","slug":"druzi-blu-terfil-copy","status":"publish","type":"product","link":"https:\/\/tinacrystals.com\/sq\/product\/druzi-blu-terfil-copy\/","title":{"rendered":"Druzi Blu"},"content":{"rendered":"<p>Horoskopi: Virgj\u00ebresha, Peshorja<br \/>\n\u00c7akra: Syri Tret\u00eb, Fyti<\/p>\n<p>&nbsp;<\/p>\n<p>Nj\u00eb mineral shum\u00ebngjyr\u00ebsh q\u00eb besohet se shfaq efektin vezullues t\u00eb kristaleve t\u00eb vogla, identifikohet si Druzy.<\/p>\n<p>Druzy ose nganj\u00ebher\u00eb referuar drusy, druse, ose druze ose kuarci aura \u00ebsht\u00eb m\u00eb i njohur si versionet e agatit dhe kuarcit.<\/p>\n<p>&nbsp;<\/p>\n<p><strong><em>Sh\u00ebrimi shpirt\u00ebror:<\/em><\/strong><\/p>\n<p>Druzy njihet si nj\u00eb udh\u00ebrr\u00ebfyes p\u00ebr nj\u00eb shpirt q\u00eb ndihmon transportuesin e tij t\u00eb arrij\u00eb destinacionet shpirt\u00ebrore duke p\u00ebrjetuar hyjnoren si dhe duke kujtuar jet\u00ebn e kaluar. L\u00ebkundjet e fuqishme t\u00eb k\u00ebsaj cop\u00ebze karizmatike besohet se qart\u00ebsojn\u00eb kanalet p\u00ebrmes t\u00eb cilave mesazhet hyjnore kalojn\u00eb andej-k\u00ebtej nga bart\u00ebsi i saj te fuqit\u00eb m\u00eb t\u00eb larta shpirt\u00ebrore. M\u00eb tej dihet se siguron \u00e7el\u00ebsin e brav\u00ebs q\u00eb t\u00eb \u00e7on n\u00eb port\u00ebn e sht\u00ebpis\u00eb hyjnore. Druzi do ju ndihmoj\u00eb t\u00eb dekodoni informacione shpirt\u00ebror q\u00eb \u00ebsht\u00eb i koduar nga forcat shpirt\u00ebrore. \u00cbsht\u00eb shum\u00eb e njohur p\u00ebr t\u00eb kuptuar forc\u00ebn e men\u00e7uris\u00eb t\u00eb ngulitur n\u00eb bot\u00ebn tjet\u00ebr.<\/p>\n<p>&nbsp;<\/p>\n<p><strong><em>Sh\u00ebrimi fizik:<\/em><\/strong><\/p>\n<p>Druzy konsiderohet t\u00eb ngrej\u00eb aspektet fizike, vizuale t\u00eb bart\u00ebsit t\u00eb tij duke ndrequr kockat dhe k\u00ebrcet p\u00ebr t\u00eb p\u00ebrmir\u00ebsuar q\u00ebndrimin e bustit fizik. \u00cbsht\u00eb shum\u00eb i njohur p\u00ebr t\u00eb kuruar dh\u00ebmb\u00ebt s\u00eb bashku me subjektet ky\u00e7e. M\u00eb tej pranohet se ndihmon bart\u00ebsin e saj n\u00eb ushqimin e sh\u00ebndetsh\u00ebm, i cili nga ana tjet\u00ebr funksionon p\u00ebr t\u00eb hequr qafe toksinat nga busti fizik. P\u00ebr m\u00eb tep\u00ebr, festohet p\u00ebr t\u00eb ushqyer shkall\u00ebn metabolike t\u00eb bustit, gj\u00eb q\u00eb ndihmon m\u00eb tej n\u00eb p\u00ebrmir\u00ebsimin, si dhe mobilizimin e energjive t\u00eb rezervuara t\u00eb trupit. Ai gjithashtu nxit funksionimin e sistemit endokrin.<\/p>\n<p>&nbsp;<\/p>\n<p><strong><em>Sh\u00ebrimi emocional:<\/em><\/strong><\/p>\n<p>Druzy tradicionalisht p\u00ebrdoret p\u00ebr t\u00eb rr\u00ebnjosur shpres\u00ebn s\u00eb bashku me optimizmin. \u00cbsht\u00eb quajtur p\u00ebr t\u00eb shmangur ng\u00ebr\u00e7et e vjetra q\u00eb mund t\u00eb rrethojn\u00eb kufijt\u00eb e pranimit. P\u00ebr m\u00eb tep\u00ebr dihet se sjell begati n\u00eb zgjedh\u00ebn e jet\u00ebs e cila nga ana tjet\u00ebr ndihmon transportuesin e saj t\u00eb kap\u00ebrcej\u00eb shqet\u00ebsimet. \u00cbsht\u00eb shum\u00eb e njohur p\u00ebr t\u00eb fshir\u00eb pesimizmin q\u00eb bllokon energjin\u00eb e mendimeve pozitive dhe krijuese. Druzy \u00ebsht\u00eb nj\u00eb cop\u00ebz e mrrekullueshme q\u00eb motivon bart\u00ebsin e saj p\u00ebr t\u00eb arritur q\u00ebllimin me sukses. Thelbi qet\u00ebsues i k\u00ebsaj cop\u00ebze xhevahiri n\u00eb bustin e bart\u00ebsit do ta ndihmoj\u00eb at\u00eb t\u00eb fshij\u00eb stresin emocional, dhe negativitetin p\u00ebrreth.<\/p>\n<p>&nbsp;<\/p>\n<p><strong><em>Pastroni dhe rimbushni:<\/em><\/strong><\/p>\n<p>&nbsp;<\/p>\n<p>Vendosini ato n\u00ebn h\u00ebn\u00ebn e plot\u00eb p\u00ebr 24 or\u00eb ose lidhini me t\u00eb shpirt\u00ebrisht dhe gjithashtu mund ta \u00a0zhytni n\u00eb krip\u00eb p\u00ebr disa minuta.<\/p>\n","protected":false},"excerpt":{"rendered":"<p>Ky produkt \u00ebsht\u00eb natyral dhe secili \u00ebshte unik n\u00eb form\u00eb dhe ngjyr\u00eb<\/p>\n<p>Shijojeni Druzin tuaj \ud83d\ude42<\/p>\n","protected":false},"featured_media":13352,"comment_status":"open","ping_status":"closed","template":"","meta":[],"product_brand":[],"product_cat":[2292,2405,2372,2374,2408,2832,2419,2416,2309,2310,2353,2366,2395,2359,2352,2308,2371,2404],"product_tag":[],"class_list":{"0":"post-13413","1":"product","2":"type-product","3":"status-publish","4":"has-post-thumbnail","6":"product_cat-crystal-jewelry-sq","7":"product_cat-blej-sipas","8":"product_cat-blej-sipas-ngjyres","9":"product_cat-blu","10":"product_cat-druzi","11":"product_cat-druzi-sq","12":"product_cat-druzi-lot","13":"product_cat-druzi-rreth-oval","14":"product_cat-fyti","15":"product_cat-llojet-e-gurve-te-cmuar","16":"product_cat-lumturi-vetebesim","17":"product_cat-peshorja","18":"product_cat-pendant-sq","19":"product_cat-shenjat-e-horoskopit","20":"product_cat-qellim","21":"product_cat-syri-i-trete","22":"product_cat-virgjersha","23":"product_cat-zona-e-cakres","25":"first","26":"instock","27":"shipping-taxable","28":"purchasable","29":"product-type-simple"},"_links":{"self":[{"href":"https:\/\/tinacrystals.com\/sq\/wp-json\/wp\/v2\/product\/13413","targetHints":{"allow":["GET"]}}],"collection":[{"href":"https:\/\/tinacrystals.com\/sq\/wp-json\/wp\/v2\/product"}],"about":[{"href":"https:\/\/tinacrystals.com\/sq\/wp-json\/wp\/v2\/types\/product"}],"replies":[{"embeddable":true,"href":"https:\/\/tinacrystals.com\/sq\/wp-json\/wp\/v2\/comments?post=13413"}],"wp:featuredmedia":[{"embeddable":true,"href":"https:\/\/tinacrystals.com\/sq\/wp-json\/wp\/v2\/media\/13352"}],"wp:attachment":[{"href":"https:\/\/tinacrystals.com\/sq\/wp-json\/wp\/v2\/media?parent=13413"}],"wp:term":[{"taxonomy":"product_brand","embeddable":true,"href":"https:\/\/tinacrystals.com\/sq\/wp-json\/wp\/v2\/product_brand?post=13413"},{"taxonomy":"product_cat","embeddable":true,"href":"https:\/\/tinacrystals.com\/sq\/wp-json\/wp\/v2\/product_cat?post=13413"},{"taxonomy":"product_tag","embeddable":true,"href":"https:\/\/tinacrystals.com\/sq\/wp-json\/wp\/v2\/product_tag?post=13413"}],"curies":[{"name":"wp","href":"https:\/\/api.w.org\/{rel}","templated":true}]}}