{"id":13549,"date":"2022-03-11T10:17:14","date_gmt":"2022-03-11T09:19:05","guid":{"rendered":"http:\/\/tinacrystals.com\/?post_type=product&#038;p=13549"},"modified":"2022-06-09T08:58:28","modified_gmt":"2022-06-09T06:58:28","slug":"zhad-malesian-zemer","status":"publish","type":"product","link":"https:\/\/tinacrystals.com\/sq\/product\/zhad-malesian-zemer\/","title":{"rendered":"Zhad Malesian Zem\u00ebr"},"content":{"rendered":"<p><strong>HOROSKOPI<\/strong>: T\u00eb gjitha<br \/>\n<strong>CHAKRA<\/strong>: Zem\u00ebr<\/p>\n<p>Ngjyra e Zhades Malesiane besohet se ka ndikim n\u00eb vetit\u00eb metafizike.<\/p>\n<p><strong><br \/>\n<em>Sh\u00ebrimi shpirt\u00ebror:<\/em><\/strong><\/p>\n<p>Do t&#8217;ju sjell\u00eb g\u00ebzim dhe harmoni n\u00ebse e vendosni ose e keni pran\u00eb. Gjithashtu do t&#8217;ju sjell\u00eb ndjenja pozitive.<\/p>\n<p>Do t&#8217;ju sh\u00ebroj\u00eb shpirtin nga mendimet negative dhe do t&#8217;ju ndihmoj\u00eb t\u00eb jeni m\u00eb t\u00eb qet\u00eb p\u00ebr situata t\u00eb ndryshme q\u00eb mund t\u00eb ju ndodhin.<\/p>\n<p><strong><br \/>\n<em>Sh\u00ebrimi fizik:<\/em><\/strong><\/p>\n<p>Zhadja Malesiane \u00ebsht\u00eb n\u00eb gjendje t\u00eb ndihmoj\u00eb n\u00eb zbutjen e simptomave t\u00eb problemeve t\u00eb lidhura me tiroidet dhe shpretk\u00ebn, si dhe problemet e tretjes.<\/p>\n<p>Gjithashtu ndihmon n\u00eb sh\u00ebrimin e lodhjes kronike, si dhe n\u00eb rritjen e kapaciteteve t\u00eb p\u00ebrgjithshme njoh\u00ebse dhe frym\u00ebzimit krijues.<\/p>\n<p><strong><br \/>\n<em>Sh\u00ebrimi emocional:<\/em><\/strong><\/p>\n<p>Malesian Zhade \u00ebsht\u00eb mb\u00ebshtet\u00ebs i mire i trupit tuaj p\u00ebr t\u00eb krijuar nj\u00eb version t\u00eb tuajin me m\u00eb shum\u00eb vet\u00ebbesim.<\/p>\n<p>Kristali do ju nxis q\u00eb t\u00eb pajiseni me urt\u00ebsi m\u00eb t\u00eb thell\u00eb, duke ju lejuar k\u00ebshtu q\u00eb t\u00eb jetoni nj\u00eb ekzistenc\u00eb t\u00eb qet\u00eb dhe t\u00eb jetoni momentin.<\/p>\n<p><strong><br \/>\n<em>Pastroni dhe rimbushni:<\/em><\/strong><\/p>\n<p>M\u00ebnyra m\u00eb e mir\u00eb p\u00ebr pastrimin e k\u00ebtij guri \u00ebsht\u00eb nj\u00eb uj\u00eb i ngroht\u00eb me sapun dhe nj\u00eb leck\u00eb ose fur\u00e7\u00eb e but\u00eb p\u00ebr t\u00eb eleminuar papast\u00ebrtit\u00eb. P\u00ebr ta rimbushur vendosi nen drit\u00ebn e h\u00ebn\u00ebs gjat\u00eb nat\u00ebs.<\/p>\n","protected":false},"excerpt":{"rendered":"<p>Dimenzioni 20x20mm<\/p>\n","protected":false},"featured_media":13511,"comment_status":"open","ping_status":"closed","template":"","meta":[],"product_brand":[],"product_cat":[2369,2364,2292,2405,2372,2363,2361,2370,2429,2362,2379,2310,2365,2353,2366,2367,2395,2359,2368,2352,2360,2371,2326,2666,2304,2404],"product_tag":[],"class_list":{"0":"post-13549","1":"product","2":"type-product","3":"status-publish","4":"has-post-thumbnail","6":"product_cat-akrepi-sq","7":"product_cat-binjaket","8":"product_cat-crystal-jewelry-sq","9":"product_cat-blej-sipas","10":"product_cat-blej-sipas-ngjyres","11":"product_cat-bricjapi","12":"product_cat-dashi","13":"product_cat-demi","14":"product_cat-format","15":"product_cat-gaforrja","16":"product_cat-gjelbert","17":"product_cat-llojet-e-gurve-te-cmuar","18":"product_cat-luani","19":"product_cat-lumturi-vetebesim","20":"product_cat-peshorja","21":"product_cat-peshqit","22":"product_cat-pendant-sq","23":"product_cat-shenjat-e-horoskopit","24":"product_cat-shigjetari","25":"product_cat-qellim","26":"product_cat-ujori","27":"product_cat-virgjersha","28":"product_cat-xhade","29":"product_cat-zemra-sq","30":"product_cat-zemra","31":"product_cat-zona-e-cakres","33":"first","34":"outofstock","35":"shipping-taxable","36":"purchasable","37":"product-type-simple"},"_links":{"self":[{"href":"https:\/\/tinacrystals.com\/sq\/wp-json\/wp\/v2\/product\/13549","targetHints":{"allow":["GET"]}}],"collection":[{"href":"https:\/\/tinacrystals.com\/sq\/wp-json\/wp\/v2\/product"}],"about":[{"href":"https:\/\/tinacrystals.com\/sq\/wp-json\/wp\/v2\/types\/product"}],"replies":[{"embeddable":true,"href":"https:\/\/tinacrystals.com\/sq\/wp-json\/wp\/v2\/comments?post=13549"}],"wp:featuredmedia":[{"embeddable":true,"href":"https:\/\/tinacrystals.com\/sq\/wp-json\/wp\/v2\/media\/13511"}],"wp:attachment":[{"href":"https:\/\/tinacrystals.com\/sq\/wp-json\/wp\/v2\/media?parent=13549"}],"wp:term":[{"taxonomy":"product_brand","embeddable":true,"href":"https:\/\/tinacrystals.com\/sq\/wp-json\/wp\/v2\/product_brand?post=13549"},{"taxonomy":"product_cat","embeddable":true,"href":"https:\/\/tinacrystals.com\/sq\/wp-json\/wp\/v2\/product_cat?post=13549"},{"taxonomy":"product_tag","embeddable":true,"href":"https:\/\/tinacrystals.com\/sq\/wp-json\/wp\/v2\/product_tag?post=13549"}],"curies":[{"name":"wp","href":"https:\/\/api.w.org\/{rel}","templated":true}]}}