{"id":13564,"date":"2022-03-11T14:28:38","date_gmt":"2022-03-11T13:30:01","guid":{"rendered":"http:\/\/tinacrystals.com\/?post_type=product&#038;p=13564"},"modified":"2022-06-09T08:58:38","modified_gmt":"2022-06-09T06:58:38","slug":"agati-gri-zemer","status":"publish","type":"product","link":"https:\/\/tinacrystals.com\/sq\/product\/agati-gri-zemer\/","title":{"rendered":"Agati Gri Zem\u00ebr"},"content":{"rendered":"<p><strong>HOROSKOPI<\/strong>: Binjak\u00ebt<br \/>\n<strong>\u00c7AKRA<\/strong>: Kuror\u00eb<\/p>\n<p>Agat do t\u00eb thot\u00eb sh\u00ebrim dhe tok\u00ebzim.<\/p>\n<p><strong><em><br \/>\nSh\u00ebrimi shpirt\u00ebror:<\/em><\/strong><\/p>\n<p>Agati ngre vet\u00ebdijen tuaj, dhe ju mund\u00ebson ta kuptoni jet\u00ebn tuaj.<\/p>\n<p>Ai inkurajon soditjen e qet\u00eb t\u00eb p\u00ebrvojave tuaja t\u00eb jet\u00ebs q\u00eb \u00e7ojn\u00eb n\u00eb rritje shpirt\u00ebrore dhe stabilitet t\u00eb brendsh\u00ebm.<\/p>\n<p><strong><em><br \/>\nSh\u00ebrimi fizik:<\/em><\/strong><\/p>\n<p>P\u00ebr ata q\u00eb luftojn\u00eb nga problemet e stomakut dhe problemet e tretjes, agati mund t\u00eb jet\u00eb kristali sh\u00ebrues q\u00eb ju nevojitet p\u00ebr t\u00eb b\u00ebr\u00eb m\u00eb funksionale jet\u00ebn tuaj funksionuar.<\/p>\n<p>Mbajtja e nj\u00eb agati n\u00eb mes t\u00eb gjoksit forcon muskujt e zemr\u00ebs dhe sh\u00ebron disharmonin\u00eb emocionale q\u00eb pengon pranimin e dashuris\u00eb.<\/p>\n<p><strong><em><br \/>\nSh\u00ebrimi emocional:<\/em><\/strong><\/p>\n<p>Agati ju b\u00ebn m\u00eb t\u00eb vendosur n\u00eb jet\u00ebn reale dhe ju siguron q\u00eb t\u00eb q\u00ebndroni t\u00eb ekuilibruar n\u00eb t\u00eb menduarit.<\/p>\n<p>Agati mund t&#8217;ju inkurajoj\u00eb t\u00eb p\u00ebrdorni pusin tuaj t\u00eb thell\u00eb t\u00eb intuit\u00ebs, t\u00eb lidheni me ndjenj\u00ebn tuaj t\u00eb njohurive dhe t\u00eb k\u00ebrkoni nga brenda p\u00ebr p\u00ebrgjigjet q\u00eb hulumtoni dhe mos perdorni njohuri nga persona t\u00eb jasht\u00ebm forcat e jasht.<\/p>\n<p><strong><em><br \/>\nPastroni dhe rimbushni:<\/em><\/strong><\/p>\n<p>Ju mund ta pastroni gurin leht\u00ebsisht duke p\u00ebrdorur uj\u00eb t\u00eb ngroht\u00eb me sapun dhe nj\u00eb leck\u00eb t\u00eb but\u00eb. Shmangni kimikatet e forta gjat\u00eb pastrimit t\u00eb gurit.<\/p>\n<p>Ju mund ta rimbusni gurin me tym sherebele ose thjesht duke e mbajtur n\u00eb dor\u00eb dhe duke th\u00ebn\u00eb pohime pozitive drejt kristalit.<\/p>\n","protected":false},"excerpt":{"rendered":"<p>Dimenzioni 20x20mm<\/p>\n","protected":false},"featured_media":13499,"comment_status":"open","ping_status":"closed","template":"","meta":[],"product_brand":[],"product_cat":[2401,2364,2292,2405,2372,2358,2429,2378,2303,2310,2395,2359,2352,2666,2404],"product_tag":[],"class_list":{"0":"post-13564","1":"product","2":"type-product","3":"status-publish","4":"has-post-thumbnail","6":"product_cat-agate-sq","7":"product_cat-binjaket","8":"product_cat-crystal-jewelry-sq","9":"product_cat-blej-sipas","10":"product_cat-blej-sipas-ngjyres","11":"product_cat-force-stabilitet","12":"product_cat-format","13":"product_cat-gri","14":"product_cat-kurora","15":"product_cat-llojet-e-gurve-te-cmuar","16":"product_cat-pendant-sq","17":"product_cat-shenjat-e-horoskopit","18":"product_cat-qellim","19":"product_cat-zemra-sq","20":"product_cat-zona-e-cakres","22":"first","23":"instock","24":"shipping-taxable","25":"purchasable","26":"product-type-simple"},"_links":{"self":[{"href":"https:\/\/tinacrystals.com\/sq\/wp-json\/wp\/v2\/product\/13564","targetHints":{"allow":["GET"]}}],"collection":[{"href":"https:\/\/tinacrystals.com\/sq\/wp-json\/wp\/v2\/product"}],"about":[{"href":"https:\/\/tinacrystals.com\/sq\/wp-json\/wp\/v2\/types\/product"}],"replies":[{"embeddable":true,"href":"https:\/\/tinacrystals.com\/sq\/wp-json\/wp\/v2\/comments?post=13564"}],"wp:featuredmedia":[{"embeddable":true,"href":"https:\/\/tinacrystals.com\/sq\/wp-json\/wp\/v2\/media\/13499"}],"wp:attachment":[{"href":"https:\/\/tinacrystals.com\/sq\/wp-json\/wp\/v2\/media?parent=13564"}],"wp:term":[{"taxonomy":"product_brand","embeddable":true,"href":"https:\/\/tinacrystals.com\/sq\/wp-json\/wp\/v2\/product_brand?post=13564"},{"taxonomy":"product_cat","embeddable":true,"href":"https:\/\/tinacrystals.com\/sq\/wp-json\/wp\/v2\/product_cat?post=13564"},{"taxonomy":"product_tag","embeddable":true,"href":"https:\/\/tinacrystals.com\/sq\/wp-json\/wp\/v2\/product_tag?post=13564"}],"curies":[{"name":"wp","href":"https:\/\/api.w.org\/{rel}","templated":true}]}}