{"id":13626,"date":"2022-03-11T23:02:58","date_gmt":"2022-03-11T22:05:12","guid":{"rendered":"http:\/\/tinacrystals.com\/?post_type=product&#038;p=13626"},"modified":"2022-07-07T11:12:22","modified_gmt":"2022-07-07T09:12:22","slug":"agat-i-bardhe-lot","status":"publish","type":"product","link":"https:\/\/tinacrystals.com\/sq\/product\/agat-i-bardhe-lot\/","title":{"rendered":"Agat i Bardh\u00eb Lot"},"content":{"rendered":"<p><strong>Zodiaku:<\/strong> Binjak\u00ebt<br \/>\n<strong>\u00c7akra:<\/strong> Kurora<\/p>\n<p>&nbsp;<\/p>\n<p>Agati i bardh\u00eb \u00ebsht\u00eb gur i ekuilibrit dhe \u00e7lirimit. Ajo vler\u00ebsohet me harmonizimin e an\u00ebve fem\u00ebrore dhe mashkullore t\u00eb nj\u00eb individi, duke ndihmuar trupin t\u00eb \u00e7liroj\u00eb toksinat dhe t\u00eb nd\u00ebrtoj\u00eb sistemin imunitar.<\/p>\n<p>&nbsp;<\/p>\n<p><strong><em>Sh\u00ebrimi shpirt\u00ebror:<\/em><\/strong><\/p>\n<p>&nbsp;<\/p>\n<p>Konsiderohet si nj\u00eb gur themeli q\u00eb \u00ebsht\u00eb n\u00eb gjendje t\u00eb sjell\u00eb shpirt\u00ebri n\u00eb jet\u00ebn tuaj, duke p\u00ebrmir\u00ebsuar funksionet mendore dhe t&#8217;ju ndihmoj\u00eb t\u00eb mendoni qart\u00eb, ve\u00e7an\u00ebrisht kur shqet\u00ebsoheni p\u00ebr disa \u00e7\u00ebshtje. Ngjyra e bardh\u00eb e gur\u00ebve t\u00eb \u00e7muar t\u00eb agatit lidhet me paqen, qet\u00ebsin\u00eb, past\u00ebrtin\u00eb dhe mbrojtjen.<\/p>\n<p>&nbsp;<\/p>\n<p><strong><em>Sh\u00ebrimi fizik:<\/em><\/strong><\/p>\n<p>Agati i bardh\u00eb \u00ebsht\u00eb i njohur p\u00ebr sh\u00ebrime e problemeve t\u00eb barkut, ndihmon n\u00eb dhimbjet e dh\u00ebmb\u00ebve dhe ndihmon n\u00eb sh\u00ebrimin e kushteve t\u00eb l\u00ebkur\u00ebs si psoriasis. Gjithashtu mund t\u00eb zvog\u00ebloj\u00eb ankthet gjat\u00eb nat\u00ebs dhe situatat stresuese gjat\u00eb dit\u00ebs. Vibrimet q\u00eb rrezatojn\u00eb prej saj do t&#8217;ju ndihmojn\u00eb t\u00eb ndiheni m\u00eb mir\u00eb duke e \u00e7liruar zemr\u00ebn tuaj nga \u00e7do zem\u00ebrim. Ndihmon gjithashtu me ndjenjat e hidh\u00ebrimit, ankthit dhe zhg\u00ebnjimit.<\/p>\n<p><strong><em><br \/>\nSh\u00ebrimi emocional:<\/em><\/strong><\/p>\n<p>Ky gur i \u00e7muar i bardh\u00eb do t&#8217;ju leht\u00ebsoj\u00eb mendjen. Vibrimet e tij t\u00eb buta do t&#8217;ju ndihmojn\u00eb t\u00eb ndiheni m\u00eb mir\u00eb, do t\u00eb leht\u00ebsojn\u00eb zemr\u00ebn tuaj nga zem\u00ebrimi, t\u00eb ndihmojn\u00eb me ankthin, zhg\u00ebnjimin, hidh\u00ebrimin, traumat emocionale dhe t\u00eb pastrojn\u00eb mendjen tuaj nga mendimet negative.<\/p>\n<p>&nbsp;<\/p>\n<p><strong><em>Pastroni dhe rimbushni:<\/em><\/strong><\/p>\n<p>Metoda m\u00eb e mir\u00eb \u00ebsht\u00eb t\u00eb shp\u00eblani agat\u00ebt n\u00eb uj\u00eb t\u00eb ngroht\u00eb me sapun dhe t\u00eb p\u00ebrdorni nj\u00eb fur\u00e7\u00eb t\u00eb but\u00eb p\u00ebr t\u00eb hequr \u00e7do pluhur ose mbeturin\u00eb shtes\u00eb.<\/p>\n<p>P\u00ebr ta rimbushur, l\u00ebreni t\u00eb lahet n\u00eb rrezet e h\u00ebn\u00ebs gjat\u00eb nat\u00ebs, n\u00eb nj\u00eb tas me uj\u00eb n\u00ebse d\u00ebshironi, dhe n\u00eb m\u00ebngjes do t\u00eb jet\u00eb i gjall\u00eb dhe i shk\u00eblqyesh\u00ebm me energji t\u00eb re.<\/p>\n","protected":false},"excerpt":{"rendered":"<p>Dimenzioni 25mmx18mm<\/p>\n","protected":false},"featured_media":13613,"comment_status":"open","ping_status":"closed","template":"","meta":[],"product_brand":[],"product_cat":[2401,2385,2364,2292,2405,2372,2355,2429,2303,2310,2669,2353,2395,2359,2352,2404],"product_tag":[],"class_list":{"0":"post-13626","1":"product","2":"type-product","3":"status-publish","4":"has-post-thumbnail","6":"product_cat-agate-sq","7":"product_cat-bardhe","8":"product_cat-binjaket","9":"product_cat-crystal-jewelry-sq","10":"product_cat-blej-sipas","11":"product_cat-blej-sipas-ngjyres","12":"product_cat-dashuri-harmoni","13":"product_cat-format","14":"product_cat-kurora","15":"product_cat-llojet-e-gurve-te-cmuar","16":"product_cat-lot","17":"product_cat-lumturi-vetebesim","18":"product_cat-pendant-sq","19":"product_cat-shenjat-e-horoskopit","20":"product_cat-qellim","21":"product_cat-zona-e-cakres","23":"first","24":"outofstock","25":"shipping-taxable","26":"purchasable","27":"product-type-simple"},"_links":{"self":[{"href":"https:\/\/tinacrystals.com\/sq\/wp-json\/wp\/v2\/product\/13626","targetHints":{"allow":["GET"]}}],"collection":[{"href":"https:\/\/tinacrystals.com\/sq\/wp-json\/wp\/v2\/product"}],"about":[{"href":"https:\/\/tinacrystals.com\/sq\/wp-json\/wp\/v2\/types\/product"}],"replies":[{"embeddable":true,"href":"https:\/\/tinacrystals.com\/sq\/wp-json\/wp\/v2\/comments?post=13626"}],"wp:featuredmedia":[{"embeddable":true,"href":"https:\/\/tinacrystals.com\/sq\/wp-json\/wp\/v2\/media\/13613"}],"wp:attachment":[{"href":"https:\/\/tinacrystals.com\/sq\/wp-json\/wp\/v2\/media?parent=13626"}],"wp:term":[{"taxonomy":"product_brand","embeddable":true,"href":"https:\/\/tinacrystals.com\/sq\/wp-json\/wp\/v2\/product_brand?post=13626"},{"taxonomy":"product_cat","embeddable":true,"href":"https:\/\/tinacrystals.com\/sq\/wp-json\/wp\/v2\/product_cat?post=13626"},{"taxonomy":"product_tag","embeddable":true,"href":"https:\/\/tinacrystals.com\/sq\/wp-json\/wp\/v2\/product_tag?post=13626"}],"curies":[{"name":"wp","href":"https:\/\/api.w.org\/{rel}","templated":true}]}}