{"id":13856,"date":"2022-03-14T11:08:45","date_gmt":"2022-03-14T10:08:48","guid":{"rendered":"http:\/\/tinacrystals.com\/?post_type=product&#038;p=13856"},"modified":"2022-05-10T14:28:47","modified_gmt":"2022-05-10T12:28:47","slug":"sodalit-irregullare-%d0%ba%d0%be%d0%bf%d0%b8%d1%98%d0%b0","status":"publish","type":"product","link":"https:\/\/tinacrystals.com\/sq\/product\/sodalit-irregullare-%d0%ba%d0%be%d0%bf%d0%b8%d1%98%d0%b0\/","title":{"rendered":"Sodalit i Pap\u00ebrpunuar"},"content":{"rendered":"<p><strong>HOROSKOPI<\/strong>: Shigjetari<br \/>\n<strong>CHAKRA:<\/strong> fyt, syri i tret\u00eb<\/p>\n<p><strong><em><br \/>\nSodaliti<\/em><\/strong> \u00ebsht\u00eb nj\u00eb nga gur\u00ebt m\u00eb i dendur dhe m\u00eb t\u00eb bazuar n\u00eb blu t\u00eb err\u00ebt dhe \u00ebsht\u00eb i p\u00ebrsosur p\u00ebr meditim dhe udh\u00ebtime t\u00eb gjata.<\/p>\n<p><strong><em><br \/>\nSh\u00ebrimi shpirt\u00ebror:<\/em><\/strong><\/p>\n<p>Sodaliti nxit t\u00eb menduarit e thell\u00eb dhe p\u00ebrmir\u00ebson intuit\u00ebn tuaj.<\/p>\n<p>Ajo promovon t\u00eb kuptuarit m\u00eb t\u00eb mir\u00eb dhe e lejon dik\u00eb q\u00eb t\u00eb &#8220;thot\u00eb t\u00eb v\u00ebrtet\u00ebn&#8221; dhe &#8220;t\u00eb njoh\u00eb t\u00eb v\u00ebrtet\u00ebn&#8221;.<\/p>\n<p><strong><em><br \/>\nSh\u00ebrimi fizik:<\/em><\/strong><\/p>\n<p>Sodaliti \u00ebsht\u00eb p\u00ebrdorur n\u00eb trajtimin e gj\u00ebndrave, dhe si nj\u00eb mjet pastrues p\u00ebr pastrimin e sistemit limfatik dhe organeve.<\/p>\n<p>Mund t\u00eb jet\u00eb gjithashtu i dobish\u00ebm n\u00eb trajtimin e fytit, kordave vokale dhe laringut, ve\u00e7an\u00ebrisht n\u00eb qet\u00ebsimin e z\u00ebrit dhe laringitit.<\/p>\n<p><strong><em>Sh\u00ebrimi emocional:<\/em><\/strong><\/p>\n<p>Ju ndihmon t\u00eb fitoni kontrollin e jet\u00ebs dhe ju inkurajon t\u00eb jeni m\u00eb t\u00eb sinqert\u00eb. \u00cbsht\u00eb gjithashtu i shk\u00eblqyesh\u00ebm p\u00ebr t\u00eb leht\u00ebsuar ankthin dhe sulmet e panikut.<\/p>\n<p>Krijon nj\u00eb mendje t\u00eb qart\u00eb t\u00eb hapur p\u00ebr t\u00eb gjetur paqen e brendshme.<\/p>\n<p><strong><em><br \/>\nPastroni dhe rimbushni:<\/em><\/strong><\/p>\n<p>Pastrimi \u00ebsht\u00eb m\u00eb i mir\u00eb duke e vendosur gurin n\u00eb drit\u00ebn e drejtp\u00ebrdrejt\u00eb t\u00eb h\u00ebn\u00ebs gjat\u00eb nat\u00ebs, gj\u00eb q\u00eb do t\u00eb ndihmoj\u00eb n\u00eb kthimin e ekuilibrit duke dh\u00ebn\u00eb nj\u00eb fuqi t\u00eb jasht\u00ebzakonshme.<\/p>\n<p>Rimbushja: L\u00ebreni pran\u00eb nj\u00eb bari aromatik p\u00ebr 24 or\u00eb.<\/p>\n","protected":false},"excerpt":{"rendered":"<p>Madh\u00ebsija: P\u00ebraf\u00ebrsisht 3-5 cm diamet\u00ebr<\/p>\n","protected":false},"featured_media":13834,"comment_status":"open","ping_status":"closed","template":"","meta":[],"product_brand":[],"product_cat":[2405,2372,2374,2293,2358,2309,2301,2310,2359,2368,2352,2347,2308,2855,2404],"product_tag":[],"class_list":{"0":"post-13856","1":"product","2":"type-product","3":"status-publish","4":"has-post-thumbnail","6":"product_cat-blej-sipas","7":"product_cat-blej-sipas-ngjyres","8":"product_cat-blu","9":"product_cat-decorations-sq","10":"product_cat-force-stabilitet","11":"product_cat-fyti","12":"product_cat-kristale-te-paperpunuar","13":"product_cat-llojet-e-gurve-te-cmuar","14":"product_cat-shenjat-e-horoskopit","15":"product_cat-shigjetari","16":"product_cat-qellim","17":"product_cat-sodalit","18":"product_cat-syri-i-trete","19":"product_cat-te-paperpunuar","20":"product_cat-zona-e-cakres","22":"first","23":"instock","24":"shipping-taxable","25":"purchasable","26":"product-type-simple"},"_links":{"self":[{"href":"https:\/\/tinacrystals.com\/sq\/wp-json\/wp\/v2\/product\/13856","targetHints":{"allow":["GET"]}}],"collection":[{"href":"https:\/\/tinacrystals.com\/sq\/wp-json\/wp\/v2\/product"}],"about":[{"href":"https:\/\/tinacrystals.com\/sq\/wp-json\/wp\/v2\/types\/product"}],"replies":[{"embeddable":true,"href":"https:\/\/tinacrystals.com\/sq\/wp-json\/wp\/v2\/comments?post=13856"}],"wp:featuredmedia":[{"embeddable":true,"href":"https:\/\/tinacrystals.com\/sq\/wp-json\/wp\/v2\/media\/13834"}],"wp:attachment":[{"href":"https:\/\/tinacrystals.com\/sq\/wp-json\/wp\/v2\/media?parent=13856"}],"wp:term":[{"taxonomy":"product_brand","embeddable":true,"href":"https:\/\/tinacrystals.com\/sq\/wp-json\/wp\/v2\/product_brand?post=13856"},{"taxonomy":"product_cat","embeddable":true,"href":"https:\/\/tinacrystals.com\/sq\/wp-json\/wp\/v2\/product_cat?post=13856"},{"taxonomy":"product_tag","embeddable":true,"href":"https:\/\/tinacrystals.com\/sq\/wp-json\/wp\/v2\/product_tag?post=13856"}],"curies":[{"name":"wp","href":"https:\/\/api.w.org\/{rel}","templated":true}]}}