{"id":13888,"date":"2022-03-14T13:09:23","date_gmt":"2022-03-14T12:09:27","guid":{"rendered":"http:\/\/tinacrystals.com\/?post_type=product&#038;p=13888"},"modified":"2022-05-10T14:23:47","modified_gmt":"2022-05-10T12:23:47","slug":"labradorite-byzylik-copy","status":"publish","type":"product","link":"https:\/\/tinacrystals.com\/sq\/product\/labradorite-byzylik-copy\/","title":{"rendered":"Labradorit i Pap\u00ebrpunuar"},"content":{"rendered":"<p><strong>HOROSKOPI<\/strong>: Demi, Luani, Akrepi, Shigjetari, Peshqit<br \/>\n<strong>CHAKRA<\/strong>: Syri i tret\u00eb, fyt<\/p>\n<p>Secili <strong><em>labradorit <\/em><\/strong>ka nj\u00eb bukuri unike q\u00eb t\u00ebrheq v\u00ebmendjen e t\u00eb gjith\u00ebve.<\/p>\n<p><strong><em>Sh\u00ebrimi shpirt\u00ebror:<\/em><\/strong><br \/>\nLabradoriti aktivizon imagjinat\u00ebn tuaj p\u00ebr t\u00eb krijuar ide t\u00eb reja, sjell qart\u00ebsi n\u00eb mendimet tuaja, sjell paqe,<br \/>\nzgjon lirin\u00eb dhe ekuilibrin.<br \/>\nKrijon nj\u00eb m\u00ebnyr\u00eb p\u00ebr t\u00eb komunikuar me vet\u00ebbesim dhe besim m\u00eb t\u00eb lart\u00eb.<\/p>\n<p><strong><em>Sh\u00ebrimi fizik:<\/em><\/strong><br \/>\nKy kristal ndihmon n\u00eb reduktimin e dhimbjeve fizike, ftohjes, koll\u00ebs, problemeve me frym\u00ebmarrjen,<br \/>\nmetabolizmit.<br \/>\nDo t\u00eb reduktoj\u00eb stresin, ankthin, depresionin ose tensionin.<\/p>\n<p><strong><em>Sh\u00ebrimi emocional:<\/em><\/strong><br \/>\nLabradoriti promovon vet\u00ebbesimin dhe vet\u00ebvler\u00ebsimin. Ajo rifiton energjin\u00eb tuaj nga brenda sip\u00ebrfaqes<br \/>\ndirekt n\u00eb vet\u00ebdijen tuaj t\u00eb brendshme.<br \/>\nNdihmon ata q\u00eb p\u00ebrjetojn\u00eb trauma, prishje emocionale dhe p\u00ebrb\u00ebhet nga fuqit\u00eb e rritjes s\u00eb energjis\u00eb p\u00ebr<br \/>\nt\u00eb dh\u00ebn\u00eb m\u00eb shum\u00eb forc\u00eb, kurajo, fokus dhe t\u00eb jen\u00eb t\u00eb orientuar drejt q\u00ebllimit.<\/p>\n<p><strong><em>Pastroni dhe rimbushni:<\/em><\/strong><br \/>\nKujdesi p\u00ebr kristalet tuaja \u00ebsht\u00eb nj\u00eb faktor ky\u00e7 n\u00eb m\u00ebnyr\u00ebn se si ato funksionojn\u00eb. Nj\u00eb nga m\u00ebnyrat m\u00eb t\u00eb<br \/>\nmira p\u00ebr t\u00eb pastruar Labradoritin \u00ebsht\u00eb ta mbani n\u00ebn uj\u00eb p\u00ebr disa minuta dhe ta lini t\u00eb pastroj\u00eb t\u00eb gjith\u00eb<br \/>\nenergjin\u00eb negative q\u00eb ka kristali. Pasi ta b\u00ebni k\u00ebt\u00eb, sigurohuni q\u00eb ta rimbushni n\u00ebn drit\u00ebn e h\u00ebn\u00ebs gjat\u00eb<br \/>\nnat\u00ebs ose p\u00ebr 2 net\u00eb me radh\u00eb.<\/p>\n","protected":false},"excerpt":{"rendered":"<p>Madh\u00ebsija: P\u00ebraf\u00ebrsisht 3-5 cm diamet\u00ebr<\/p>\n","protected":false},"featured_media":13807,"comment_status":"open","ping_status":"closed","template":"","meta":[],"product_brand":[],"product_cat":[2369,2385,2405,2372,2374,2293,2370,2309,2378,2375,2301,2303,2327,2310,2365,2357,2367,2354,2359,2368,2352,2308,2855,2386,2404],"product_tag":[],"class_list":{"0":"post-13888","1":"product","2":"type-product","3":"status-publish","4":"has-post-thumbnail","6":"product_cat-akrepi-sq","7":"product_cat-bardhe","8":"product_cat-blej-sipas","9":"product_cat-blej-sipas-ngjyres","10":"product_cat-blu","11":"product_cat-decorations-sq","12":"product_cat-demi","13":"product_cat-fyti","14":"product_cat-gri","15":"product_cat-kafte","16":"product_cat-kristale-te-paperpunuar","17":"product_cat-kurora","18":"product_cat-labradorite-sq","19":"product_cat-llojet-e-gurve-te-cmuar","20":"product_cat-luani","21":"product_cat-mbrotje-paqe","22":"product_cat-peshqit","23":"product_cat-shendet-balans","24":"product_cat-shenjat-e-horoskopit","25":"product_cat-shigjetari","26":"product_cat-qellim","27":"product_cat-syri-i-trete","28":"product_cat-te-paperpunuar","29":"product_cat-verdhe","30":"product_cat-zona-e-cakres","32":"first","33":"instock","34":"shipping-taxable","35":"purchasable","36":"product-type-simple"},"_links":{"self":[{"href":"https:\/\/tinacrystals.com\/sq\/wp-json\/wp\/v2\/product\/13888","targetHints":{"allow":["GET"]}}],"collection":[{"href":"https:\/\/tinacrystals.com\/sq\/wp-json\/wp\/v2\/product"}],"about":[{"href":"https:\/\/tinacrystals.com\/sq\/wp-json\/wp\/v2\/types\/product"}],"replies":[{"embeddable":true,"href":"https:\/\/tinacrystals.com\/sq\/wp-json\/wp\/v2\/comments?post=13888"}],"wp:featuredmedia":[{"embeddable":true,"href":"https:\/\/tinacrystals.com\/sq\/wp-json\/wp\/v2\/media\/13807"}],"wp:attachment":[{"href":"https:\/\/tinacrystals.com\/sq\/wp-json\/wp\/v2\/media?parent=13888"}],"wp:term":[{"taxonomy":"product_brand","embeddable":true,"href":"https:\/\/tinacrystals.com\/sq\/wp-json\/wp\/v2\/product_brand?post=13888"},{"taxonomy":"product_cat","embeddable":true,"href":"https:\/\/tinacrystals.com\/sq\/wp-json\/wp\/v2\/product_cat?post=13888"},{"taxonomy":"product_tag","embeddable":true,"href":"https:\/\/tinacrystals.com\/sq\/wp-json\/wp\/v2\/product_tag?post=13888"}],"curies":[{"name":"wp","href":"https:\/\/api.w.org\/{rel}","templated":true}]}}