{"id":13906,"date":"2022-03-14T13:27:34","date_gmt":"2022-03-14T12:27:39","guid":{"rendered":"http:\/\/tinacrystals.com\/?post_type=product&#038;p=13906"},"modified":"2022-05-10T14:23:39","modified_gmt":"2022-05-10T12:23:39","slug":"xhasperi-i-kuq-byzylik-copy","status":"publish","type":"product","link":"https:\/\/tinacrystals.com\/sq\/product\/xhasperi-i-kuq-byzylik-copy\/","title":{"rendered":"Jasper i Kuq i Pap\u00ebrpunuar"},"content":{"rendered":"<p><strong>Horoskopi:<\/strong> Dashi<br \/>\n<strong>\u00c7akra:<\/strong> Rr\u00ebnja<\/p>\n<p>Jasper i kuq \u00ebsht\u00eb nj\u00eb gur i lasht\u00eb me nj\u00eb histori t\u00eb gjat\u00eb sh\u00ebrimi. P\u00ebr shekuj me radh\u00eb \u00ebsht\u00eb konsideruar si nj\u00eb hajmali p\u00ebr magjistar\u00ebt, studiuesit dhe skrib\u00ebt. Ishte gjithashtu nj\u00eb gur i preferuar i luft\u00ebtar\u00ebve q\u00eb niseshin n\u00eb betej\u00eb.<\/p>\n<p>&nbsp;<\/p>\n<p><strong><em>Sh\u00ebrimi shpirt\u00ebror:<\/em><\/strong><\/p>\n<p>Jasper njihet si &#8220;ushqyesi suprem&#8221;. Ju mb\u00ebshtet gjat\u00eb koh\u00ebve t\u00eb stresit, dhe sjell qet\u00ebsi e harmoni n\u00eb jet\u00ebn tuaj. Jasper siguron mbrojtje dhe thith energji negative.<\/p>\n<p>&nbsp;<\/p>\n<p><strong><em>Sh\u00ebrimi fizik:<\/em><\/strong><\/p>\n<p>Jasperi i kuq \u00ebsht\u00eb i njohur p\u00ebr dobit\u00eb e tij sh\u00ebruese fizike, t\u00eb tilla si mbrojtja dhe pastrimi i juve dhe mjedisit tuaj nga \u00e7do ndotje elektromagnetike.<br \/>\n\u00cbsht\u00eb nj\u00eb gur i p\u00ebrsosur q\u00eb ju jep inkurajimin dhe motivimin p\u00ebr t\u00eb mbajtur hap\u00ebsir\u00ebn tuaj t\u00eb past\u00ebr dhe t\u00eb organizuar.<br \/>\nVetit\u00eb sh\u00ebruese t\u00eb Jasper-it t\u00eb Kuq gjithashtu ndihmojn\u00eb n\u00eb forcimin e sistemit tuaj imunitar kund\u00ebr \u00e7do s\u00ebmundjeje duke balancuar dhe stabilizuar energjin\u00eb tuaj.<\/p>\n<p>&nbsp;<\/p>\n<p><strong><em>Sh\u00ebrimi emocional:<\/em><\/strong><\/p>\n<p>Emocionalisht, Jasper i Kuq \u00ebsht\u00eb nj\u00eb nga gur\u00ebt me dobi dhe veti m\u00eb t\u00eb gj\u00ebra sh\u00ebruese n\u00eb aspektin emocionale.<\/p>\n<p>Duke inkurajuar sjellje t\u00eb dobishme dhe bujare, sigurisht q\u00eb do t\u00eb nxis\u00eb jet\u00ebn tuaj shoq\u00ebrore dhe do t&#8217;ju ndihmoj\u00eb t\u00eb shp\u00ebrndani energji pozitive.<\/p>\n<p>Nga ana tjet\u00ebr, do t&#8217;ju ndihmoj\u00eb gjithashtu t\u00eb forconi vullnetin tuaj dhe t\u00eb inkurajoj\u00eb nevoj\u00ebn tuaj p\u00ebr t\u00eb vendosur kufij personal\u00eb duke ju mbrojtur nga energjit\u00eb negative.<\/p>\n<p>&nbsp;<\/p>\n<p>Jasper i kuq do t&#8217;ju sjell\u00eb gjithashtu paqe mendore dhe do t&#8217;ju ndihmoj\u00eb t\u00eb q\u00ebndroni t\u00eb qet\u00eb gjat\u00eb gjith\u00eb dit\u00ebs. Ju ndihmon t\u00eb parandaloni dhe luftoni ankthin ose sulmet e panikut.<\/p>\n<p>&nbsp;<\/p>\n<p><strong><em>Pastrimi dhe rimbushja:<\/em><\/strong><\/p>\n<p>Jasperin e Kuq mund ta karikoni duke e vendosur n\u00eb prani t\u00eb kuarcit transparent dhe selenitit q\u00eb ajo t\u00eb rimbushet dhe t\u00eb funksionoj n\u00eb kapacitetin e saj m\u00eb maksimal.<br \/>\nM\u00ebnyra m\u00eb e leht\u00eb p\u00ebr t\u00eb pastruar Jasper-in tuaj t\u00eb Kuq \u00ebsht\u00eb ta fusni n\u00ebn uj\u00eb t\u00eb vak\u00ebt p\u00ebr disa minuta.<\/p>\n","protected":false},"excerpt":{"rendered":"<p>Madh\u00ebsija: P\u00ebraf\u00ebrsisht 3-5 cm diamet\u00ebr<\/p>\n","protected":false},"featured_media":13819,"comment_status":"open","ping_status":"closed","template":"","meta":[],"product_brand":[],"product_cat":[2405,2372,2361,2293,2342,2301,2384,2310,2353,2357,2305,2359,2352,2855,2404],"product_tag":[],"class_list":{"0":"post-13906","1":"product","2":"type-product","3":"status-publish","4":"has-post-thumbnail","6":"product_cat-blej-sipas","7":"product_cat-blej-sipas-ngjyres","8":"product_cat-dashi","9":"product_cat-decorations-sq","10":"product_cat-jasperi-kuq","11":"product_cat-kristale-te-paperpunuar","12":"product_cat-kuq","13":"product_cat-llojet-e-gurve-te-cmuar","14":"product_cat-lumturi-vetebesim","15":"product_cat-mbrotje-paqe","16":"product_cat-rrenja","17":"product_cat-shenjat-e-horoskopit","18":"product_cat-qellim","19":"product_cat-te-paperpunuar","20":"product_cat-zona-e-cakres","22":"first","23":"instock","24":"shipping-taxable","25":"purchasable","26":"product-type-simple"},"_links":{"self":[{"href":"https:\/\/tinacrystals.com\/sq\/wp-json\/wp\/v2\/product\/13906","targetHints":{"allow":["GET"]}}],"collection":[{"href":"https:\/\/tinacrystals.com\/sq\/wp-json\/wp\/v2\/product"}],"about":[{"href":"https:\/\/tinacrystals.com\/sq\/wp-json\/wp\/v2\/types\/product"}],"replies":[{"embeddable":true,"href":"https:\/\/tinacrystals.com\/sq\/wp-json\/wp\/v2\/comments?post=13906"}],"wp:featuredmedia":[{"embeddable":true,"href":"https:\/\/tinacrystals.com\/sq\/wp-json\/wp\/v2\/media\/13819"}],"wp:attachment":[{"href":"https:\/\/tinacrystals.com\/sq\/wp-json\/wp\/v2\/media?parent=13906"}],"wp:term":[{"taxonomy":"product_brand","embeddable":true,"href":"https:\/\/tinacrystals.com\/sq\/wp-json\/wp\/v2\/product_brand?post=13906"},{"taxonomy":"product_cat","embeddable":true,"href":"https:\/\/tinacrystals.com\/sq\/wp-json\/wp\/v2\/product_cat?post=13906"},{"taxonomy":"product_tag","embeddable":true,"href":"https:\/\/tinacrystals.com\/sq\/wp-json\/wp\/v2\/product_tag?post=13906"}],"curies":[{"name":"wp","href":"https:\/\/api.w.org\/{rel}","templated":true}]}}