{"id":13921,"date":"2022-03-14T14:20:18","date_gmt":"2022-03-14T13:20:20","guid":{"rendered":"http:\/\/tinacrystals.com\/?post_type=product&#038;p=13921"},"modified":"2022-05-10T14:23:23","modified_gmt":"2022-05-10T12:23:23","slug":"kuarci-tymosur-copy","status":"publish","type":"product","link":"https:\/\/tinacrystals.com\/sq\/product\/kuarci-tymosur-copy\/","title":{"rendered":"Kuarci Tymosur i Pap\u00ebrpunuar"},"content":{"rendered":"<p><strong>Kuarci\u00a0 Tymosur<\/strong><\/p>\n<p><span style=\"font-weight: 400;\">Si vet\u00eb emri, kristali duket sikur ka tym t\u00eb bllokuar brenda. Nj\u00eb nga gj\u00ebrat m\u00eb t\u00eb zakonshme n\u00eb t\u00eb cilat p\u00ebrdoret Smoky Quartz \u00ebsht\u00eb Feng Shui, nj\u00eb ritual p\u00ebr t\u00eb sjell\u00eb pozitivitet n\u00eb sht\u00ebpin\u00eb tuaj dhe n\u00eb ju. Do t\u00eb largoj\u00eb but\u00ebsisht ndjenjat tuaja negative dhe \u00e7do makth q\u00eb mund t\u00eb keni, duke i z\u00ebvend\u00ebsuar ato me atmosfer\u00eb pozitive dhe \u00ebndrra t\u00eb mira.<\/span><\/p>\n<p><span style=\"font-weight: 400;\">Kristali \u00ebsht\u00eb gjithashtu nj\u00eb sh\u00ebrues i shk\u00eblqyesh\u00ebm, si p\u00ebr zemrat e thyera ashtu edhe p\u00ebr s\u00ebmundjet, guri \u00ebsht\u00eb v\u00ebrtet i dobish\u00ebm. Mund t&#8217;ju ndihmoj\u00eb gjithashtu gjat\u00eb situatave q\u00eb mendja juaj \u00ebsht\u00eb v\u00ebrtet e lodhur dhe e mbushur me mendime t\u00eb panevojshme, kristali do t&#8217;i largoj\u00eb ato dhe do t&#8217;ju b\u00ebj\u00eb t\u00eb shihni gjith\u00e7ka qart\u00eb. Kjo do t\u00eb b\u00ebj\u00eb q\u00eb ju t\u00eb b\u00ebni zgjedhje m\u00eb t\u00eb mira dhe n\u00eb p\u00ebrgjith\u00ebsi t\u00eb jeni m\u00eb t\u00eb suksessh\u00ebm.<\/span><\/p>\n<p><b>\u00c7akra:<\/b><\/p>\n<p><span style=\"font-weight: 400;\">&#8211; Baza<\/span><\/p>\n<p><b>Horoskopi:<\/b><\/p>\n<p><span style=\"font-weight: 400;\">Sh\u00ebnim: Kristali lidhet me t\u00eb gjith\u00eb zodiak\u00ebt, por \u00ebsht\u00eb kryesisht efektiv me<\/span><\/p>\n<p><span style=\"font-weight: 400;\">-Akrepi<\/span><\/p>\n","protected":false},"excerpt":{"rendered":"<p>Madh\u00ebsija: P\u00ebraf\u00ebrsisht 3-5 cm diamet\u00ebr<\/p>\n","protected":false},"featured_media":13831,"comment_status":"open","ping_status":"closed","template":"","meta":[],"product_brand":[],"product_cat":[2369,2405,2372,2293,2373,2301,2824,2310,2357,2305,2359,2352,2855,2404],"product_tag":[],"class_list":{"0":"post-13921","1":"product","2":"type-product","3":"status-publish","4":"has-post-thumbnail","6":"product_cat-akrepi-sq","7":"product_cat-blej-sipas","8":"product_cat-blej-sipas-ngjyres","9":"product_cat-decorations-sq","10":"product_cat-e-zeze","11":"product_cat-kristale-te-paperpunuar","12":"product_cat-kuarci-turbullt","13":"product_cat-llojet-e-gurve-te-cmuar","14":"product_cat-mbrotje-paqe","15":"product_cat-rrenja","16":"product_cat-shenjat-e-horoskopit","17":"product_cat-qellim","18":"product_cat-te-paperpunuar","19":"product_cat-zona-e-cakres","21":"first","22":"instock","23":"shipping-taxable","24":"purchasable","25":"product-type-simple"},"_links":{"self":[{"href":"https:\/\/tinacrystals.com\/sq\/wp-json\/wp\/v2\/product\/13921","targetHints":{"allow":["GET"]}}],"collection":[{"href":"https:\/\/tinacrystals.com\/sq\/wp-json\/wp\/v2\/product"}],"about":[{"href":"https:\/\/tinacrystals.com\/sq\/wp-json\/wp\/v2\/types\/product"}],"replies":[{"embeddable":true,"href":"https:\/\/tinacrystals.com\/sq\/wp-json\/wp\/v2\/comments?post=13921"}],"wp:featuredmedia":[{"embeddable":true,"href":"https:\/\/tinacrystals.com\/sq\/wp-json\/wp\/v2\/media\/13831"}],"wp:attachment":[{"href":"https:\/\/tinacrystals.com\/sq\/wp-json\/wp\/v2\/media?parent=13921"}],"wp:term":[{"taxonomy":"product_brand","embeddable":true,"href":"https:\/\/tinacrystals.com\/sq\/wp-json\/wp\/v2\/product_brand?post=13921"},{"taxonomy":"product_cat","embeddable":true,"href":"https:\/\/tinacrystals.com\/sq\/wp-json\/wp\/v2\/product_cat?post=13921"},{"taxonomy":"product_tag","embeddable":true,"href":"https:\/\/tinacrystals.com\/sq\/wp-json\/wp\/v2\/product_tag?post=13921"}],"curies":[{"name":"wp","href":"https:\/\/api.w.org\/{rel}","templated":true}]}}