{"id":13924,"date":"2022-03-14T14:35:12","date_gmt":"2022-03-14T13:35:15","guid":{"rendered":"http:\/\/tinacrystals.com\/?post_type=product&#038;p=13924"},"modified":"2022-05-10T14:23:16","modified_gmt":"2022-05-10T12:23:16","slug":"kuarci-transparent-yll-copy","status":"publish","type":"product","link":"https:\/\/tinacrystals.com\/sq\/product\/kuarci-transparent-yll-copy\/","title":{"rendered":"Kuarci Transparent i Pap\u00ebrpunuar"},"content":{"rendered":"<p><strong>Horoskopi: <\/strong>T\u00eb gjitha<br \/>\n<strong>\u00c7akra:<\/strong> Kurora<\/p>\n<p><strong>\u00a0<\/strong><\/p>\n<p>Kuarci i tejdukshem njihet si sh\u00ebruesi kryesor. Thuhet se rrit men\u00e7urin\u00eb shpirt\u00ebrore.<\/p>\n<p>Mund t\u00eb p\u00ebrdoret p\u00ebr sh\u00ebrimin, meditimin, qart\u00ebsi, p\u00ebrqendrim, dashurin\u00eb, kuptimin e \u00ebndrrave, gjumin, rikujtimin e jet\u00ebs s\u00eb kaluar.<\/p>\n<p>T\u00eb m\u00ebson t\u00eb jetosh, t\u00eb qesh\u00ebsh dhe t\u00eb duash te gjith\u00eb njer\u00ebzimin.<\/p>\n<p><strong><em><br \/>\nSh\u00ebrimi shpirt\u00ebror:<\/em><\/strong><\/p>\n<p>Kuarci i tejdukshem sh\u00ebrben si nj\u00eb drit\u00eb udh\u00ebzuese p\u00ebr njeriun q\u00eb mban at\u00eb.<\/p>\n<p>\u00cbsht\u00eb nj\u00eb kristal tep\u00ebr me veti sh\u00ebruese. Kristali vepron si nj\u00eb pastrues p\u00ebr shpirtin, do t&#8217;ju b\u00ebj\u00eb t\u00eb ndiheni t\u00eb lir\u00eb nga situatat e kaluara q\u00eb keni pasur dhe do t&#8217;ju ndihmoj\u00eb t\u00eb hiqni negativitetin.<\/p>\n<p>\u00c7far\u00ebdo energjie negative q\u00eb t\u00eb sillni, kristali do t\u00eb aktivizohet dhe ndihmoj paversisht se ajo \u00ebsht\u00eb e qart\u00eb apo jo, apo n\u00ebse \u00ebsht\u00eb zemrim, huti etj.<\/p>\n<p><strong><br \/>\n<em>Sh\u00ebrimi fizik:<\/em><\/strong><\/p>\n<p>N\u00ebse kaloni nj\u00eb bot\u00eb me telashe dhe dhimbje, rekomandohet t\u00eb merrni pran\u00eb vetes k\u00ebt\u00eb kuarc t\u00eb tejdukshem.<\/p>\n<p>Sa her\u00eb q\u00eb zemra juaj \u00ebsht\u00eb e paq\u00ebndrueshme, Kuarci i tejdukshem d\u00ebshmon ndri\u00e7imin q\u00eb meriton.<\/p>\n<p>Ky kuarc i past\u00ebr \u00ebsht\u00eb tep\u00ebr sh\u00ebrues n\u00eb hap\u00ebsir\u00ebn emocionale dhe shpirt\u00ebrore, gjithashtu ju sjell nj\u00eb mori p\u00ebrfitimesh sh\u00ebndet\u00ebsore p\u00ebr ata q\u00eb d\u00ebshirojn\u00eb disa sh\u00ebrime fizike.<\/p>\n<p>Stimulon sistemin imunitar, duke nxitur metabolizmin tuaj dhe madje ju ndihmon n\u00eb \u00e7\u00ebshtjet e humbjes s\u00eb pesh\u00ebs.<\/p>\n<p><strong><br \/>\n<em>Sh\u00ebrimi emocional:<\/em><\/strong><\/p>\n<p>P\u00ebrfitimet sh\u00ebruese emocionale t\u00eb Kuarcit te tejdukshem lidhen me pastrimin e trupit emocional.<\/p>\n<p>Do t\u00eb ndjeni nj\u00eb ekuilib\u00ebr emocional pasi t\u00eb keni mbajtur k\u00ebt\u00eb kristal p\u00ebr periudha t\u00eb gjata kohore.<\/p>\n<p>Kuarci i tejdukshem stimulon ndjenja m\u00eb t\u00eb ndritshme dhe merr edhe nuancat m\u00eb t\u00eb vogla t\u00eb g\u00ebzimit dhe e kthen at\u00eb n\u00eb di\u00e7ka m\u00eb t\u00eb madhe se jeta n\u00ebse jeni t\u00eb gatsh\u00ebm ta lejoni.<\/p>\n<p>Ky kuarc i bukur fillon t\u00eb funksionoj\u00eb n\u00eb shpirt, nxjerr energjin\u00eb q\u00eb po ju t\u00ebrheq posht\u00eb dhe ju mbush me nj\u00eb sens t\u00eb ri q\u00ebllimi.<\/p>\n<p><strong><br \/>\n<em>Pastrimi dhe rimbushja:<\/em><\/strong><\/p>\n<p>N\u00ebse d\u00ebshironi q\u00eb kristali juaj t\u00eb kujdeset p\u00ebr ju, duhet t\u00eb kujdeseni edhe ju p\u00ebr t\u00eb! Duhet ta pastroni p\u00ebr t\u00eb ndjer\u00eb fuqit\u00eb e tij. Thjesht futeni n\u00ebn uj\u00eb p\u00ebr t\u00eb lar\u00eb \u00e7do papast\u00ebrti, m\u00eb pas p\u00ebrdorni nj\u00eb leck\u00eb t\u00eb but\u00eb p\u00ebr ta thar\u00eb.<\/p>\n<p>Dhe kur t\u00eb vij\u00eb h\u00ebna e plot\u00eb, vendoseni kristalin tuaj n\u00eb drit\u00ebn e hen\u00ebs p\u00ebr ta rimbushur at\u00eb.<\/p>\n","protected":false},"excerpt":{"rendered":"<p>Madh\u00ebsija: P\u00ebraf\u00ebrsisht 3-5 cm diamet\u00ebr<\/p>\n","protected":false},"featured_media":13801,"comment_status":"open","ping_status":"closed","template":"","meta":[],"product_brand":[],"product_cat":[2369,2385,2364,2372,2363,2361,2293,2370,2362,2301,2320,2303,2310,2365,2353,2357,2366,2367,2359,2368,2352,2855,2360,2371,2404],"product_tag":[],"class_list":{"0":"post-13924","1":"product","2":"type-product","3":"status-publish","4":"has-post-thumbnail","6":"product_cat-akrepi-sq","7":"product_cat-bardhe","8":"product_cat-binjaket","9":"product_cat-blej-sipas-ngjyres","10":"product_cat-bricjapi","11":"product_cat-dashi","12":"product_cat-decorations-sq","13":"product_cat-demi","14":"product_cat-gaforrja","15":"product_cat-kristale-te-paperpunuar","16":"product_cat-kuarc-i-tejdukshem","17":"product_cat-kurora","18":"product_cat-llojet-e-gurve-te-cmuar","19":"product_cat-luani","20":"product_cat-lumturi-vetebesim","21":"product_cat-mbrotje-paqe","22":"product_cat-peshorja","23":"product_cat-peshqit","24":"product_cat-shenjat-e-horoskopit","25":"product_cat-shigjetari","26":"product_cat-qellim","27":"product_cat-te-paperpunuar","28":"product_cat-ujori","29":"product_cat-virgjersha","30":"product_cat-zona-e-cakres","32":"first","33":"instock","34":"shipping-taxable","35":"purchasable","36":"product-type-simple"},"_links":{"self":[{"href":"https:\/\/tinacrystals.com\/sq\/wp-json\/wp\/v2\/product\/13924","targetHints":{"allow":["GET"]}}],"collection":[{"href":"https:\/\/tinacrystals.com\/sq\/wp-json\/wp\/v2\/product"}],"about":[{"href":"https:\/\/tinacrystals.com\/sq\/wp-json\/wp\/v2\/types\/product"}],"replies":[{"embeddable":true,"href":"https:\/\/tinacrystals.com\/sq\/wp-json\/wp\/v2\/comments?post=13924"}],"wp:featuredmedia":[{"embeddable":true,"href":"https:\/\/tinacrystals.com\/sq\/wp-json\/wp\/v2\/media\/13801"}],"wp:attachment":[{"href":"https:\/\/tinacrystals.com\/sq\/wp-json\/wp\/v2\/media?parent=13924"}],"wp:term":[{"taxonomy":"product_brand","embeddable":true,"href":"https:\/\/tinacrystals.com\/sq\/wp-json\/wp\/v2\/product_brand?post=13924"},{"taxonomy":"product_cat","embeddable":true,"href":"https:\/\/tinacrystals.com\/sq\/wp-json\/wp\/v2\/product_cat?post=13924"},{"taxonomy":"product_tag","embeddable":true,"href":"https:\/\/tinacrystals.com\/sq\/wp-json\/wp\/v2\/product_tag?post=13924"}],"curies":[{"name":"wp","href":"https:\/\/api.w.org\/{rel}","templated":true}]}}