{"id":13927,"date":"2022-03-14T14:43:08","date_gmt":"2022-03-14T13:43:10","guid":{"rendered":"http:\/\/tinacrystals.com\/?post_type=product&#038;p=13927"},"modified":"2022-05-10T14:23:03","modified_gmt":"2022-05-10T12:23:03","slug":"tasi-gjelbert-%d0%b8-fluoritit-copy","status":"publish","type":"product","link":"https:\/\/tinacrystals.com\/sq\/product\/tasi-gjelbert-%d0%b8-fluoritit-copy\/","title":{"rendered":"Fluorit i Pap\u00ebrpunuar"},"content":{"rendered":"<p><strong>HOROSKOPI<\/strong>: Bricjapi, Peshqit<br \/>\n<strong>CHAKRA<\/strong>: Zemra, syri i tret\u00eb<\/p>\n<p>Fluoriti i gjelb\u00ebr njihet edhe si guri p\u00ebr t\u00eb gjitha \u00e7\u00ebshtjet e zemr\u00ebs dhe emocioneve.<\/p>\n<p><strong><br \/>\n<em>Sh\u00ebrimi shpirt\u00ebror:<\/em><\/strong><\/p>\n<p>Ky gur do t\u00eb ndihmoj n\u00eb largimin e zakoneve, modeleve dhe sjelljeve negative q\u00eb mund t\u00eb ndikojn\u00eb tek ju.<\/p>\n<p>Do t&#8217;ju ndihmoj\u00eb t\u00eb sh\u00ebroheni nga \u00e7do gj\u00eb q\u00eb ju l\u00ebndon, t\u00eb hiqni dor\u00eb nga dhimbjet emocionale dhe t\u00eb gjeni zgjidhje p\u00ebr problemet tuaja.<\/p>\n<p><strong><em><br \/>\nSh\u00ebrimi fizik:<\/em><\/strong><\/p>\n<p>Ky kristal \u00ebsht\u00eb shum\u00eb i dobish\u00ebm p\u00ebr l\u00ebkur\u00ebn, sistemin e frym\u00ebmarrjes dhe mukoz\u00ebn.<\/p>\n<p>Mund t\u00eb p\u00ebrdoret p\u00ebr t\u00eb eliminuar simptomat e gripit dhe ftohjes, bronhitit dhe koll\u00ebs s\u00eb that\u00eb.<\/p>\n<p>P\u00ebr m\u00eb tep\u00ebr, ky kristal mund t\u00eb p\u00ebrdoret n\u00eb trajtimin e s\u00ebmundjeve shum\u00eb infektive dhe t\u00eb r\u00ebnda, si dhe t\u00eb jet\u00eb nj\u00eb parandalues \u200b\u200bmbrojt\u00ebs p\u00ebr ata q\u00eb punojn\u00eb me pacient\u00eb t\u00eb infektuar.<\/p>\n<p><strong><em><br \/>\nSh\u00ebrimi emocional:<\/em><\/strong><\/p>\n<p>Fluoriti ju ofron stabilizim dhe nj\u00eb efekt t\u00eb mrekulluesh\u00ebm n\u00eb trupin tuaj emocional.<\/p>\n<p>Kjo ju ndihmon t\u00eb mendoni p\u00ebr ndjenjat tuaja sa her\u00eb q\u00eb ndiheni t\u00eb mbingarkuar.<\/p>\n<p>Do ju ndihmon t\u00eb l\u00ebvizni p\u00ebrtej mendjengusht\u00ebsis\u00eb dhe t\u00eb shihni nj\u00eb pamje m\u00eb t\u00eb madhe.<\/p>\n<p><strong><br \/>\n<em>Pastrimi dhe rimbushja:<\/em><\/strong><\/p>\n<p>Ju mund ta pastroni k\u00ebt\u00eb kristal n\u00eb disa m\u00ebnyra t\u00eb ndryshme, nj\u00ebra prej tyre \u00ebsht\u00eb me uj\u00eb. Mbajeni gurin n\u00ebn uj\u00eb p\u00ebr disa minuta dhe nd\u00ebrkoh\u00eb q\u00eb e b\u00ebni, kini nj\u00eb q\u00ebllim pozitiv n\u00eb mendjen tuaj q\u00eb ai t\u00eb funksionoj\u00eb m\u00eb mir\u00eb.<\/p>\n<p>Nj\u00eb m\u00ebnyr\u00eb tjet\u00ebr \u00ebsht\u00eb p\u00ebrdorimi i muzik\u00ebs &#8211; instrumente zanore ose nj\u00eb k\u00ebng\u00eb. L\u00ebrini tingujt t\u00eb kalojn\u00eb mbi kristal dhe t\u00eb largojn\u00eb t\u00eb gjith\u00eb energjin\u00eb negative. Metoda e fundit q\u00eb do t\u00eb p\u00ebrmendim \u00ebsht\u00eb duke e l\u00ebn\u00eb kristalin t\u00eb rimbushet n\u00ebn h\u00ebn\u00ebn e plot\u00eb dhe t\u00eb thith\u00eb energjin\u00eb h\u00ebnore.<\/p>\n<p>&nbsp;<\/p>\n","protected":false},"excerpt":{"rendered":"<p>Madh\u00ebsija: P\u00ebraf\u00ebrsisht 3-5 cm diamet\u00ebr<\/p>\n","protected":false},"featured_media":13804,"comment_status":"open","ping_status":"closed","template":"","meta":[],"product_brand":[],"product_cat":[2405,2372,2363,2293,2792,2379,2301,2310,2367,2354,2359,2352,2308,2855,2304,2404],"product_tag":[],"class_list":{"0":"post-13927","1":"product","2":"type-product","3":"status-publish","4":"has-post-thumbnail","6":"product_cat-blej-sipas","7":"product_cat-blej-sipas-ngjyres","8":"product_cat-bricjapi","9":"product_cat-decorations-sq","10":"product_cat-fluoriti-gjelbert","11":"product_cat-gjelbert","12":"product_cat-kristale-te-paperpunuar","13":"product_cat-llojet-e-gurve-te-cmuar","14":"product_cat-peshqit","15":"product_cat-shendet-balans","16":"product_cat-shenjat-e-horoskopit","17":"product_cat-qellim","18":"product_cat-syri-i-trete","19":"product_cat-te-paperpunuar","20":"product_cat-zemra","21":"product_cat-zona-e-cakres","23":"first","24":"instock","25":"shipping-taxable","26":"purchasable","27":"product-type-simple"},"_links":{"self":[{"href":"https:\/\/tinacrystals.com\/sq\/wp-json\/wp\/v2\/product\/13927","targetHints":{"allow":["GET"]}}],"collection":[{"href":"https:\/\/tinacrystals.com\/sq\/wp-json\/wp\/v2\/product"}],"about":[{"href":"https:\/\/tinacrystals.com\/sq\/wp-json\/wp\/v2\/types\/product"}],"replies":[{"embeddable":true,"href":"https:\/\/tinacrystals.com\/sq\/wp-json\/wp\/v2\/comments?post=13927"}],"wp:featuredmedia":[{"embeddable":true,"href":"https:\/\/tinacrystals.com\/sq\/wp-json\/wp\/v2\/media\/13804"}],"wp:attachment":[{"href":"https:\/\/tinacrystals.com\/sq\/wp-json\/wp\/v2\/media?parent=13927"}],"wp:term":[{"taxonomy":"product_brand","embeddable":true,"href":"https:\/\/tinacrystals.com\/sq\/wp-json\/wp\/v2\/product_brand?post=13927"},{"taxonomy":"product_cat","embeddable":true,"href":"https:\/\/tinacrystals.com\/sq\/wp-json\/wp\/v2\/product_cat?post=13927"},{"taxonomy":"product_tag","embeddable":true,"href":"https:\/\/tinacrystals.com\/sq\/wp-json\/wp\/v2\/product_tag?post=13927"}],"curies":[{"name":"wp","href":"https:\/\/api.w.org\/{rel}","templated":true}]}}