{"id":13930,"date":"2022-03-14T14:55:20","date_gmt":"2022-03-14T13:55:22","guid":{"rendered":"http:\/\/tinacrystals.com\/?post_type=product&#038;p=13930"},"modified":"2022-05-10T14:22:53","modified_gmt":"2022-05-10T12:22:53","slug":"fluorit-i-paperpunuar-copy","status":"publish","type":"product","link":"https:\/\/tinacrystals.com\/sq\/product\/fluorit-i-paperpunuar-copy\/","title":{"rendered":"Gur H\u00ebne i Portokallt\u00eb i Pap\u00ebrpunuar"},"content":{"rendered":"<p><strong>Zodiaku:<\/strong> Binjak\u00ebt, Peshorja, Virgj\u00ebresha<br \/>\n<strong>\u00c7akra:<\/strong> Zemra, Sakrale, Fyt<\/p>\n<p>&nbsp;<\/p>\n<p>P\u00ebr shekuj me radh\u00eb, guri i h\u00ebn\u00ebs Portokalli \u00ebsht\u00eb dhuruar nd\u00ebr breza n\u00eb shum\u00eb fise dhe mbret\u00ebri<\/p>\n<p>&nbsp;<\/p>\n<p><strong><em>P\u00ebrfitimet sh\u00ebndet\u00ebsore<\/em><\/strong><\/p>\n<p>Tashm\u00eb jeni t\u00eb stresuar dhe duke humbur besimin tuaj sepse sh\u00ebndeti juaj nuk p\u00ebrputhet me ambiciet tuaja! Epo, guri i h\u00ebn\u00ebs portokalli do t&#8217;i kthej\u00eb tavolinat. Do ju ndihmoj ne ballafaqim me:<\/p>\n<ul>\n<li>Ankthi<\/li>\n<li>Depresioni<\/li>\n<li>Mosfunksionim seksual<\/li>\n<li>Frekuenca jonormale e zemr\u00ebs<\/li>\n<li>Periudhat menstruale<\/li>\n<\/ul>\n<p>Duke medituar me gurin e h\u00ebn\u00ebs portokalli<\/p>\n<p>Meditimi me Rruazat Portokalli t\u00eb Gurit t\u00eb H\u00ebn\u00ebs e fuqizon personin q\u00eb t\u00eb kuptoj\u00eb shpejt gjykimin e nj\u00eb situate. Ajo ngjall nj\u00eb ndjenj\u00eb t\u00eb:<\/p>\n<ul>\n<li>Vet\u00ebmohim<\/li>\n<li>Ndershm\u00ebria<\/li>\n<li>V\u00ebrtet\u00ebsia<\/li>\n<li>Shpresa<\/li>\n<li>Men\u00e7uria e lasht\u00eb<\/li>\n<li>Edukuese<\/li>\n<li>Sh\u00ebrimi emocional<\/li>\n<\/ul>\n","protected":false},"excerpt":{"rendered":"<p>Madh\u00ebsija: P\u00ebraf\u00ebrsisht 3-5 cm diamet\u00ebr<\/p>\n","protected":false},"featured_media":13816,"comment_status":"open","ping_status":"closed","template":"","meta":[],"product_brand":[],"product_cat":[2364,2405,2372,2293,2356,2358,2309,2335,2301,2310,2357,2366,2381,2306,2359,2352,2855,2371,2304,2404],"product_tag":[],"class_list":{"0":"post-13930","1":"product","2":"type-product","3":"status-publish","4":"has-post-thumbnail","6":"product_cat-binjaket","7":"product_cat-blej-sipas","8":"product_cat-blej-sipas-ngjyres","9":"product_cat-decorations-sq","10":"product_cat-fat-sukses","11":"product_cat-force-stabilitet","12":"product_cat-fyti","13":"product_cat-gur-hene","14":"product_cat-kristale-te-paperpunuar","15":"product_cat-llojet-e-gurve-te-cmuar","16":"product_cat-mbrotje-paqe","17":"product_cat-peshorja","18":"product_cat-portokalle","19":"product_cat-sakrale","20":"product_cat-shenjat-e-horoskopit","21":"product_cat-qellim","22":"product_cat-te-paperpunuar","23":"product_cat-virgjersha","24":"product_cat-zemra","25":"product_cat-zona-e-cakres","27":"first","28":"instock","29":"shipping-taxable","30":"purchasable","31":"product-type-simple"},"_links":{"self":[{"href":"https:\/\/tinacrystals.com\/sq\/wp-json\/wp\/v2\/product\/13930","targetHints":{"allow":["GET"]}}],"collection":[{"href":"https:\/\/tinacrystals.com\/sq\/wp-json\/wp\/v2\/product"}],"about":[{"href":"https:\/\/tinacrystals.com\/sq\/wp-json\/wp\/v2\/types\/product"}],"replies":[{"embeddable":true,"href":"https:\/\/tinacrystals.com\/sq\/wp-json\/wp\/v2\/comments?post=13930"}],"wp:featuredmedia":[{"embeddable":true,"href":"https:\/\/tinacrystals.com\/sq\/wp-json\/wp\/v2\/media\/13816"}],"wp:attachment":[{"href":"https:\/\/tinacrystals.com\/sq\/wp-json\/wp\/v2\/media?parent=13930"}],"wp:term":[{"taxonomy":"product_brand","embeddable":true,"href":"https:\/\/tinacrystals.com\/sq\/wp-json\/wp\/v2\/product_brand?post=13930"},{"taxonomy":"product_cat","embeddable":true,"href":"https:\/\/tinacrystals.com\/sq\/wp-json\/wp\/v2\/product_cat?post=13930"},{"taxonomy":"product_tag","embeddable":true,"href":"https:\/\/tinacrystals.com\/sq\/wp-json\/wp\/v2\/product_tag?post=13930"}],"curies":[{"name":"wp","href":"https:\/\/api.w.org\/{rel}","templated":true}]}}