{"id":13945,"date":"2022-03-14T15:07:33","date_gmt":"2022-03-14T14:07:36","guid":{"rendered":"http:\/\/tinacrystals.com\/?post_type=product&#038;p=13945"},"modified":"2022-05-10T14:22:45","modified_gmt":"2022-05-10T12:22:45","slug":"gur-hene-i-portokallte-i-paperpunuar-copy","status":"publish","type":"product","link":"https:\/\/tinacrystals.com\/sq\/product\/gur-hene-i-portokallte-i-paperpunuar-copy\/","title":{"rendered":"Halit i Portokallt\u00eb i Pap\u00ebrpunuar"},"content":{"rendered":"<p><strong>Horoskopi:<\/strong> Peshqit, Ujori<br \/>\n<strong>\u00c7akra:<\/strong> Zemra, Pleksusi Diellor<\/p>\n<p>&nbsp;<\/p>\n<p><strong><em>Haliti Portokalli<\/em><\/strong> \u00ebsht\u00eb nj\u00eb gur q\u00eb e shtyn njeriun t\u00eb dashuroj\u00eb \u00e7do an\u00eb t\u00eb vetes dhe t\u00eb kuptoj\u00a0 se kush \u00ebsht\u00eb n\u00eb t\u00eb v\u00ebrtet\u00eb. \u00cbsht\u00eb nj\u00eb gur i fort\u00eb q\u00eb ndihmon t\u00eb \u00e7liroj\u00eb tendosjen emocionale q\u00eb ju r\u00ebndon \u00e7do dit\u00eb. Ndjenja t\u00eb tilla si vet\u00ebfaj\u00ebsimi, vet\u00ebvler\u00ebsimi i ul\u00ebt dhe ankthi i jasht\u00ebzakonsh\u00ebm jan\u00eb simptoma perfekte t\u00eb dikujt q\u00eb duhet t\u00eb mbaj\u00eb nj\u00eb cope haliti \u00e7do dit\u00eb. Haliti Portokalli e nxit dik\u00eb q\u00eb t\u00eb hap\u00eb zemr\u00ebn e tij dhe t\u00eb lejoj\u00eb q\u00eb t\u00eb gjitha tendosjet emocionale t\u00eb dalin n\u00eb sip\u00ebrfaqe, n\u00eb m\u00ebnyr\u00eb q\u00eb t\u00eb mund t\u00eb trajtohet. Pasi dikush pranon at\u00eb q\u00eb ka ndodhur, vet\u00ebm at\u00ebher\u00eb ata jan\u00eb ne gjendje ta tejkalojn\u00eb at\u00eb.<\/p>\n<p><strong><em>Haliti portokalli<\/em><\/strong> \u00ebsht\u00eb gjithashtu nj\u00eb gur me qart\u00ebsi t\u00eb madhe. Ky gur ka qen\u00eb i njohur p\u00ebr t\u00eb ndihmuar n\u00eb sigurimin e energjive ngrit\u00ebse p\u00ebr k\u00ebdo q\u00eb vazhdimisht vuan nga nj\u00eb mendje e mjegullt ose mungesa e energjis\u00eb mendore. Ndihmon ato q\u00eb vazhdimisht debatojn\u00eb ose peshojn\u00eb vendime t\u00eb r\u00ebnda n\u00eb kok\u00ebn e tyre dhe i shtyn ata n\u00eb nj\u00eb drejtim t\u00eb duhur. Ky gur e m\u00ebson dik\u00eb q\u00eb t\u00eb ket\u00eb krenari dhe kujdes t\u00eb madh n\u00eb vendimet e tyre personale q\u00eb marrin dhe ndihmon p\u00ebr t\u00eb gjetur nj\u00eb gezim t\u00eb boll\u00ebkt n\u00eb jet\u00ebn e tyre.<\/p>\n","protected":false},"excerpt":{"rendered":"<p>Madh\u00ebsija: P\u00ebraf\u00ebrsisht 3-5 cm diamet\u00ebr<\/p>\n","protected":false},"featured_media":13813,"comment_status":"open","ping_status":"closed","template":"","meta":[],"product_brand":[],"product_cat":[2405,2372,2361,2293,2356,2358,2335,2301,2310,2357,2367,2307,2381,2359,2352,2855,2304,2404],"product_tag":[],"class_list":{"0":"post-13945","1":"product","2":"type-product","3":"status-publish","4":"has-post-thumbnail","6":"product_cat-blej-sipas","7":"product_cat-blej-sipas-ngjyres","8":"product_cat-dashi","9":"product_cat-decorations-sq","10":"product_cat-fat-sukses","11":"product_cat-force-stabilitet","12":"product_cat-gur-hene","13":"product_cat-kristale-te-paperpunuar","14":"product_cat-llojet-e-gurve-te-cmuar","15":"product_cat-mbrotje-paqe","16":"product_cat-peshqit","17":"product_cat-pleksusi-diellor","18":"product_cat-portokalle","19":"product_cat-shenjat-e-horoskopit","20":"product_cat-qellim","21":"product_cat-te-paperpunuar","22":"product_cat-zemra","23":"product_cat-zona-e-cakres","25":"first","26":"instock","27":"shipping-taxable","28":"purchasable","29":"product-type-simple"},"_links":{"self":[{"href":"https:\/\/tinacrystals.com\/sq\/wp-json\/wp\/v2\/product\/13945","targetHints":{"allow":["GET"]}}],"collection":[{"href":"https:\/\/tinacrystals.com\/sq\/wp-json\/wp\/v2\/product"}],"about":[{"href":"https:\/\/tinacrystals.com\/sq\/wp-json\/wp\/v2\/types\/product"}],"replies":[{"embeddable":true,"href":"https:\/\/tinacrystals.com\/sq\/wp-json\/wp\/v2\/comments?post=13945"}],"wp:featuredmedia":[{"embeddable":true,"href":"https:\/\/tinacrystals.com\/sq\/wp-json\/wp\/v2\/media\/13813"}],"wp:attachment":[{"href":"https:\/\/tinacrystals.com\/sq\/wp-json\/wp\/v2\/media?parent=13945"}],"wp:term":[{"taxonomy":"product_brand","embeddable":true,"href":"https:\/\/tinacrystals.com\/sq\/wp-json\/wp\/v2\/product_brand?post=13945"},{"taxonomy":"product_cat","embeddable":true,"href":"https:\/\/tinacrystals.com\/sq\/wp-json\/wp\/v2\/product_cat?post=13945"},{"taxonomy":"product_tag","embeddable":true,"href":"https:\/\/tinacrystals.com\/sq\/wp-json\/wp\/v2\/product_tag?post=13945"}],"curies":[{"name":"wp","href":"https:\/\/api.w.org\/{rel}","templated":true}]}}