{"id":14147,"date":"2022-03-16T08:46:15","date_gmt":"2022-03-16T07:46:15","guid":{"rendered":"http:\/\/tinacrystals.com\/product\/pink-net\/"},"modified":"2022-05-26T10:50:50","modified_gmt":"2022-05-26T08:50:50","slug":"pink-net","status":"publish","type":"product","link":"https:\/\/tinacrystals.com\/sq\/product\/pink-net\/","title":{"rendered":"Rrjet\u00eb Roz\u00eb Gur Xhepi"},"content":{"rendered":"<p>&#8230;.<\/p>\n","protected":false},"excerpt":{"rendered":"<p>Madh\u00ebsija e p\u00ebraf\u00ebrt: 20-30mm<\/p>\n","protected":false},"featured_media":14085,"comment_status":"open","ping_status":"closed","template":"","meta":[],"product_brand":[],"product_cat":[2293,2861,2301],"product_tag":[],"class_list":{"0":"post-14147","1":"product","2":"type-product","3":"status-publish","4":"has-post-thumbnail","6":"product_cat-decorations-sq","7":"product_cat-gur-xhepi","8":"product_cat-kristale-te-paperpunuar","10":"first","11":"instock","12":"shipping-taxable","13":"purchasable","14":"product-type-simple"},"_links":{"self":[{"href":"https:\/\/tinacrystals.com\/sq\/wp-json\/wp\/v2\/product\/14147","targetHints":{"allow":["GET"]}}],"collection":[{"href":"https:\/\/tinacrystals.com\/sq\/wp-json\/wp\/v2\/product"}],"about":[{"href":"https:\/\/tinacrystals.com\/sq\/wp-json\/wp\/v2\/types\/product"}],"replies":[{"embeddable":true,"href":"https:\/\/tinacrystals.com\/sq\/wp-json\/wp\/v2\/comments?post=14147"}],"wp:featuredmedia":[{"embeddable":true,"href":"https:\/\/tinacrystals.com\/sq\/wp-json\/wp\/v2\/media\/14085"}],"wp:attachment":[{"href":"https:\/\/tinacrystals.com\/sq\/wp-json\/wp\/v2\/media?parent=14147"}],"wp:term":[{"taxonomy":"product_brand","embeddable":true,"href":"https:\/\/tinacrystals.com\/sq\/wp-json\/wp\/v2\/product_brand?post=14147"},{"taxonomy":"product_cat","embeddable":true,"href":"https:\/\/tinacrystals.com\/sq\/wp-json\/wp\/v2\/product_cat?post=14147"},{"taxonomy":"product_tag","embeddable":true,"href":"https:\/\/tinacrystals.com\/sq\/wp-json\/wp\/v2\/product_tag?post=14147"}],"curies":[{"name":"wp","href":"https:\/\/api.w.org\/{rel}","templated":true}]}}