{"id":14157,"date":"2022-03-16T09:11:56","date_gmt":"2022-03-16T08:12:00","guid":{"rendered":"http:\/\/tinacrystals.com\/?post_type=product&#038;p=14157"},"modified":"2022-07-07T11:12:38","modified_gmt":"2022-07-07T09:12:38","slug":"aventurina-e-gjelbert-pendulum-copy","status":"publish","type":"product","link":"https:\/\/tinacrystals.com\/sq\/product\/aventurina-e-gjelbert-pendulum-copy\/","title":{"rendered":"Aventurina e Gjelb\u00ebrt Gur Xhepi"},"content":{"rendered":"<p><strong>HOROSKOPI<\/strong>: Dashi, Luani<br \/>\n<strong>\u00c7AKRA<\/strong>: ZEMRA<\/p>\n<p>N\u00ebse ndonj\u00ebher\u00eb mendoni n\u00ebse duhet t\u00eb rrezikoni apo t\u00eb vazhdoni ashtu si\u00e7 jeni, ky kristal do t&#8217;ju udh\u00ebheq\u00eb drejt <strong><em>zgjedhjes m\u00eb t\u00eb mir\u00eb!<\/em><\/strong><\/p>\n<p><strong><em>Sh\u00ebrimi shpirt\u00ebror:<\/em><\/strong><br \/>\nAventurina e Gjelb\u00ebrt \u00ebsht\u00eb nj\u00eb harmonizues kristal, q\u00eb bashkon trupin intelektual, emocional dhe fizik p\u00ebr t&#8217;ju sjell\u00eb n\u00eb nj\u00eb rit\u00ebm natyral.<br \/>\nDo t\u00eb shp\u00ebrb\u00ebj\u00eb negativitetin dhe do t\u00eb balancoj\u00eb energjit\u00eb tuaja dhe t\u00eb partner\u00ebve tuaj, duke ju mund\u00ebsuar t\u00eb jetoni brenda zemr\u00ebs s\u00eb njeri-tjetrit.<br \/>\nJu inkurajon t\u00eb lironi lidhjen me rezultatet dhe t\u00eb jeni m\u00eb t\u00eb pranish\u00ebm n\u00eb p\u00ebrvoja, ju ndihmon t\u00eb p\u00ebrqafoni ndryshimin, rritjen dhe rinovimin.<\/p>\n<p><strong><em>Sh\u00ebrimi fizik:<\/em><\/strong><br \/>\nAventurina e Gjelb\u00ebrt \u00ebsht\u00eb nj\u00eb gur q\u00eb shk\u00eblqen me mij\u00ebra veti sh\u00ebruese. \u00cbsht\u00eb nj\u00eb gur q\u00eb punon p\u00ebr t\u00eb sjell\u00eb p\u00ebrs\u00ebri n\u00eb ekuilib\u00ebr nj\u00eb sistem nervor t\u00eb pak\u00ebndsh\u00ebm.<br \/>\nP\u00ebr ata q\u00eb ndiejn\u00eb zjarrin e nervave t\u00eb prishur dhe djegien, Aventurina e Gjelb\u00ebrt do t&#8217;ju ndihmoj\u00eb t\u00eb ulni presionin e gjakut, t\u00eb rregulloni ritmin e zemr\u00ebs suaj dhe do t&#8217;ju jap\u00eb nj\u00eb dor\u00eb kur b\u00ebhet fjal\u00eb p\u00ebr t\u00eb dh\u00ebn\u00eb nj\u00eb energji t\u00eb re t\u00eb jet\u00ebs.<br \/>\nAventurina e Gjelb\u00ebrt rrit fuqin\u00eb e mjeteve juridike homeopatike. Ka nj\u00eb efekt anti-inflamator, leht\u00ebson shp\u00ebrthimet e l\u00ebkur\u00ebs, t\u00eb tilla si pu\u00e7rrat, ekzema, dhe do t\u00eb qet\u00ebsoj\u00eb alergjit\u00eb dhe migren\u00ebn gjithashtu.<\/p>\n<p><strong><em>Sh\u00ebrimi emocional:<\/em><\/strong><br \/>\nAventurina e Gjelb\u00ebrt do t&#8217;ju jap nj\u00eb shk\u00eblqim kur b\u00ebhet fjal\u00eb p\u00ebr sh\u00ebrimin emocional.<br \/>\nKjo do t&#8217;ju jap\u00eb hap\u00ebsir\u00eb p\u00ebr t\u00eb sh\u00ebruar plag\u00ebt e vjetra dhe p\u00ebr t\u00eb hequr dor\u00eb nga t\u00eb qenit shum\u00eb analitik p\u00ebr veten dhe zgjedhjet tuaja.<br \/>\nDhe nd\u00ebrkoh\u00eb q\u00eb keni hap\u00ebsir\u00eb t\u00eb re, ka shum\u00eb mund\u00ebsi q\u00eb dashuria dhe empatia t\u00eb rriten dhe t&#8217;ju ndihmojn\u00eb t\u00eb p\u00ebrmir\u00ebsoni m\u00eb tej marr\u00ebdh\u00ebniet tuaja dhe t\u00eb stabilizoni trupin emocional.<br \/>\nFrym\u00ebzon nj\u00eb ndjenj\u00eb leht\u00ebsie, g\u00ebzimi dhe shprese. \u00cbsht\u00eb nj\u00eb kristal riafirmues, ve\u00e7an\u00ebrisht gjat\u00eb koh\u00ebrave t\u00eb ndryshimit ose trazirave.<\/p>\n<p><strong><em>Pastrimi dhe rimbushja:<\/em><\/strong><br \/>\nAshtu si t\u00eb gjith\u00eb kristalet, aventurina e gjelb\u00ebrt gjithashtu p\u00eblqen t\u00eb pastrohet dhe rimbushet! Mund ta lani thjesht me uj\u00eb t\u00eb ngroht\u00eb me sapun dhe m\u00eb pas ta thani me nj\u00eb leck\u00eb t\u00eb but\u00eb.<br \/>\nAventurina e Gjelb\u00ebrt si ngjyra q\u00eb ka i p\u00eblqen t\u00eb vendoset pran\u00eb bim\u00ebve dhe n\u00eb k\u00ebt\u00eb m\u00ebnyr\u00eb kristali rimbushet dhe kthehet tek ju m\u00eb i fort\u00eb.<\/p>\n","protected":false},"excerpt":{"rendered":"<p>Madh\u00ebsija e p\u00ebraf\u00ebrt: 15-25<\/p>\n","protected":false},"featured_media":14079,"comment_status":"open","ping_status":"closed","template":"","meta":[],"product_brand":[],"product_cat":[2315,2405,2372,2361,2293,2356,2379,2861,2301,2310,2365,2359,2352,2304,2404],"product_tag":[],"class_list":{"0":"post-14157","1":"product","2":"type-product","3":"status-publish","4":"has-post-thumbnail","6":"product_cat-aventurine-sq","7":"product_cat-blej-sipas","8":"product_cat-blej-sipas-ngjyres","9":"product_cat-dashi","10":"product_cat-decorations-sq","11":"product_cat-fat-sukses","12":"product_cat-gjelbert","13":"product_cat-gur-xhepi","14":"product_cat-kristale-te-paperpunuar","15":"product_cat-llojet-e-gurve-te-cmuar","16":"product_cat-luani","17":"product_cat-shenjat-e-horoskopit","18":"product_cat-qellim","19":"product_cat-zemra","20":"product_cat-zona-e-cakres","22":"first","23":"instock","24":"shipping-taxable","25":"purchasable","26":"product-type-simple"},"_links":{"self":[{"href":"https:\/\/tinacrystals.com\/sq\/wp-json\/wp\/v2\/product\/14157","targetHints":{"allow":["GET"]}}],"collection":[{"href":"https:\/\/tinacrystals.com\/sq\/wp-json\/wp\/v2\/product"}],"about":[{"href":"https:\/\/tinacrystals.com\/sq\/wp-json\/wp\/v2\/types\/product"}],"replies":[{"embeddable":true,"href":"https:\/\/tinacrystals.com\/sq\/wp-json\/wp\/v2\/comments?post=14157"}],"wp:featuredmedia":[{"embeddable":true,"href":"https:\/\/tinacrystals.com\/sq\/wp-json\/wp\/v2\/media\/14079"}],"wp:attachment":[{"href":"https:\/\/tinacrystals.com\/sq\/wp-json\/wp\/v2\/media?parent=14157"}],"wp:term":[{"taxonomy":"product_brand","embeddable":true,"href":"https:\/\/tinacrystals.com\/sq\/wp-json\/wp\/v2\/product_brand?post=14157"},{"taxonomy":"product_cat","embeddable":true,"href":"https:\/\/tinacrystals.com\/sq\/wp-json\/wp\/v2\/product_cat?post=14157"},{"taxonomy":"product_tag","embeddable":true,"href":"https:\/\/tinacrystals.com\/sq\/wp-json\/wp\/v2\/product_tag?post=14157"}],"curies":[{"name":"wp","href":"https:\/\/api.w.org\/{rel}","templated":true}]}}