{"id":14366,"date":"2022-03-17T09:55:11","date_gmt":"2022-03-17T08:55:12","guid":{"rendered":"http:\/\/tinacrystals.com\/?post_type=product&#038;p=14366"},"modified":"2022-06-02T10:18:40","modified_gmt":"2022-06-02T08:18:40","slug":"kepurdha-nga-fluoriti-i-ylberit-copy","status":"publish","type":"product","link":"https:\/\/tinacrystals.com\/sq\/product\/kepurdha-nga-fluoriti-i-ylberit-copy\/","title":{"rendered":"Fluoriti i Ylberit Grimc\u00ebza"},"content":{"rendered":"<p><strong>K\u00ebrpudha nga fluoriti ylber<\/strong><\/p>\n<p>Fluoriti Rainbow p\u00ebrmban disa nga ngjyrat m\u00eb t\u00eb bukura s\u00eb bashku n\u00eb nj\u00eb vend, \u00e7do pjes\u00eb p\u00ebrmban ve\u00e7antin\u00eb dhe bukurin\u00eb e saj. Guri rrezaton qet\u00ebsi dhe ju b\u00ebn t\u00eb ndiheni m\u00eb t\u00eb relaksuar vet\u00ebm duke e par\u00eb.<br \/>\nThuhet se ky gur lidhet me t\u00eb gjitha 7 \u00e7akrat, \u00ebsht\u00eb nj\u00eb barazues i shk\u00eblqyesh\u00ebm emocional dhe ju kthen n\u00eb ekuilib\u00ebr. Ajo t\u00ebrheq pozitivitetin dhe ju pastron mendjen nga mendimet e par\u00ebnd\u00ebsishme, kjo rezulton q\u00eb t&#8217;i shihni gj\u00ebrat nga nj\u00eb k\u00ebndv\u00ebshtrim tjet\u00ebr dhe m\u00eb i kuptuesh\u00ebm.<\/p>\n<p><strong>Si t\u00eb p\u00ebrdorni sfer\u00ebn?<\/strong><br \/>\nDuke ditur fuqit\u00eb e k\u00ebtij guri q\u00eb rrezaton nga \u00e7do pik\u00eb e sfer\u00ebs, sigurohuni q\u00eb ta shtoni at\u00eb n\u00eb nj\u00eb hap\u00ebsir\u00eb \u200b\u200bku kaloni shum\u00eb koh\u00eb. Kushtojini sfer\u00ebs shum\u00eb v\u00ebmendje q\u00eb t\u00eb mund t\u00eb lidheni me fuqit\u00eb e saj dhe kjo do t&#8217;ju b\u00ebj\u00eb shikoni rezultatet m\u00eb shpejt.<br \/>\nKjo sfer\u00eb fluoriti Rainbow jo vet\u00ebm q\u00eb \u00ebsht\u00eb nj\u00eb opsion i shk\u00eblqyer kristal p\u00ebr dekor dhe p\u00ebr q\u00ebllime meditimi ose manifestimi, por \u00ebsht\u00eb gjithashtu i p\u00ebrsosur si nj\u00eb opsion dhurat\u00eb p\u00ebr miqt\u00eb, familjen ose t\u00eb dashuruarit.<\/p>\n<p><strong>Si t\u00eb pastroni sfer\u00ebn?<\/strong><br \/>\n\u00c7do kristal duhet t\u00eb kujdeset, edhe ky duhet t\u00eb pastrohet dhe rimbushet vazhdimisht. P\u00ebr ta b\u00ebr\u00eb k\u00ebt\u00eb, shtoni sfer\u00ebn gjat\u00eb nat\u00ebs n\u00ebn h\u00ebn\u00ebn e plot\u00eb p\u00ebr t&#8217;u lar\u00eb n\u00ebn rrezet e saj.<\/p>\n<p><strong>Zonat e \u00e7akr\u00ebs:<\/strong> M\u00eb s\u00eb shumti prek zemr\u00ebn, syrin e tret\u00eb dhe fytin.<\/p>\n<p><strong>Horoskopi:<\/strong> Bricjapi dhe Peshqit<\/p>\n","protected":false},"excerpt":{"rendered":"<p>6Euro p\u00ebr 100gram<\/p>\n<p>Dimenzioni 3-5mm<\/p>\n","protected":false},"featured_media":14299,"comment_status":"open","ping_status":"closed","template":"","meta":[],"product_brand":[],"product_cat":[2293,2864,2301],"product_tag":[],"class_list":{"0":"post-14366","1":"product","2":"type-product","3":"status-publish","4":"has-post-thumbnail","6":"product_cat-decorations-sq","7":"product_cat-grimceza","8":"product_cat-kristale-te-paperpunuar","10":"first","11":"instock","12":"shipping-taxable","13":"purchasable","14":"product-type-simple"},"_links":{"self":[{"href":"https:\/\/tinacrystals.com\/sq\/wp-json\/wp\/v2\/product\/14366","targetHints":{"allow":["GET"]}}],"collection":[{"href":"https:\/\/tinacrystals.com\/sq\/wp-json\/wp\/v2\/product"}],"about":[{"href":"https:\/\/tinacrystals.com\/sq\/wp-json\/wp\/v2\/types\/product"}],"replies":[{"embeddable":true,"href":"https:\/\/tinacrystals.com\/sq\/wp-json\/wp\/v2\/comments?post=14366"}],"wp:featuredmedia":[{"embeddable":true,"href":"https:\/\/tinacrystals.com\/sq\/wp-json\/wp\/v2\/media\/14299"}],"wp:attachment":[{"href":"https:\/\/tinacrystals.com\/sq\/wp-json\/wp\/v2\/media?parent=14366"}],"wp:term":[{"taxonomy":"product_brand","embeddable":true,"href":"https:\/\/tinacrystals.com\/sq\/wp-json\/wp\/v2\/product_brand?post=14366"},{"taxonomy":"product_cat","embeddable":true,"href":"https:\/\/tinacrystals.com\/sq\/wp-json\/wp\/v2\/product_cat?post=14366"},{"taxonomy":"product_tag","embeddable":true,"href":"https:\/\/tinacrystals.com\/sq\/wp-json\/wp\/v2\/product_tag?post=14366"}],"curies":[{"name":"wp","href":"https:\/\/api.w.org\/{rel}","templated":true}]}}