{"id":14421,"date":"2022-03-17T12:43:41","date_gmt":"2022-03-17T11:43:44","guid":{"rendered":"http:\/\/tinacrystals.com\/?post_type=product&#038;p=14421"},"modified":"2022-07-07T11:12:59","modified_gmt":"2022-07-07T09:12:59","slug":"opalit-irregullare-copy","status":"publish","type":"product","link":"https:\/\/tinacrystals.com\/sq\/product\/opalit-irregullare-copy\/","title":{"rendered":"Opalit Zem\u00ebr"},"content":{"rendered":"<p><strong>HOROSKOPI<\/strong>: Gaforja<br \/>\n<strong>CHAKRA<\/strong>: Kurora, Syri i Tret\u00eb<\/p>\n<p>Energjia q\u00eb ka Opalite \u00ebsht\u00eb shum\u00eb e lart\u00eb, mund t&#8217;ju sjell\u00eb shum\u00eb p\u00ebrfitime gjat\u00eb \u00e7do ndryshimi q\u00eb mund t\u00eb kaloni.<\/p>\n<p><strong><em><br \/>\nSh\u00ebrimi shpirt\u00ebror:<\/em><\/strong><\/p>\n<p>Opaliti \u00ebsht\u00eb nj\u00eb kristal q\u00eb simbolizon t\u00eb menduarit e qart\u00eb, fillimet e reja dhe nj\u00eb jet\u00eb harmonike.<\/p>\n<p>Ju kujton t\u00eb q\u00ebndroni t\u00eb rinj n\u00eb zem\u00ebr, t\u00eb k\u00ebrkoni an\u00ebn e ndritshme t\u00eb jet\u00ebs dhe t\u00eb lejoni edhe g\u00ebzimet m\u00eb t\u00eb thjeshta t\u00eb jet\u00ebs n\u00eb zemr\u00ebn tuaj.<\/p>\n<p><strong><br \/>\n<em>Sh\u00ebrimi fizik:<\/em><\/strong><\/p>\n<p>N\u00ebse e keni t\u00eb v\u00ebshtir\u00eb t\u00eb flini, mund t\u00eb p\u00ebrfitoni nga Opalite.<\/p>\n<p>Mund t\u00eb ofroj\u00eb nj\u00eb ndjenj\u00eb qet\u00ebsuese p\u00ebr zemr\u00ebn tuaj. Do t&#8217;i ndihmoj\u00eb njer\u00ebzit t\u00eb q\u00ebndrojn\u00eb t\u00eb qet\u00eb duke rregulluar rrahjet e zemr\u00ebs n\u00eb nj\u00eb situat\u00eb k\u00ebrkuese ose stresuese.<\/p>\n<p>Ai do t\u00eb mb\u00ebshtes\u00eb funksionin e mushk\u00ebrive tuaja dhe do t\u00eb promovoj\u00eb nj\u00eb oksigjenim t\u00eb sh\u00ebndetsh\u00ebm.<\/p>\n<p><strong><br \/>\n<em>Sh\u00ebrimi emocional:<\/em><\/strong><\/p>\n<p>Opaliti ka kuptimin dhe vetin\u00eb e parandalimit t\u00eb emocioneve t\u00eb \u00e7rregullta. \u00cbsht\u00eb nj\u00eb gur i shk\u00eblqyer q\u00eb mund t\u00eb sh\u00ebroj\u00eb but\u00ebsisht emocionet negative.<\/p>\n<p>Ju do t\u00eb jeni n\u00eb gjendje t\u00eb shprehni lirsh\u00ebm mendimet dhe emocionet tuaja q\u00eb mund t\u00eb jen\u00eb t\u00eb acaruara n\u00eb zemr\u00ebn dhe mendjen tuaj p\u00ebr mjaft koh\u00eb.<\/p>\n<p><strong><br \/>\n<em>Pastroni dhe rimbushni:<\/em><\/strong><\/p>\n<p>Opaliti pastrohet m\u00eb s\u00eb miri duke p\u00ebrdorur rrezet e diellit, por ju gjithashtu mund ta pastroni k\u00ebt\u00eb gur duke p\u00ebrdorur drit\u00ebn e h\u00ebn\u00ebs.<\/p>\n<p>Rimbushja: vendoseni Opalitin n\u00eb rrezet e diellit.<\/p>\n","protected":false},"excerpt":{"rendered":"<p>HOROSKOPI: Gaforja CHAKRA: Kurora, Syri i Tret\u00eb Energjia q\u00eb ka Opalite \u00ebsht\u00eb shum\u00eb e lart\u00eb, mund t&#8217;ju sjell\u00eb shum\u00eb p\u00ebrfitime gjat\u00eb \u00e7do ndryshimi q\u00eb mund t\u00eb<span class=\"excerpt-hellip\"> [\u2026]<\/span><\/p>\n","protected":false},"featured_media":13987,"comment_status":"open","ping_status":"closed","template":"","meta":[],"product_brand":[],"product_cat":[2385,2292,2405,2372,2355,2429,2362,2303,2310,2337,2437,2395,2359,2352,2308,2899,2901,2404],"product_tag":[],"class_list":{"0":"post-14421","1":"product","2":"type-product","3":"status-publish","4":"has-post-thumbnail","6":"product_cat-bardhe","7":"product_cat-crystal-jewelry-sq","8":"product_cat-blej-sipas","9":"product_cat-blej-sipas-ngjyres","10":"product_cat-dashuri-harmoni","11":"product_cat-format","12":"product_cat-gaforrja","13":"product_cat-kurora","14":"product_cat-llojet-e-gurve-te-cmuar","15":"product_cat-opalit","16":"product_cat-pema-e-jetes-prej-teli","17":"product_cat-pendant-sq","18":"product_cat-shenjat-e-horoskopit","19":"product_cat-qellim","20":"product_cat-syri-i-trete","21":"product_cat-zemer-pema-e-jetes","22":"product_cat-zemer-pema-e-jetes-sq","23":"product_cat-zona-e-cakres","25":"first","26":"instock","27":"shipping-taxable","28":"purchasable","29":"product-type-simple"},"_links":{"self":[{"href":"https:\/\/tinacrystals.com\/sq\/wp-json\/wp\/v2\/product\/14421","targetHints":{"allow":["GET"]}}],"collection":[{"href":"https:\/\/tinacrystals.com\/sq\/wp-json\/wp\/v2\/product"}],"about":[{"href":"https:\/\/tinacrystals.com\/sq\/wp-json\/wp\/v2\/types\/product"}],"replies":[{"embeddable":true,"href":"https:\/\/tinacrystals.com\/sq\/wp-json\/wp\/v2\/comments?post=14421"}],"wp:featuredmedia":[{"embeddable":true,"href":"https:\/\/tinacrystals.com\/sq\/wp-json\/wp\/v2\/media\/13987"}],"wp:attachment":[{"href":"https:\/\/tinacrystals.com\/sq\/wp-json\/wp\/v2\/media?parent=14421"}],"wp:term":[{"taxonomy":"product_brand","embeddable":true,"href":"https:\/\/tinacrystals.com\/sq\/wp-json\/wp\/v2\/product_brand?post=14421"},{"taxonomy":"product_cat","embeddable":true,"href":"https:\/\/tinacrystals.com\/sq\/wp-json\/wp\/v2\/product_cat?post=14421"},{"taxonomy":"product_tag","embeddable":true,"href":"https:\/\/tinacrystals.com\/sq\/wp-json\/wp\/v2\/product_tag?post=14421"}],"curies":[{"name":"wp","href":"https:\/\/api.w.org\/{rel}","templated":true}]}}