{"id":15330,"date":"2022-03-21T13:42:28","date_gmt":"2022-03-21T12:43:18","guid":{"rendered":"http:\/\/tinacrystals.com\/?post_type=product&#038;p=15330"},"modified":"2022-06-23T14:14:27","modified_gmt":"2022-06-23T12:14:27","slug":"koral-i-fosilizuar-byzilik","status":"publish","type":"product","link":"https:\/\/tinacrystals.com\/sq\/product\/koral-i-fosilizuar-byzilik\/","title":{"rendered":"Koral i Fosilizuar Byzylik"},"content":{"rendered":"<p>\u00c7akra: Zemra, Pleksus Diellor.<br \/>\nZodiaku: Demi, Luani.<\/p>\n<p>&nbsp;<\/p>\n<p>N\u00ebse jeni t\u00eb hutuar, t\u00eb keni nj\u00eb koral fosil pran\u00eb jush mund t\u00eb jet\u00eb nj\u00eb ndihm\u00eb e madhe. Kjo do t&#8217;ju pengoj\u00eb t\u00eb humbni veten dhe t\u00eb m\u00ebrziteni.<\/p>\n<p>Nese e mbani kristalin me vete do t\u00eb mund t\u00eb keni plot gjall\u00ebri dhe dashuri. Madje, ajo konsiderohet si guri q\u00eb ju mbushh me dashuri t\u00eb madhe.<\/p>\n<p>\u00cbsht\u00eb gjithashtu e dobishme p\u00ebr promovimin e paqes, si dhe ndalimin e mendimeve p\u00ebr\u00e7ar\u00ebse. Me koralet fosile, do t\u00eb keni fuqin\u00eb t\u00eb hapeni p\u00ebr t\u00eb ardhmen tuaj pa asnj\u00eb hezitim.<\/p>\n<p>Koralet fosile mund t\u00eb ndihmojn\u00eb n\u00eb trajtimin e problemeve t\u00eb pankreasit. Jo vet\u00ebm kaq, por p\u00ebrmir\u00ebson edhe qarkullimin e ajrit dhe gjakut.<\/p>\n<p>P\u00ebr m\u00eb tep\u00ebr, p\u00ebrdoret p\u00ebr trajtimin e problemeve t\u00eb stomakut, syve dhe l\u00ebkur\u00ebs.<\/p>\n<p>Koralet fosile dihet se ofrojn\u00eb urt\u00ebsi p\u00ebr sukses. Do ta begatoj\u00eb shum\u00eb t\u00eb ardhmen tuaj me njohuri t\u00eb mrekullueshme q\u00eb mund t&#8217;ju ndihmojn\u00eb t\u00eb arrini q\u00ebllimet tuaja financiarisht.<\/p>\n","protected":false},"excerpt":{"rendered":"<p>\u00c7akra: Zemra, Pleksus Diellor. Zodiaku: Demi, Luani. &nbsp; N\u00ebse jeni t\u00eb hutuar, t\u00eb keni nj\u00eb koral fosil pran\u00eb jush mund t\u00eb jet\u00eb nj\u00eb ndihm\u00eb e madhe.<span class=\"excerpt-hellip\"> [\u2026]<\/span><\/p>\n","protected":false},"featured_media":15260,"comment_status":"open","ping_status":"closed","template":"","meta":[],"product_brand":[],"product_cat":[2385,2292,2405,2372,2388,2370,2356,2989,2375,2310,2365,2353,2307,2897,2359,2352,2386,2304,2404],"product_tag":[],"class_list":{"0":"post-15330","1":"product","2":"type-product","3":"status-publish","4":"has-post-thumbnail","6":"product_cat-bardhe","7":"product_cat-crystal-jewelry-sq","8":"product_cat-blej-sipas","9":"product_cat-blej-sipas-ngjyres","10":"product_cat-bracelet-sq","11":"product_cat-demi","12":"product_cat-fat-sukses","13":"product_cat-fossilized-coral","14":"product_cat-kafte","15":"product_cat-llojet-e-gurve-te-cmuar","16":"product_cat-luani","17":"product_cat-lumturi-vetebesim","18":"product_cat-pleksusi-diellor","19":"product_cat-rruza","20":"product_cat-shenjat-e-horoskopit","21":"product_cat-qellim","22":"product_cat-verdhe","23":"product_cat-zemra","24":"product_cat-zona-e-cakres","26":"first","27":"instock","28":"shipping-taxable","29":"purchasable","30":"product-type-variable"},"_links":{"self":[{"href":"https:\/\/tinacrystals.com\/sq\/wp-json\/wp\/v2\/product\/15330","targetHints":{"allow":["GET"]}}],"collection":[{"href":"https:\/\/tinacrystals.com\/sq\/wp-json\/wp\/v2\/product"}],"about":[{"href":"https:\/\/tinacrystals.com\/sq\/wp-json\/wp\/v2\/types\/product"}],"replies":[{"embeddable":true,"href":"https:\/\/tinacrystals.com\/sq\/wp-json\/wp\/v2\/comments?post=15330"}],"wp:featuredmedia":[{"embeddable":true,"href":"https:\/\/tinacrystals.com\/sq\/wp-json\/wp\/v2\/media\/15260"}],"wp:attachment":[{"href":"https:\/\/tinacrystals.com\/sq\/wp-json\/wp\/v2\/media?parent=15330"}],"wp:term":[{"taxonomy":"product_brand","embeddable":true,"href":"https:\/\/tinacrystals.com\/sq\/wp-json\/wp\/v2\/product_brand?post=15330"},{"taxonomy":"product_cat","embeddable":true,"href":"https:\/\/tinacrystals.com\/sq\/wp-json\/wp\/v2\/product_cat?post=15330"},{"taxonomy":"product_tag","embeddable":true,"href":"https:\/\/tinacrystals.com\/sq\/wp-json\/wp\/v2\/product_tag?post=15330"}],"curies":[{"name":"wp","href":"https:\/\/api.w.org\/{rel}","templated":true}]}}