{"id":16033,"date":"2022-03-22T10:57:36","date_gmt":"2022-03-22T09:57:36","guid":{"rendered":"http:\/\/tinacrystals.com\/?post_type=product&#038;p=16033"},"modified":"2022-06-21T13:00:47","modified_gmt":"2022-06-21T11:00:47","slug":"black-matte-onyx-bracelet","status":"publish","type":"product","link":"https:\/\/tinacrystals.com\/sq\/product\/black-matte-onyx-bracelet\/","title":{"rendered":"Oniks i Zi Mat Byzylik"},"content":{"rendered":"<p>\u00c7akra: Rr\u00ebnja<br \/>\nZodiaku: Luani, Bricjapi<\/p>\n<p>Oniks p\u00ebrforcon aspektin tuaj financiare dhe aft\u00ebsin\u00eb p\u00ebr t\u00eb q\u00ebndruar t\u00eb fokusuar dhe p\u00ebr t\u00eb arritur q\u00ebllimet financiare. Ky \u00ebsht\u00eb guri i p\u00ebrsosur p\u00ebr sip\u00ebrmarr\u00ebsit dhe i ndihmon t\u00eb vet\u00ebpun\u00ebsuarit t\u00eb fitojn\u00eb besim dhe q\u00ebndrueshm\u00ebri p\u00ebr t\u00eb q\u00ebndruar n\u00eb biznes. Promovon jet\u00ebgjat\u00ebsin\u00eb n\u00eb biznes.<\/p>\n<p>&nbsp;<\/p>\n<p><strong><em>Sh\u00ebrimi i Spirtaul:<\/em><\/strong><\/p>\n<p>Oniksi mund t\u00eb p\u00ebrmir\u00ebsoj\u00eb vizionin shpirt\u00ebror dhe p\u00ebrvojat e \u00ebndrrave. \u00cbsht\u00eb i dobish\u00ebm n\u00eb stimulimin e shqisave psikike dhe shpesh p\u00ebrdoret p\u00ebr frym\u00ebzim shpirt\u00ebror. Oniksi ju m\u00ebson p\u00ebrdorimin e duhur t\u00eb fuqis\u00eb dhe fokusimin e energjis\u00eb n\u00eb forc\u00eb pozitive.<\/p>\n<p>&nbsp;<\/p>\n<p><strong><em>Sh\u00ebrimi fizik:<\/em><\/strong><\/p>\n<p>Oniksi mund t\u00eb ndihmoj\u00eb n\u00eb zvog\u00eblimin e simptomave t\u00eb dhimbjes s\u00eb kok\u00ebs dhe p\u00ebrdoret p\u00ebr t\u00eb ndihmuar n\u00eb forcimin e syve dhe nervave optike. Oniksi stimulon \u00e7akr\u00ebn baz\u00eb, duke ju ndihmuar n\u00eb tok\u00ebzimin dhe lidhjen me energjin\u00eb elektromagnetike t\u00eb Tok\u00ebs.<\/p>\n<p>&nbsp;<\/p>\n<p><em><strong>Sh\u00ebrimi emocional:<\/strong><\/em><\/p>\n<p>Oniksi \u00ebsht\u00eb nj\u00eb gur tok\u00ebzues q\u00eb ju inkurajon t\u00eb ndiheni t\u00eb sigurt n\u00eb pranin\u00eb e tij. Vendosni nj\u00eb oniks pran\u00eb shtratit tuaj p\u00ebr t\u00eb ndaluar ankthet ose tmerret e nat\u00ebs. B\u00ebjeni q\u00ebllimin tuaj q\u00eb guri t\u00eb ruhet nga \u00e7do ndikim negativ nd\u00ebrsa ju flini t\u00eb qet\u00eb.<\/p>\n<p>&nbsp;<\/p>\n<p><strong><em>Pastroni dhe rimbushni:<\/em><\/strong><\/p>\n<p>Mbajeni gurin tuaj n\u00eb uj\u00eb t\u00eb rrjedhsh\u00ebm t\u00eb past\u00ebr. Kjo do ta pastroj\u00eb at\u00eb nga energjit\u00eb negative.<\/p>\n<p>P\u00ebr t\u00eb rimbushur gurin, l\u00ebreni at\u00eb n\u00ebn h\u00ebn\u00ebn e plot\u00eb gjat\u00eb gjith\u00eb nat\u00ebs.<\/p>\n","protected":false},"excerpt":{"rendered":"<p>Medium &#8211; approx 30*40*30mm<\/p>\n<p>Large &#8211; approx 70*60*40mm<\/p>\n","protected":false},"featured_media":15206,"comment_status":"open","ping_status":"closed","template":"","meta":[],"product_brand":[],"product_cat":[2292,2405,2372,2363,2388,2373,2358,2310,2365,2357,2910,2305,2897,2359,2352,2404],"product_tag":[],"class_list":{"0":"post-16033","1":"product","2":"type-product","3":"status-publish","4":"has-post-thumbnail","6":"product_cat-crystal-jewelry-sq","7":"product_cat-blej-sipas","8":"product_cat-blej-sipas-ngjyres","9":"product_cat-bricjapi","10":"product_cat-bracelet-sq","11":"product_cat-e-zeze","12":"product_cat-force-stabilitet","13":"product_cat-llojet-e-gurve-te-cmuar","14":"product_cat-luani","15":"product_cat-mbrotje-paqe","16":"product_cat-onyx-sq","17":"product_cat-rrenja","18":"product_cat-rruza","19":"product_cat-shenjat-e-horoskopit","20":"product_cat-qellim","21":"product_cat-zona-e-cakres","23":"first","24":"outofstock","25":"shipping-taxable","26":"purchasable","27":"product-type-variable"},"_links":{"self":[{"href":"https:\/\/tinacrystals.com\/sq\/wp-json\/wp\/v2\/product\/16033","targetHints":{"allow":["GET"]}}],"collection":[{"href":"https:\/\/tinacrystals.com\/sq\/wp-json\/wp\/v2\/product"}],"about":[{"href":"https:\/\/tinacrystals.com\/sq\/wp-json\/wp\/v2\/types\/product"}],"replies":[{"embeddable":true,"href":"https:\/\/tinacrystals.com\/sq\/wp-json\/wp\/v2\/comments?post=16033"}],"wp:featuredmedia":[{"embeddable":true,"href":"https:\/\/tinacrystals.com\/sq\/wp-json\/wp\/v2\/media\/15206"}],"wp:attachment":[{"href":"https:\/\/tinacrystals.com\/sq\/wp-json\/wp\/v2\/media?parent=16033"}],"wp:term":[{"taxonomy":"product_brand","embeddable":true,"href":"https:\/\/tinacrystals.com\/sq\/wp-json\/wp\/v2\/product_brand?post=16033"},{"taxonomy":"product_cat","embeddable":true,"href":"https:\/\/tinacrystals.com\/sq\/wp-json\/wp\/v2\/product_cat?post=16033"},{"taxonomy":"product_tag","embeddable":true,"href":"https:\/\/tinacrystals.com\/sq\/wp-json\/wp\/v2\/product_tag?post=16033"}],"curies":[{"name":"wp","href":"https:\/\/api.w.org\/{rel}","templated":true}]}}