{"id":16065,"date":"2022-03-22T11:10:00","date_gmt":"2022-03-22T10:10:04","guid":{"rendered":"http:\/\/tinacrystals.com\/?post_type=product&#038;p=16065"},"modified":"2022-05-10T08:45:35","modified_gmt":"2022-05-10T06:45:35","slug":"agat-lot-copy","status":"publish","type":"product","link":"https:\/\/tinacrystals.com\/sq\/product\/agat-lot-copy\/","title":{"rendered":"Agati Rrjetosur Byzylik"},"content":{"rendered":"<p><strong>HOROSKOPI<\/strong>: Binjak\u00ebt<br \/>\n<strong>CHAKRA<\/strong>: Kuror\u00eb<\/p>\n<p>&nbsp;<\/p>\n<p><em><strong>Agat<\/strong><\/em> do t\u00eb thot\u00eb sh\u00ebrim dhe tok\u00ebzim.<\/p>\n<p>&nbsp;<\/p>\n<p><em><strong>Sh\u00ebrimi shpirt\u00ebror:<\/strong><\/em><\/p>\n<p>Agati ngre vet\u00ebdijen dhe lidhet me vet\u00ebdijen e jet\u00ebs.<\/p>\n<p>Ai inkurajon soditjen e qet\u00eb t\u00eb p\u00ebrvojave tuaja t\u00eb jet\u00ebs q\u00eb \u00e7ojn\u00eb n\u00eb rritje shpirt\u00ebrore dhe stabilitet t\u00eb brendsh\u00ebm.<\/p>\n<p>&nbsp;<\/p>\n<p><em><strong>Sh\u00ebrimi fizik:<\/strong><\/em><\/p>\n<p>P\u00ebr ata q\u00eb luftojn\u00eb nga problemet e stomakut dhe problemet e tretjes, agati mund t\u00eb jet\u00eb kristali sh\u00ebrues q\u00eb ju nevojitet p\u00ebr t\u00eb funksionuar mir\u00eb sistemin tuaj.<\/p>\n<p>Mbajtja e nj\u00eb agati n\u00eb mes t\u00eb gjoksit forcon muskujt e zemr\u00ebs dhe sh\u00ebron disharmonin\u00eb emocionale q\u00eb pengon pranimin e dashuris\u00eb.<\/p>\n<p>&nbsp;<\/p>\n<p><em><strong>Sh\u00ebrimi emocional:<\/strong><\/em><\/p>\n<p>Agati \u00ebsht\u00eb m\u00eb shum\u00eb p\u00ebr t&#8217;ju dh\u00ebn\u00eb nj\u00eb baz\u00eb t\u00eb shk\u00eblqyer n\u00eb realitet dhe p\u00ebr t\u00eb siguruar q\u00eb t\u00eb q\u00ebndroni t\u00eb ekuilibruar n\u00eb t\u00eb menduarit tuaj.<\/p>\n<p>Agati mund t&#8217;ju inkurajoj\u00eb t\u00eb p\u00ebrdorni pusin tuaj t\u00eb thell\u00eb t\u00eb intuit\u00ebs, t\u00eb lidheni me ndjenj\u00ebn tuaj t\u00eb njohurive dhe t\u00eb k\u00ebrkoni nga brenda p\u00ebr p\u00ebrgjigjet dhe jo forcat e jashtme.<\/p>\n<p>&nbsp;<\/p>\n<p><em><strong>Pastroni dhe rimbushni:<\/strong><\/em><\/p>\n<p>Ju mund ta pastroni gurin leht\u00ebsisht duke p\u00ebrdorur uj\u00eb t\u00eb ngroht\u00eb me sapun dhe nj\u00eb leck\u00eb t\u00eb but\u00eb. Shmangni kimikatet e forta gjat\u00eb pastrimit t\u00eb gurit.<\/p>\n<p>Ju mund ta rimbusni gurin me tym sherebele ose thjesht duke e mbajtur n\u00eb dor\u00eb dhe duke th\u00ebn\u00eb pohime pozitive drejt kristalit.<\/p>\n","protected":false},"excerpt":{"rendered":"<p>HOROSKOPI: Binjak\u00ebt CHAKRA: Kuror\u00eb &nbsp; Agat do t\u00eb thot\u00eb sh\u00ebrim dhe tok\u00ebzim. &nbsp; Sh\u00ebrimi shpirt\u00ebror: Agati ngre vet\u00ebdijen dhe lidhet me vet\u00ebdijen e jet\u00ebs. Ai inkurajon<span class=\"excerpt-hellip\"> [\u2026]<\/span><\/p>\n","protected":false},"featured_media":16010,"comment_status":"open","ping_status":"closed","template":"","meta":[],"product_brand":[],"product_cat":[2401,2364,2292,2405,2372,2363,2388,2355,2358,2303,2310,2897,2359,2368,2352,2386,2404],"product_tag":[],"class_list":{"0":"post-16065","1":"product","2":"type-product","3":"status-publish","4":"has-post-thumbnail","6":"product_cat-agate-sq","7":"product_cat-binjaket","8":"product_cat-crystal-jewelry-sq","9":"product_cat-blej-sipas","10":"product_cat-blej-sipas-ngjyres","11":"product_cat-bricjapi","12":"product_cat-bracelet-sq","13":"product_cat-dashuri-harmoni","14":"product_cat-force-stabilitet","15":"product_cat-kurora","16":"product_cat-llojet-e-gurve-te-cmuar","17":"product_cat-rruza","18":"product_cat-shenjat-e-horoskopit","19":"product_cat-shigjetari","20":"product_cat-qellim","21":"product_cat-verdhe","22":"product_cat-zona-e-cakres","24":"first","25":"instock","26":"shipping-taxable","27":"purchasable","28":"product-type-variable"},"_links":{"self":[{"href":"https:\/\/tinacrystals.com\/sq\/wp-json\/wp\/v2\/product\/16065","targetHints":{"allow":["GET"]}}],"collection":[{"href":"https:\/\/tinacrystals.com\/sq\/wp-json\/wp\/v2\/product"}],"about":[{"href":"https:\/\/tinacrystals.com\/sq\/wp-json\/wp\/v2\/types\/product"}],"replies":[{"embeddable":true,"href":"https:\/\/tinacrystals.com\/sq\/wp-json\/wp\/v2\/comments?post=16065"}],"wp:featuredmedia":[{"embeddable":true,"href":"https:\/\/tinacrystals.com\/sq\/wp-json\/wp\/v2\/media\/16010"}],"wp:attachment":[{"href":"https:\/\/tinacrystals.com\/sq\/wp-json\/wp\/v2\/media?parent=16065"}],"wp:term":[{"taxonomy":"product_brand","embeddable":true,"href":"https:\/\/tinacrystals.com\/sq\/wp-json\/wp\/v2\/product_brand?post=16065"},{"taxonomy":"product_cat","embeddable":true,"href":"https:\/\/tinacrystals.com\/sq\/wp-json\/wp\/v2\/product_cat?post=16065"},{"taxonomy":"product_tag","embeddable":true,"href":"https:\/\/tinacrystals.com\/sq\/wp-json\/wp\/v2\/product_tag?post=16065"}],"curies":[{"name":"wp","href":"https:\/\/api.w.org\/{rel}","templated":true}]}}