{"id":16629,"date":"2022-03-23T10:56:30","date_gmt":"2022-03-23T09:56:34","guid":{"rendered":"http:\/\/tinacrystals.com\/?post_type=product&#038;p=16629"},"modified":"2022-05-10T12:26:06","modified_gmt":"2022-05-10T10:26:06","slug":"syri-tigrit-te-verdhe-byzylik-copy","status":"publish","type":"product","link":"https:\/\/tinacrystals.com\/sq\/product\/syri-tigrit-te-verdhe-byzylik-copy\/","title":{"rendered":"Syri Tigrit i Kaft\u00eb Byzylik"},"content":{"rendered":"<p><strong>HOROSKOPI<\/strong>: Luani, Bricjapi<br \/>\n<strong>\u00c7AKRA<\/strong>: Pleksus Sakral, Diellor<\/p>\n<p><strong><em>Syri i Tigerit<\/em><\/strong> do ju b\u00ebj m\u00eb sfidues t\u00eb eksploroni t\u00eb panjohur\u00ebn n\u00eb jet\u00eb, edhe n\u00ebse ndjehni komfort.<\/p>\n<p><strong><em><br \/>\nSh\u00ebrimi shpirt\u00ebror:<\/em><\/strong><\/p>\n<p>Syri i Tigrit do t&#8217;ju sjell\u00eb fat, ai ka aft\u00ebsin\u00eb p\u00ebr t\u00eb p\u00ebrqendruar mendjen, promovon qart\u00ebsin\u00eb mendore.<\/p>\n<p>Do t\u00eb stabilizoj\u00eb luhatjet tuaja t\u00eb humorit, do t&#8217;ju mbush me fuqi, guxim, vet\u00ebbesim dhe q\u00ebllim.<\/p>\n<p><strong><em><br \/>\nSh\u00ebrimi fizik:<\/em><\/strong><\/p>\n<p>N\u00ebse vuani nga depresioni, ky kristal do t&#8217;ju forcoj\u00eb ta kaloni at\u00eb m\u00eb leht\u00eb.<\/p>\n<p>Edhe n\u00ebse ndiheni pak t\u00eb plog\u00ebsht, Syri i Tigrit do t\u00eb zgjoj\u00eb motivimin.<\/p>\n<p>Ai do t\u00eb balancoj\u00eb sistemin tuaj endokrin dhe gjithashtu \u00ebsht\u00eb nj\u00eb forcues i shk\u00eblqyer i gjakut.<\/p>\n<p><strong><em><br \/>\nSh\u00ebrimi emocional:<\/em><\/strong><\/p>\n<p>N\u00ebse ndonj\u00ebher\u00eb ndiheni sikur jeni t\u00eb bllokuar, energjia e k\u00ebtij kristali mund ta pres\u00eb at\u00eb munges\u00eb motivimi dhe do t&#8217;ju ndihmoj\u00eb t\u00eb p\u00ebrqendroheni m\u00eb shum\u00eb dhe t\u00eb jeni m\u00eb aktiv.<\/p>\n<p>Energjit\u00eb toksike do t\u00eb zhduken n\u00ebse e merrni Syrin e Tigerit pran\u00eb jush dhe \u00ebndrrat m\u00eb t\u00eb thella papritmas pushojn\u00eb s\u00eb qeni thjesht \u00ebndrra dhe b\u00ebhen realitet.<\/p>\n<p>Syri i Tigrit do funksionoj p\u00ebr t\u00eb gjetur p\u00ebrfitime p\u00ebr ata q\u00eb punojn\u00eb shum\u00eb dhe kan\u00eb v\u00ebshtir\u00eb t\u00eb mbeldhin para.<\/p>\n<p><strong><em><br \/>\nPastrimi dhe rimbushja<\/em><\/strong><strong><em>:<\/em><\/strong><\/p>\n<p>Si \u00e7do kristal tjet\u00ebr, Syri i Tigerit gjithashtu duhet t\u00eb pastrohet rregullisht, ve\u00e7an\u00ebrisht kur ndryshoni vendndodhjen, sepse ky kristal merr energjit\u00eb e mjedisit t\u00eb tij shum\u00eb shpejt. M\u00ebnyra m\u00eb e mir\u00eb dhe m\u00eb efektive p\u00ebr t\u00eb pastruar kristalin pa e d\u00ebmtuar at\u00eb \u00ebsht\u00eb p\u00ebrdorimi i drit\u00ebs s\u00eb diellit, nj\u00eb m\u00ebnyr\u00eb tjet\u00ebr e shk\u00eblqyer \u00ebsht\u00eb tymi i sherebel\u00ebs.<\/p>\n","protected":false},"excerpt":{"rendered":"<p>HOROSKOPI: Luani, Bricjapi \u00c7AKRA: Pleksus Sakral, Diellor Syri i Tigerit do ju b\u00ebj m\u00eb sfidues t\u00eb eksploroni t\u00eb panjohur\u00ebn n\u00eb jet\u00eb, edhe n\u00ebse ndjehni komfort. Sh\u00ebrimi<span class=\"excerpt-hellip\"> [\u2026]<\/span><\/p>\n","protected":false},"featured_media":15009,"comment_status":"open","ping_status":"closed","template":"","meta":[],"product_brand":[],"product_cat":[2292,2405,2372,2363,2388,2356,2358,2384,2310,2365,2353,2357,2307,2381,2897,2306,2359,2352,2349,2404],"product_tag":[],"class_list":{"0":"post-16629","1":"product","2":"type-product","3":"status-publish","4":"has-post-thumbnail","6":"product_cat-crystal-jewelry-sq","7":"product_cat-blej-sipas","8":"product_cat-blej-sipas-ngjyres","9":"product_cat-bricjapi","10":"product_cat-bracelet-sq","11":"product_cat-fat-sukses","12":"product_cat-force-stabilitet","13":"product_cat-kuq","14":"product_cat-llojet-e-gurve-te-cmuar","15":"product_cat-luani","16":"product_cat-lumturi-vetebesim","17":"product_cat-mbrotje-paqe","18":"product_cat-pleksusi-diellor","19":"product_cat-portokalle","20":"product_cat-rruza","21":"product_cat-sakrale","22":"product_cat-shenjat-e-horoskopit","23":"product_cat-qellim","24":"product_cat-syri-tigrit","25":"product_cat-zona-e-cakres","27":"first","28":"instock","29":"shipping-taxable","30":"purchasable","31":"product-type-variable"},"_links":{"self":[{"href":"https:\/\/tinacrystals.com\/sq\/wp-json\/wp\/v2\/product\/16629","targetHints":{"allow":["GET"]}}],"collection":[{"href":"https:\/\/tinacrystals.com\/sq\/wp-json\/wp\/v2\/product"}],"about":[{"href":"https:\/\/tinacrystals.com\/sq\/wp-json\/wp\/v2\/types\/product"}],"replies":[{"embeddable":true,"href":"https:\/\/tinacrystals.com\/sq\/wp-json\/wp\/v2\/comments?post=16629"}],"wp:featuredmedia":[{"embeddable":true,"href":"https:\/\/tinacrystals.com\/sq\/wp-json\/wp\/v2\/media\/15009"}],"wp:attachment":[{"href":"https:\/\/tinacrystals.com\/sq\/wp-json\/wp\/v2\/media?parent=16629"}],"wp:term":[{"taxonomy":"product_brand","embeddable":true,"href":"https:\/\/tinacrystals.com\/sq\/wp-json\/wp\/v2\/product_brand?post=16629"},{"taxonomy":"product_cat","embeddable":true,"href":"https:\/\/tinacrystals.com\/sq\/wp-json\/wp\/v2\/product_cat?post=16629"},{"taxonomy":"product_tag","embeddable":true,"href":"https:\/\/tinacrystals.com\/sq\/wp-json\/wp\/v2\/product_tag?post=16629"}],"curies":[{"name":"wp","href":"https:\/\/api.w.org\/{rel}","templated":true}]}}