{"id":16630,"date":"2022-03-23T10:56:46","date_gmt":"2022-03-23T09:57:24","guid":{"rendered":"http:\/\/tinacrystals.com\/?post_type=product&#038;p=16630"},"modified":"2022-06-21T11:28:30","modified_gmt":"2022-06-21T09:28:30","slug":"caroit-i-zi-byzylik","status":"publish","type":"product","link":"https:\/\/tinacrystals.com\/sq\/product\/caroit-i-zi-byzylik\/","title":{"rendered":"\u00c7aroit i Zi Byzylik"},"content":{"rendered":"<p>\u00c7akra: Zemra, Syri i Tret\u00eb, Kurora<br \/>\nZodiaku: Akrepi, Shigjetari<\/p>\n<p>&nbsp;<\/p>\n<p>\u00c7aroiti \u00ebsht\u00eb nj\u00eb gur i njohurive t\u00eb brendshme, duke shfryt\u00ebzuar energjit\u00eb dhe duke pastruar trupin eterik.<\/p>\n<p>&nbsp;<\/p>\n<p><strong><em>Sh\u00ebrimi i Spirtaul:\u00a0<\/em><\/strong> Ky perl\u00eb e fuqishme vjollce mund t\u00eb pastroj\u00eb \u00e7akrat tuaja m\u00eb t\u00eb larta &#8211; duke hequr bllokimet nga \u00e7akra e zemr\u00ebs, \u00e7akra e syrit t\u00eb tret\u00eb dhe \u00e7akra e kuror\u00ebs gjithashtu. Duke pastruar aur\u00ebn dhe duke hapur \u00e7akrat tona t\u00eb sip\u00ebrme, na vendos n\u00eb vendin e p\u00ebrsosur p\u00ebr t\u00eb marr\u00eb energji pozitive ngrit\u00ebse.<\/p>\n<p>&nbsp;<\/p>\n<p><em><strong>Sh\u00ebrimi fizik:\u00a0<\/strong><\/em> \u00c7aroiti \u00ebsht\u00eb i shk\u00eblqyesh\u00ebm p\u00ebr t\u00eb ndihmuar n\u00eb kontrollin e presionit t\u00eb gjakut dhe gjithashtu mund t\u00eb ndihmoj\u00eb n\u00eb p\u00ebrmir\u00ebsimin e sh\u00ebndetit t\u00eb pankreasit dhe m\u00ebl\u00e7is\u00eb tuaj. Energjia e qet\u00eb mund t\u00eb jet\u00eb gjithashtu jasht\u00ebzakonisht e dobishme p\u00ebr ata q\u00eb luftojn\u00eb me Asperger ose ADHD.<\/p>\n<p>&nbsp;<\/p>\n<p><em><strong>Sh\u00ebrimi emocional:\u00a0<\/strong><\/em> Kur b\u00ebhet fjal\u00eb p\u00ebr mir\u00ebqenien tuaj emocionale, \u00c7aroite nuk kalon asnj\u00eb rrahje. Ky gur k\u00ebrkon guxim dhe i jep nj\u00eb shtys\u00eb vet\u00ebbesimit tuaj, duke ju kujtuar se mund t\u00eb arrini gjith\u00e7ka q\u00eb d\u00ebshironi n\u00eb jet\u00eb. P\u00ebr ata q\u00eb kan\u00eb t\u00eb b\u00ebjn\u00eb me \u00e7do lloj humbjeje n\u00eb jet\u00ebn e tyre, \u00c7aroite do t&#8217;ju marr\u00eb, do t&#8217;ju pastroj\u00eb dhe do t&#8217;ju ftoj\u00eb t\u00eb gjeni fuqin\u00eb e brendshme p\u00ebr t&#8217;i v\u00ebn\u00eb gj\u00ebrat n\u00eb vend t\u00eb duhur . \u00cbsht\u00eb nj\u00eb gur i duhur p\u00ebr vendimmarrje.<\/p>\n","protected":false},"excerpt":{"rendered":"<p>\u00c7akra: Zemra, Syri i Tret\u00eb, Kurora Zodiaku: Akrepi, Shigjetari &nbsp; \u00c7aroiti \u00ebsht\u00eb nj\u00eb gur i njohurive t\u00eb brendshme, duke shfryt\u00ebzuar energjit\u00eb dhe duke pastruar trupin eterik.<span class=\"excerpt-hellip\"> [\u2026]<\/span><\/p>\n","protected":false},"featured_media":15856,"comment_status":"open","ping_status":"closed","template":"","meta":[],"product_brand":[],"product_cat":[2369,2292,2372,2388,2355,2373,2303,2310,2357,2897,2359,2368,2352,2308,2404],"product_tag":[],"class_list":{"0":"post-16630","1":"product","2":"type-product","3":"status-publish","4":"has-post-thumbnail","6":"product_cat-akrepi-sq","7":"product_cat-crystal-jewelry-sq","8":"product_cat-blej-sipas-ngjyres","9":"product_cat-bracelet-sq","10":"product_cat-dashuri-harmoni","11":"product_cat-e-zeze","12":"product_cat-kurora","13":"product_cat-llojet-e-gurve-te-cmuar","14":"product_cat-mbrotje-paqe","15":"product_cat-rruza","16":"product_cat-shenjat-e-horoskopit","17":"product_cat-shigjetari","18":"product_cat-qellim","19":"product_cat-syri-i-trete","20":"product_cat-zona-e-cakres","22":"first","23":"instock","24":"shipping-taxable","25":"purchasable","26":"product-type-variable"},"_links":{"self":[{"href":"https:\/\/tinacrystals.com\/sq\/wp-json\/wp\/v2\/product\/16630","targetHints":{"allow":["GET"]}}],"collection":[{"href":"https:\/\/tinacrystals.com\/sq\/wp-json\/wp\/v2\/product"}],"about":[{"href":"https:\/\/tinacrystals.com\/sq\/wp-json\/wp\/v2\/types\/product"}],"replies":[{"embeddable":true,"href":"https:\/\/tinacrystals.com\/sq\/wp-json\/wp\/v2\/comments?post=16630"}],"wp:featuredmedia":[{"embeddable":true,"href":"https:\/\/tinacrystals.com\/sq\/wp-json\/wp\/v2\/media\/15856"}],"wp:attachment":[{"href":"https:\/\/tinacrystals.com\/sq\/wp-json\/wp\/v2\/media?parent=16630"}],"wp:term":[{"taxonomy":"product_brand","embeddable":true,"href":"https:\/\/tinacrystals.com\/sq\/wp-json\/wp\/v2\/product_brand?post=16630"},{"taxonomy":"product_cat","embeddable":true,"href":"https:\/\/tinacrystals.com\/sq\/wp-json\/wp\/v2\/product_cat?post=16630"},{"taxonomy":"product_tag","embeddable":true,"href":"https:\/\/tinacrystals.com\/sq\/wp-json\/wp\/v2\/product_tag?post=16630"}],"curies":[{"name":"wp","href":"https:\/\/api.w.org\/{rel}","templated":true}]}}