{"id":16713,"date":"2022-03-23T14:06:03","date_gmt":"2022-03-23T13:25:44","guid":{"rendered":"http:\/\/tinacrystals.com\/?post_type=product&#038;p=16713"},"modified":"2022-06-22T12:34:27","modified_gmt":"2022-06-22T10:34:27","slug":"larimar-blu-byzylik","status":"publish","type":"product","link":"https:\/\/tinacrystals.com\/sq\/product\/larimar-blu-byzylik\/","title":{"rendered":"Larimar Blu Byzylik"},"content":{"rendered":"<p><em>\u00c7akra:<\/em>\u00a0 Fyti, Syri i Tret\u00eb, Kurora<br \/>\n<em>Zodiaku:<\/em>\u00a0 Luani, Ujori<\/p>\n<p>&nbsp;<\/p>\n<p>Gur\u00ebt e \u00e7muar Larimar jan\u00eb t\u00eb tejmbushur me nj\u00eb energji t\u00eb till\u00eb qet\u00ebsuese.<\/p>\n<p>&nbsp;<\/p>\n<p><strong><em>Sh\u00ebrimi shpirt\u00ebror:<\/em><\/strong><\/p>\n<p>Larimar \u00ebsht\u00eb gjithashtu i lidhur me energjit\u00eb e qiellit dhe t\u00eb detit; si rezultat, ajo i ndihmon grat\u00eb t\u00eb rifitojn\u00eb dhembshurin\u00eb e tyre natyrore dhe t\u00eb rilidhen me natyr\u00ebn. Ajo nxjerr vitalitet, k\u00ebnaq\u00ebsi dhe nj\u00eb ndjenj\u00eb t\u00eb vet\u00ebkontrollit.<\/p>\n<p>&nbsp;<\/p>\n<p><strong><em>Sh\u00ebrimi fizik:<\/em><\/strong><\/p>\n<p>Larimar \u00ebsht\u00eb nj\u00eb perl\u00eb qet\u00ebsuese q\u00eb leht\u00ebson tensionin dhe p\u00ebrfiton organikisht i gjith\u00eb trupi. Mund t&#8217;i ndihmoj\u00eb grat\u00eb n\u00eb menaxhimin e ng\u00ebr\u00e7eve t\u00eb stomakut gjat\u00eb tremujorit t\u00eb tret\u00eb t\u00eb shtatz\u00ebnis\u00eb, t\u00eb luftoj\u00eb dhimbjet torturuese pas lindjes dhe t\u00eb parandaloj\u00eb depresionin pas lindjes.<\/p>\n<p>Fizikisht, Larimar \u00ebsht\u00eb padyshim i dobish\u00ebm. Ndihmon n\u00eb trajtimin e problemeve t\u00eb k\u00ebrcit dhe fytit dhe heqjen e bllokimeve n\u00eb kok\u00eb, qaf\u00eb dhe gjoks.<\/p>\n<p>&nbsp;<\/p>\n<p><strong><em>Sh\u00ebrimi emocional:<\/em><\/strong><\/p>\n<p>Ju mund t\u00eb filloni t\u00eb lini emocionet e d\u00ebmshme pasi t\u00eb keni m\u00ebsuar t\u00eb b\u00ebni klasifikimin midis emocioneve negative konstruktive dhe shkat\u00ebrruese, q\u00eb \u00ebsht\u00eb nj\u00eb nga avantazhet sh\u00ebndet\u00ebsore q\u00eb posedon Larimar. Ai gjithashtu ndihmon n\u00eb identifikimin e kufizimeve t\u00eb vet\u00eb-imponuara dhe sjelljes vet\u00eb-shkat\u00ebrruese, ve\u00e7an\u00ebrisht ndaj dhimbjes, dhe ndihmon n\u00eb rifitimin e vet\u00ebdisiplin\u00ebs dhe kontrollit mbi jet\u00ebn.<\/p>\n<p>&nbsp;<\/p>\n<p><strong><em>Pastroni dhe rimbushni:<\/em><\/strong><\/p>\n<p>Mbajeni gurin tuaj n\u00eb uj\u00eb t\u00eb rrjedhsh\u00ebm t\u00eb past\u00ebr. Kjo do ta pastroj\u00eb at\u00eb nga energjit\u00eb negative.<\/p>\n<p>P\u00ebr t\u00eb rimbushur gurin, l\u00ebreni at\u00eb n\u00ebn h\u00ebn\u00ebn e plot\u00eb gjat\u00eb gjith\u00eb nat\u00ebs.<\/p>\n","protected":false},"excerpt":{"rendered":"<p>\u00c7akra:\u00a0 Fyti, Syri i Tret\u00eb, Kurora Zodiaku:\u00a0 Luani, Ujori &nbsp; Gur\u00ebt e \u00e7muar Larimar jan\u00eb t\u00eb tejmbushur me nj\u00eb energji t\u00eb till\u00eb qet\u00ebsuese. &nbsp; Sh\u00ebrimi shpirt\u00ebror:<span class=\"excerpt-hellip\"> [\u2026]<\/span><\/p>\n","protected":false},"featured_media":15799,"comment_status":"open","ping_status":"closed","template":"","meta":[],"product_brand":[],"product_cat":[2292,2405,2372,2374,2388,2355,2358,2309,2303,2310,2365,2897,2359,2352,2308,2360,2404],"product_tag":[],"class_list":{"0":"post-16713","1":"product","2":"type-product","3":"status-publish","4":"has-post-thumbnail","6":"product_cat-crystal-jewelry-sq","7":"product_cat-blej-sipas","8":"product_cat-blej-sipas-ngjyres","9":"product_cat-blu","10":"product_cat-bracelet-sq","11":"product_cat-dashuri-harmoni","12":"product_cat-force-stabilitet","13":"product_cat-fyti","14":"product_cat-kurora","15":"product_cat-llojet-e-gurve-te-cmuar","16":"product_cat-luani","17":"product_cat-rruza","18":"product_cat-shenjat-e-horoskopit","19":"product_cat-qellim","20":"product_cat-syri-i-trete","21":"product_cat-ujori","22":"product_cat-zona-e-cakres","24":"first","25":"instock","26":"shipping-taxable","27":"purchasable","28":"product-type-variable"},"_links":{"self":[{"href":"https:\/\/tinacrystals.com\/sq\/wp-json\/wp\/v2\/product\/16713","targetHints":{"allow":["GET"]}}],"collection":[{"href":"https:\/\/tinacrystals.com\/sq\/wp-json\/wp\/v2\/product"}],"about":[{"href":"https:\/\/tinacrystals.com\/sq\/wp-json\/wp\/v2\/types\/product"}],"replies":[{"embeddable":true,"href":"https:\/\/tinacrystals.com\/sq\/wp-json\/wp\/v2\/comments?post=16713"}],"wp:featuredmedia":[{"embeddable":true,"href":"https:\/\/tinacrystals.com\/sq\/wp-json\/wp\/v2\/media\/15799"}],"wp:attachment":[{"href":"https:\/\/tinacrystals.com\/sq\/wp-json\/wp\/v2\/media?parent=16713"}],"wp:term":[{"taxonomy":"product_brand","embeddable":true,"href":"https:\/\/tinacrystals.com\/sq\/wp-json\/wp\/v2\/product_brand?post=16713"},{"taxonomy":"product_cat","embeddable":true,"href":"https:\/\/tinacrystals.com\/sq\/wp-json\/wp\/v2\/product_cat?post=16713"},{"taxonomy":"product_tag","embeddable":true,"href":"https:\/\/tinacrystals.com\/sq\/wp-json\/wp\/v2\/product_tag?post=16713"}],"curies":[{"name":"wp","href":"https:\/\/api.w.org\/{rel}","templated":true}]}}