{"id":16772,"date":"2022-03-24T09:25:13","date_gmt":"2022-03-24T08:25:43","guid":{"rendered":"http:\/\/tinacrystals.com\/?post_type=product&#038;p=16772"},"modified":"2022-06-29T12:52:25","modified_gmt":"2022-06-29T10:52:25","slug":"jasper-i-gjelbert-byzylik","status":"publish","type":"product","link":"https:\/\/tinacrystals.com\/sq\/product\/jasper-i-gjelbert-byzylik\/","title":{"rendered":"Jasper i Gjelb\u00ebrt Byzylik"},"content":{"rendered":"<p><strong>HOROSKOPI<\/strong>: Peshorja, Peshqit, Ujori<br \/>\n<strong>\u00c7<\/strong><strong>AKRA<\/strong>: Zemra, fyti, Syri Tret\u00eb, Pleksusi Diellor<\/p>\n<p>Green Jasper \u00ebsht\u00eb nj\u00eb gur i paqes dhe qet\u00ebsis\u00eb.<\/p>\n<p><strong>Sh\u00ebrimi shpirt\u00ebror:<\/strong><\/p>\n<p>Green Jasper b\u00ebn nj\u00eb kristal ideal relaksues p\u00ebr qet\u00ebsimin e nervave dhe rritjen e fokusit dhe \u00ebsht\u00eb nj\u00eb gur i mrekulluesh\u00ebm p\u00ebr t\u00eb larguar ankthet ose mendimet e d\u00ebmshme.<\/p>\n<p>Ai inkurajon lumturin\u00eb dhe aktivizon aft\u00ebsin\u00eb p\u00ebr t\u00eb t\u00ebrhequr begati dhe boll\u00ebk n\u00eb jet\u00ebn tuaj.<\/p>\n<p><strong>Sh\u00ebrimi fizik:<\/strong><\/p>\n<p>Green Jasper njihet p\u00ebr rregullimin e nofull\u00ebs dhe dh\u00ebmb\u00ebve dhe ndihmon n\u00eb fushat q\u00eb kan\u00eb t\u00eb b\u00ebjn\u00eb me dh\u00ebmb\u00ebt dhe n\u00eb t\u00eb gjitha pun\u00ebt dentare.<\/p>\n<p>\u00cbsht\u00eb gjithashtu i dobish\u00ebm n\u00eb pastrimin e trupit nga toksinat dhe mund t\u00eb p\u00ebrdoret p\u00ebr t\u00eb p\u00ebrmir\u00ebsuar gjendjen e l\u00ebkur\u00ebs, flok\u00ebve dhe thonjve.<\/p>\n<p><strong>Sh\u00ebrimi emocional:<\/strong><\/p>\n<p>Fton ndjenj\u00ebn e dhembshuris\u00eb dhe durimit, madje edhe bujarin\u00eb.<\/p>\n<p>Gjithashtu e favorshme p\u00ebr t\u00eb hapur zemr\u00ebn tuaj, ju rrit t\u00eb doni veten dhe t\u00eb tjer\u00ebt thell\u00eb.<\/p>\n<p><strong>Pastroni dhe rimbushni:<\/strong><\/p>\n<p>M\u00ebnyra m\u00eb e leht\u00eb p\u00ebr t\u00eb pastruar k\u00ebt\u00eb kristal \u00ebsht\u00eb me uj\u00eb t\u00eb ngroht\u00eb, me sapun dhe nj\u00eb leck\u00eb t\u00eb but\u00eb.<\/p>\n<p>Ju do t\u00eb duhet t\u00eb pastroni gurin tuaj rregullisht p\u00ebr t&#8217;u siguruar q\u00eb ai \u00ebsht\u00eb n\u00eb gjendje t\u00eb funksionoj\u00eb n\u00eb m\u00ebnyr\u00eb efektive.<\/p>\n","protected":false},"excerpt":{"rendered":"<p>HOROSKOPI: Peshorja, Peshqit, Ujori \u00c7AKRA: Zemra, fyti, Syri Tret\u00eb, Pleksusi Diellor Green Jasper \u00ebsht\u00eb nj\u00eb gur i paqes dhe qet\u00ebsis\u00eb. Sh\u00ebrimi shpirt\u00ebror: Green Jasper b\u00ebn nj\u00eb<span class=\"excerpt-hellip\"> [\u2026]<\/span><\/p>\n","protected":false},"featured_media":15772,"comment_status":"open","ping_status":"closed","template":"","meta":[],"product_brand":[],"product_cat":[2292,2405,2372,2388,2356,2358,2309,2379,2310,2366,2367,2307,2897,2359,2352,2308,2360,2304,2404],"product_tag":[],"class_list":{"0":"post-16772","1":"product","2":"type-product","3":"status-publish","4":"has-post-thumbnail","6":"product_cat-crystal-jewelry-sq","7":"product_cat-blej-sipas","8":"product_cat-blej-sipas-ngjyres","9":"product_cat-bracelet-sq","10":"product_cat-fat-sukses","11":"product_cat-force-stabilitet","12":"product_cat-fyti","13":"product_cat-gjelbert","14":"product_cat-llojet-e-gurve-te-cmuar","15":"product_cat-peshorja","16":"product_cat-peshqit","17":"product_cat-pleksusi-diellor","18":"product_cat-rruza","19":"product_cat-shenjat-e-horoskopit","20":"product_cat-qellim","21":"product_cat-syri-i-trete","22":"product_cat-ujori","23":"product_cat-zemra","24":"product_cat-zona-e-cakres","26":"first","27":"instock","28":"shipping-taxable","29":"purchasable","30":"product-type-variable"},"_links":{"self":[{"href":"https:\/\/tinacrystals.com\/sq\/wp-json\/wp\/v2\/product\/16772","targetHints":{"allow":["GET"]}}],"collection":[{"href":"https:\/\/tinacrystals.com\/sq\/wp-json\/wp\/v2\/product"}],"about":[{"href":"https:\/\/tinacrystals.com\/sq\/wp-json\/wp\/v2\/types\/product"}],"replies":[{"embeddable":true,"href":"https:\/\/tinacrystals.com\/sq\/wp-json\/wp\/v2\/comments?post=16772"}],"wp:featuredmedia":[{"embeddable":true,"href":"https:\/\/tinacrystals.com\/sq\/wp-json\/wp\/v2\/media\/15772"}],"wp:attachment":[{"href":"https:\/\/tinacrystals.com\/sq\/wp-json\/wp\/v2\/media?parent=16772"}],"wp:term":[{"taxonomy":"product_brand","embeddable":true,"href":"https:\/\/tinacrystals.com\/sq\/wp-json\/wp\/v2\/product_brand?post=16772"},{"taxonomy":"product_cat","embeddable":true,"href":"https:\/\/tinacrystals.com\/sq\/wp-json\/wp\/v2\/product_cat?post=16772"},{"taxonomy":"product_tag","embeddable":true,"href":"https:\/\/tinacrystals.com\/sq\/wp-json\/wp\/v2\/product_tag?post=16772"}],"curies":[{"name":"wp","href":"https:\/\/api.w.org\/{rel}","templated":true}]}}