{"id":16782,"date":"2022-03-24T09:35:46","date_gmt":"2022-03-24T08:37:46","guid":{"rendered":"http:\/\/tinacrystals.com\/?post_type=product&#038;p=16782"},"modified":"2022-06-29T12:36:21","modified_gmt":"2022-06-29T10:36:21","slug":"euklloriti-gjelbert","status":"publish","type":"product","link":"https:\/\/tinacrystals.com\/sq\/product\/euklloriti-gjelbert\/","title":{"rendered":"Euklloriti Gjelb\u00ebrt Byzylik"},"content":{"rendered":"<p>\u00c7akra: Zemra, fyt.<br \/>\nZodiaku: Dashi, Binjak\u00ebt.<\/p>\n<p>&nbsp;<\/p>\n<p>N\u00ebse jeni duke pyetur veten se p\u00ebr \u00e7far\u00eb mund t\u00eb p\u00ebrdorni ekloritin, duhet t\u00eb dini se \u00ebsht\u00eb nj\u00eb pastrues edhe at\u00eb pastrues shum\u00eb i fuqish\u00ebm.<\/p>\n<p>\u00cbsht\u00eb nj\u00eb kristal q\u00eb mund t\u00eb pastroj\u00eb aur\u00ebn, \u00e7akrat dhe kristalet e tjera gjithashtu.<\/p>\n<p>&nbsp;<\/p>\n<p><em><strong>Sh\u00ebrimi shpirt\u00ebror:<\/strong><\/em><\/p>\n<p>Ekloriti gjithashtu do t&#8217;ju rrethoj\u00eb me energji mbrojt\u00ebse q\u00eb do t&#8217;ju b\u00ebj\u00eb t\u00eb ndiheni t\u00eb sigurt n\u00eb l\u00ebkur\u00ebn tuaj dhe n\u00eb mjedisin tuaj.<\/p>\n<p>Kloriti mund t\u00eb p\u00ebrdoret gjithashtu p\u00ebr t\u00eb shmangur sulmet psikike dhe p\u00ebr t\u00eb \u00e7liruar magjit\u00eb dhe mallkimet e err\u00ebta. Me ndihm\u00ebn e k\u00ebtij kristali, nuk do t\u00eb ket\u00eb energji t\u00eb err\u00ebta q\u00eb do t\u00eb ekzistojn\u00eb n\u00eb jet\u00ebn tuaj.<\/p>\n<p><em><strong><br \/>\nSh\u00ebrimi fizik:<\/strong><\/em><\/p>\n<p>Besohet se mb\u00ebshtet rigjenerimin e qelizave dhe funksionin e qelizave p\u00ebr t\u00eb normalizuar rritjen e qelizave dhe mutacionin e qelizave.<\/p>\n<p>Ky kristal do t&#8217;ju mbroj\u00eb gjithashtu nga rrezatimi i d\u00ebmsh\u00ebm, i cili mund t\u00eb jet\u00eb shum\u00eb i dobish\u00ebm n\u00eb stabilizimin e energjis\u00eb tuaj kur jeni duke iu n\u00ebnshtruar terapis\u00eb me rrezatim t\u00eb kancerit.<\/p>\n<p>Ka veti t\u00eb forta detoksifikuese dhe ndihmon trupin tuaj t\u00eb eliminoj\u00eb toksinat.<\/p>\n<p>&nbsp;<\/p>\n<p><em><strong>Sh\u00ebrimi emocional:<\/strong><\/em><\/p>\n<p>Kloriti do t\u00eb rreshtoj\u00eb dhe zhbllokoj\u00eb meridian\u00ebt tuaj t\u00eb energjis\u00eb duke ju ndihmuar t\u00eb lironi plag\u00ebt tuaja emocionale, qofshin t\u00eb vjetra apo t\u00eb fresk\u00ebta.<\/p>\n<p>Ky kristal do t\u00eb p\u00ebrmir\u00ebsoj\u00eb lidhjet tuaja energjike dhe do t&#8217;ju m\u00ebsoj\u00eb vler\u00ebn e nj\u00ebshm\u00ebris\u00eb dhe t\u00eb qenit t\u00eb lidhur.<\/p>\n<p>Do t\u00eb shp\u00ebrndaj\u00eb energjit\u00eb negative q\u00eb ju b\u00ebjn\u00eb t\u00eb ndjeni emocione negative dhe t\u00eb mendoni mendime negative.<\/p>\n<p><strong><em><br \/>\nPastroni dhe rimbushni:<\/em><\/strong><\/p>\n<p>Mbajeni gurin tuaj n\u00eb uj\u00eb t\u00eb rrjedhsh\u00ebm t\u00eb past\u00ebr. Kjo do ta pastroj\u00eb at\u00eb nga energjit\u00eb negative.<\/p>\n<p>P\u00ebr t\u00eb rimbushur gurin, l\u00ebreni at\u00eb n\u00ebn h\u00ebn\u00ebn e plot\u00eb gjat\u00eb gjith\u00eb nat\u00ebs.<\/p>\n","protected":false},"excerpt":{"rendered":"<p>\u00c7akra: Zemra, fyt. Zodiaku: Dashi, Binjak\u00ebt. &nbsp; N\u00ebse jeni duke pyetur veten se p\u00ebr \u00e7far\u00eb mund t\u00eb p\u00ebrdorni ekloritin, duhet t\u00eb dini se \u00ebsht\u00eb nj\u00eb pastrues<span class=\"excerpt-hellip\"> [\u2026]<\/span><\/p>\n","protected":false},"featured_media":15703,"comment_status":"open","ping_status":"closed","template":"","meta":[],"product_brand":[],"product_cat":[2292,2405,2372,2388,2361,2356,2309,2379,2310,2353,2897,2359,2352,2304,2404],"product_tag":[],"class_list":{"0":"post-16782","1":"product","2":"type-product","3":"status-publish","4":"has-post-thumbnail","6":"product_cat-crystal-jewelry-sq","7":"product_cat-blej-sipas","8":"product_cat-blej-sipas-ngjyres","9":"product_cat-bracelet-sq","10":"product_cat-dashi","11":"product_cat-fat-sukses","12":"product_cat-fyti","13":"product_cat-gjelbert","14":"product_cat-llojet-e-gurve-te-cmuar","15":"product_cat-lumturi-vetebesim","16":"product_cat-rruza","17":"product_cat-shenjat-e-horoskopit","18":"product_cat-qellim","19":"product_cat-zemra","20":"product_cat-zona-e-cakres","22":"first","23":"instock","24":"shipping-taxable","25":"purchasable","26":"product-type-simple"},"_links":{"self":[{"href":"https:\/\/tinacrystals.com\/sq\/wp-json\/wp\/v2\/product\/16782","targetHints":{"allow":["GET"]}}],"collection":[{"href":"https:\/\/tinacrystals.com\/sq\/wp-json\/wp\/v2\/product"}],"about":[{"href":"https:\/\/tinacrystals.com\/sq\/wp-json\/wp\/v2\/types\/product"}],"replies":[{"embeddable":true,"href":"https:\/\/tinacrystals.com\/sq\/wp-json\/wp\/v2\/comments?post=16782"}],"wp:featuredmedia":[{"embeddable":true,"href":"https:\/\/tinacrystals.com\/sq\/wp-json\/wp\/v2\/media\/15703"}],"wp:attachment":[{"href":"https:\/\/tinacrystals.com\/sq\/wp-json\/wp\/v2\/media?parent=16782"}],"wp:term":[{"taxonomy":"product_brand","embeddable":true,"href":"https:\/\/tinacrystals.com\/sq\/wp-json\/wp\/v2\/product_brand?post=16782"},{"taxonomy":"product_cat","embeddable":true,"href":"https:\/\/tinacrystals.com\/sq\/wp-json\/wp\/v2\/product_cat?post=16782"},{"taxonomy":"product_tag","embeddable":true,"href":"https:\/\/tinacrystals.com\/sq\/wp-json\/wp\/v2\/product_tag?post=16782"}],"curies":[{"name":"wp","href":"https:\/\/api.w.org\/{rel}","templated":true}]}}