{"id":16844,"date":"2022-03-24T10:26:17","date_gmt":"2022-03-24T09:26:22","guid":{"rendered":"http:\/\/tinacrystals.com\/?post_type=product&#038;p=16844"},"modified":"2022-03-24T10:30:18","modified_gmt":"2022-03-24T09:30:18","slug":"akuamarin-byzylik-copy","status":"publish","type":"product","link":"https:\/\/tinacrystals.com\/sq\/product\/akuamarin-byzylik-copy\/","title":{"rendered":"Akuamarin Mat Byzylik"},"content":{"rendered":"<p><strong>HOROSKOPI<\/strong>: Binjak\u00ebt, Peshqit, Dashi<br \/>\n<strong>CHAKRA<\/strong>: Fyt<\/p>\n<p>Ky <strong><em>Akuamarin <\/em><\/strong>mund t\u00eb jet\u00eb nj\u00eb mjet i shk\u00eblqyer n\u00eb sh\u00ebrimin e kristaleve.<\/p>\n<p><strong><em>Sh\u00ebrimi shpirt\u00ebror:<\/em><\/strong><br \/>\nAkuamarina na ndihmon t\u00eb rilidhemi me ujin dhe origjin\u00ebn e jet\u00ebs.<br \/>\nPastron energjit\u00eb e vjetra q\u00eb nuk ju sh\u00ebrbejn\u00eb m\u00eb, k\u00ebshtu q\u00eb ju fitoni energji t\u00eb fresk\u00ebt.<br \/>\nMund t\u00eb na ndihmoj\u00eb t\u00eb zbulojm\u00eb kuptimet e fshehura dhe t\u00eb zbulojm\u00eb t\u00eb v\u00ebrtetat m\u00eb t\u00eb thella brenda shpirtit ton\u00eb.<\/p>\n<p><strong><em>Sh\u00ebrimi fizik:<\/em><\/strong><br \/>\nAkuamarina sh\u00ebron ftohjet dhe bronkitin.<br \/>\nAi harmonizon gj\u00ebndrat e hipofiz\u00ebs dhe tiroides, duke rregulluar hormonet dhe rritjen. Mund t\u00eb ndihmoj\u00eb gjithashtu n\u00eb parandalimin e paraqitjeve t\u00eb herpesit.<br \/>\nSh\u00ebron s\u00ebmundjet inflamatore t\u00eb t\u00eb gjitha llojeve. \u00cbsht\u00eb sh\u00ebrues p\u00ebr ekzem\u00ebn, rosacea dhe psoriasis.<\/p>\n<p><strong><em>Sh\u00ebrimi emocional:<\/em><\/strong><br \/>\nAkuamarina \u00ebsht\u00eb e dobishme kur kalon n\u00ebp\u00ebr tranzicion dhe ndryshim.<br \/>\nJu ndihmon t\u00eb kap\u00ebrceni frik\u00ebn nga e panjohura.<br \/>\nAkuamarin gjithashtu identifikon se ku egoja po b\u00ebn q\u00eb dikush t\u00eb reagoj\u00eb.<\/p>\n<p><strong><em>Pastroni dhe rimbushni:<\/em><\/strong><br \/>\nVendoseni Akuamarine tuaj n\u00eb tasin me uj\u00eb p\u00ebr disa or\u00eb, megjithat\u00eb, n\u00ebse doni t\u00eb arrini rezultate m\u00eb t\u00eb thella pastrimi. Kjo ju ndihmon gjithashtu p\u00ebr ta rimbushur at\u00eb.<\/p>\n","protected":false},"excerpt":{"rendered":"<p>HOROSKOPI: Binjak\u00ebt, Peshqit, Dashi CHAKRA: Fyt Ky Akuamarin mund t\u00eb jet\u00eb nj\u00eb mjet i shk\u00eblqyer n\u00eb sh\u00ebrimin e kristaleve. Sh\u00ebrimi shpirt\u00ebror: Akuamarina na ndihmon t\u00eb rilidhemi<span class=\"excerpt-hellip\"> [\u2026]<\/span><\/p>\n","protected":false},"featured_media":15664,"comment_status":"open","ping_status":"closed","template":"","meta":[],"product_brand":[],"product_cat":[2313,2364,2292,2405,2372,2374,2388,2361,2309,2310,2367,2897,2354,2359,2352,2308,2404],"product_tag":[],"class_list":{"0":"post-16844","1":"product","2":"type-product","3":"status-publish","4":"has-post-thumbnail","6":"product_cat-akuamarin","7":"product_cat-binjaket","8":"product_cat-crystal-jewelry-sq","9":"product_cat-blej-sipas","10":"product_cat-blej-sipas-ngjyres","11":"product_cat-blu","12":"product_cat-bracelet-sq","13":"product_cat-dashi","14":"product_cat-fyti","15":"product_cat-llojet-e-gurve-te-cmuar","16":"product_cat-peshqit","17":"product_cat-rruza","18":"product_cat-shendet-balans","19":"product_cat-shenjat-e-horoskopit","20":"product_cat-qellim","21":"product_cat-syri-i-trete","22":"product_cat-zona-e-cakres","24":"first","25":"instock","26":"shipping-taxable","27":"purchasable","28":"product-type-variable"},"_links":{"self":[{"href":"https:\/\/tinacrystals.com\/sq\/wp-json\/wp\/v2\/product\/16844","targetHints":{"allow":["GET"]}}],"collection":[{"href":"https:\/\/tinacrystals.com\/sq\/wp-json\/wp\/v2\/product"}],"about":[{"href":"https:\/\/tinacrystals.com\/sq\/wp-json\/wp\/v2\/types\/product"}],"replies":[{"embeddable":true,"href":"https:\/\/tinacrystals.com\/sq\/wp-json\/wp\/v2\/comments?post=16844"}],"wp:featuredmedia":[{"embeddable":true,"href":"https:\/\/tinacrystals.com\/sq\/wp-json\/wp\/v2\/media\/15664"}],"wp:attachment":[{"href":"https:\/\/tinacrystals.com\/sq\/wp-json\/wp\/v2\/media?parent=16844"}],"wp:term":[{"taxonomy":"product_brand","embeddable":true,"href":"https:\/\/tinacrystals.com\/sq\/wp-json\/wp\/v2\/product_brand?post=16844"},{"taxonomy":"product_cat","embeddable":true,"href":"https:\/\/tinacrystals.com\/sq\/wp-json\/wp\/v2\/product_cat?post=16844"},{"taxonomy":"product_tag","embeddable":true,"href":"https:\/\/tinacrystals.com\/sq\/wp-json\/wp\/v2\/product_tag?post=16844"}],"curies":[{"name":"wp","href":"https:\/\/api.w.org\/{rel}","templated":true}]}}