{"id":16912,"date":"2022-03-24T12:02:33","date_gmt":"2022-03-24T11:03:24","guid":{"rendered":"http:\/\/tinacrystals.com\/?post_type=product&#038;p=16912"},"modified":"2022-06-22T14:41:48","modified_gmt":"2022-06-22T12:41:48","slug":"kordierit-byzylik","status":"publish","type":"product","link":"https:\/\/tinacrystals.com\/sq\/product\/kordierit-byzylik\/","title":{"rendered":"Kordierit Byzylik"},"content":{"rendered":"<p><strong>HOROSKOPI<\/strong>: Shigjetari<br \/>\n<strong>CHAKRA<\/strong>: Syri i tret\u00eb<\/p>\n<p>Bukuria e kristalit q\u00ebndron n\u00eb efektin pleokroik q\u00eb ka, nj\u00eb fenomen i mahnitsh\u00ebm me t\u00eb cilin pjes\u00ebt e gurit duken t\u00eb ken\u00eb ngjyra t\u00eb ndryshme kur v\u00ebzhgohen n\u00eb k\u00ebnde t\u00eb ndryshme.<\/p>\n<p><strong>Sh\u00ebrimi shpirt\u00ebror:<\/strong><\/p>\n<p>kordierite rrit besimin tuaj dhe ju ndihmon n\u00eb marrjen e vendimeve.<\/p>\n<p>Ju gjithashtu do t\u00eb vini re t\u00eb flisni pa asnj\u00eb penges\u00eb n\u00eb situata t\u00eb v\u00ebshtira, guri do t\u00eb sjell\u00eb rregull n\u00eb jet\u00ebn tuaj, do t\u00eb filloni t\u00eb vini re gj\u00ebra m\u00eb pozitive &#8211; k\u00ebshtu do t\u00eb rezultoj\u00eb n\u00eb pozitivitet q\u00eb ju rrethon gjat\u00eb gjith\u00eb koh\u00ebs.<\/p>\n<p><strong>Sh\u00ebrimi fizik:<\/strong><\/p>\n<p>Eliminon dhimbjet e kok\u00ebs nga tensioni, stresi apo edhe migrena.<\/p>\n<p>Sh\u00ebron s\u00ebmundjet inflamatore t\u00eb t\u00eb gjitha llojeve. \u00cbsht\u00eb qet\u00ebsues p\u00ebr ekzem\u00ebn, rosacea dhe psoriasis.<\/p>\n<p><strong>Sh\u00ebrimi emocional:<\/strong><\/p>\n<p>Kordieriti rrit vullnetin dhe rrit energjin\u00eb motivuese n\u00eb t\u00eb gjitha nivelet.<\/p>\n<p>Emocionalisht ai rregullon mendjet tep\u00ebr aktive dhe rrit kujtes\u00ebn dhe nd\u00ebrgjegj\u00ebsimin tuaj mendor.<\/p>\n<p>Me drejtimin e k\u00ebtij guri, do t\u00eb m\u00ebsoni gjithashtu t\u00eb mbani n\u00ebn kontroll emocionet tuaja.<\/p>\n<p><strong>Pastroni dhe rimbushni:<\/strong><\/p>\n<p>Pastrimi i Corderite tuaj \u00ebsht\u00eb nj\u00eb m\u00ebnyr\u00eb e leht\u00eb! Mund t\u00eb p\u00ebrdorni pak uj\u00eb me sapun dhe sigurohuni q\u00eb uji t\u00eb mos jet\u00eb shum\u00eb i nxeht\u00eb, sepse Garneti sjell ngroht\u00ebsin\u00eb e vet.<\/p>\n<p>P\u00ebr t\u00eb rimbushur korderite-in tuaj, mund ta vendosni mbi nj\u00eb grup kristalesh shk\u00ebmbi.<\/p>\n","protected":false},"excerpt":{"rendered":"<p>HOROSKOPI: Shigjetari CHAKRA: Syri i tret\u00eb Bukuria e kristalit q\u00ebndron n\u00eb efektin pleokroik q\u00eb ka, nj\u00eb fenomen i mahnitsh\u00ebm me t\u00eb cilin pjes\u00ebt e gurit duken<span class=\"excerpt-hellip\"> [\u2026]<\/span><\/p>\n","protected":false},"featured_media":15697,"comment_status":"open","ping_status":"closed","template":"","meta":[],"product_brand":[],"product_cat":[2292,2388,2897],"product_tag":[],"class_list":{"0":"post-16912","1":"product","2":"type-product","3":"status-publish","4":"has-post-thumbnail","6":"product_cat-crystal-jewelry-sq","7":"product_cat-bracelet-sq","8":"product_cat-rruza","10":"first","11":"instock","12":"shipping-taxable","13":"purchasable","14":"product-type-variable"},"_links":{"self":[{"href":"https:\/\/tinacrystals.com\/sq\/wp-json\/wp\/v2\/product\/16912","targetHints":{"allow":["GET"]}}],"collection":[{"href":"https:\/\/tinacrystals.com\/sq\/wp-json\/wp\/v2\/product"}],"about":[{"href":"https:\/\/tinacrystals.com\/sq\/wp-json\/wp\/v2\/types\/product"}],"replies":[{"embeddable":true,"href":"https:\/\/tinacrystals.com\/sq\/wp-json\/wp\/v2\/comments?post=16912"}],"wp:featuredmedia":[{"embeddable":true,"href":"https:\/\/tinacrystals.com\/sq\/wp-json\/wp\/v2\/media\/15697"}],"wp:attachment":[{"href":"https:\/\/tinacrystals.com\/sq\/wp-json\/wp\/v2\/media?parent=16912"}],"wp:term":[{"taxonomy":"product_brand","embeddable":true,"href":"https:\/\/tinacrystals.com\/sq\/wp-json\/wp\/v2\/product_brand?post=16912"},{"taxonomy":"product_cat","embeddable":true,"href":"https:\/\/tinacrystals.com\/sq\/wp-json\/wp\/v2\/product_cat?post=16912"},{"taxonomy":"product_tag","embeddable":true,"href":"https:\/\/tinacrystals.com\/sq\/wp-json\/wp\/v2\/product_tag?post=16912"}],"curies":[{"name":"wp","href":"https:\/\/api.w.org\/{rel}","templated":true}]}}