{"id":16927,"date":"2022-03-24T12:16:45","date_gmt":"2022-03-24T11:17:31","guid":{"rendered":"http:\/\/tinacrystals.com\/?post_type=product&#038;p=16927"},"modified":"2022-06-29T11:11:49","modified_gmt":"2022-06-29T09:11:49","slug":"labradoriti-gri-byzylik","status":"publish","type":"product","link":"https:\/\/tinacrystals.com\/sq\/product\/labradoriti-gri-byzylik\/","title":{"rendered":"Labradoriti Gri Byzylik"},"content":{"rendered":"<p><strong>HOROSKOPI<\/strong>: Demi, Luani, Akrepi, Shigjetari, Peshqit<br \/>\n<strong>\u00c7AKRA<\/strong>: Syri i tret\u00eb, fyt<\/p>\n<p>Secili\u00a0<strong><em>labradorit\u00a0<\/em><\/strong>ka nj\u00eb bukuri unike q\u00eb t\u00ebrheq v\u00ebmendjen e t\u00eb gjith\u00ebve.<\/p>\n<p><strong><em>Sh\u00ebrimi shpirt\u00ebror:<\/em><\/strong><br \/>\nLabradoriti aktivizon imagjinat\u00ebn tuaj p\u00ebr t\u00eb krijuar ide t\u00eb reja, sjell qart\u00ebsi n\u00eb mendimet tuaja, sjell paqe,<br \/>\nzgjon lirin\u00eb dhe ekuilibrin.<br \/>\nKrijon nj\u00eb m\u00ebnyr\u00eb p\u00ebr t\u00eb komunikuar me vet\u00ebbesim dhe besim m\u00eb t\u00eb lart\u00eb.<\/p>\n<p><strong><em>Sh\u00ebrimi fizik:<\/em><\/strong><br \/>\nKy kristal ndihmon n\u00eb reduktimin e dhimbjeve fizike, ftohjes, koll\u00ebs, problemeve me frym\u00ebmarrjen,<br \/>\nmetabolizmit.<br \/>\nDo t\u00eb reduktoj\u00eb stresin, ankthin, depresionin ose tensionin.<\/p>\n<p><strong><em>Sh\u00ebrimi emocional:<\/em><\/strong><br \/>\nLabradoriti promovon vet\u00ebbesimin dhe vet\u00ebvler\u00ebsimin. Ajo rifiton energjin\u00eb tuaj nga brenda sip\u00ebrfaqes<br \/>\ndirekt n\u00eb vet\u00ebdijen tuaj t\u00eb brendshme.<br \/>\nNdihmon ata q\u00eb p\u00ebrjetojn\u00eb trauma, prishje emocionale dhe p\u00ebrb\u00ebhet nga fuqit\u00eb e rritjes s\u00eb energjis\u00eb p\u00ebr<br \/>\nt\u00eb dh\u00ebn\u00eb m\u00eb shum\u00eb forc\u00eb, kurajo, fokus dhe t\u00eb jen\u00eb t\u00eb orientuar drejt q\u00ebllimit.<\/p>\n<p><strong><em>Pastroni dhe rimbushni:<\/em><\/strong><br \/>\nKujdesi p\u00ebr kristalet tuaja \u00ebsht\u00eb nj\u00eb faktor ky\u00e7 n\u00eb m\u00ebnyr\u00ebn se si ato funksionojn\u00eb. Nj\u00eb nga m\u00ebnyrat m\u00eb t\u00eb<br \/>\nmira p\u00ebr t\u00eb pastruar Labradoritin \u00ebsht\u00eb ta mbani n\u00ebn uj\u00eb p\u00ebr disa minuta dhe ta lini t\u00eb pastroj\u00eb t\u00eb gjith\u00eb<br \/>\nenergjin\u00eb negative q\u00eb ka kristali. Pasi ta b\u00ebni k\u00ebt\u00eb, sigurohuni q\u00eb ta rimbushni n\u00ebn drit\u00ebn e h\u00ebn\u00ebs gjat\u00eb<br \/>\nnat\u00ebs ose p\u00ebr 2 net\u00eb me radh\u00eb.<\/p>\n","protected":false},"excerpt":{"rendered":"<p>HOROSKOPI: Demi, Luani, Akrepi, Shigjetari, Peshqit \u00c7AKRA: Syri i tret\u00eb, fyt Secili\u00a0labradorit\u00a0ka nj\u00eb bukuri unike q\u00eb t\u00ebrheq v\u00ebmendjen e t\u00eb gjith\u00ebve. Sh\u00ebrimi shpirt\u00ebror: Labradoriti aktivizon imagjinat\u00ebn<span class=\"excerpt-hellip\"> [\u2026]<\/span><\/p>\n","protected":false},"featured_media":14964,"comment_status":"open","ping_status":"closed","template":"","meta":[],"product_brand":[],"product_cat":[2369,2292,2405,2372,2374,2388,2370,2373,2358,2309,2378,2327,2310,2365,2367,2897,2354,2359,2368,2352,2308,2404],"product_tag":[],"class_list":{"0":"post-16927","1":"product","2":"type-product","3":"status-publish","4":"has-post-thumbnail","6":"product_cat-akrepi-sq","7":"product_cat-crystal-jewelry-sq","8":"product_cat-blej-sipas","9":"product_cat-blej-sipas-ngjyres","10":"product_cat-blu","11":"product_cat-bracelet-sq","12":"product_cat-demi","13":"product_cat-e-zeze","14":"product_cat-force-stabilitet","15":"product_cat-fyti","16":"product_cat-gri","17":"product_cat-labradorite-sq","18":"product_cat-llojet-e-gurve-te-cmuar","19":"product_cat-luani","20":"product_cat-peshqit","21":"product_cat-rruza","22":"product_cat-shendet-balans","23":"product_cat-shenjat-e-horoskopit","24":"product_cat-shigjetari","25":"product_cat-qellim","26":"product_cat-syri-i-trete","27":"product_cat-zona-e-cakres","29":"first","30":"instock","31":"shipping-taxable","32":"purchasable","33":"product-type-variable"},"_links":{"self":[{"href":"https:\/\/tinacrystals.com\/sq\/wp-json\/wp\/v2\/product\/16927","targetHints":{"allow":["GET"]}}],"collection":[{"href":"https:\/\/tinacrystals.com\/sq\/wp-json\/wp\/v2\/product"}],"about":[{"href":"https:\/\/tinacrystals.com\/sq\/wp-json\/wp\/v2\/types\/product"}],"replies":[{"embeddable":true,"href":"https:\/\/tinacrystals.com\/sq\/wp-json\/wp\/v2\/comments?post=16927"}],"wp:featuredmedia":[{"embeddable":true,"href":"https:\/\/tinacrystals.com\/sq\/wp-json\/wp\/v2\/media\/14964"}],"wp:attachment":[{"href":"https:\/\/tinacrystals.com\/sq\/wp-json\/wp\/v2\/media?parent=16927"}],"wp:term":[{"taxonomy":"product_brand","embeddable":true,"href":"https:\/\/tinacrystals.com\/sq\/wp-json\/wp\/v2\/product_brand?post=16927"},{"taxonomy":"product_cat","embeddable":true,"href":"https:\/\/tinacrystals.com\/sq\/wp-json\/wp\/v2\/product_cat?post=16927"},{"taxonomy":"product_tag","embeddable":true,"href":"https:\/\/tinacrystals.com\/sq\/wp-json\/wp\/v2\/product_tag?post=16927"}],"curies":[{"name":"wp","href":"https:\/\/api.w.org\/{rel}","templated":true}]}}