{"id":16936,"date":"2022-03-24T12:22:32","date_gmt":"2022-03-24T11:23:19","guid":{"rendered":"http:\/\/tinacrystals.com\/?post_type=product&#038;p=16936"},"modified":"2022-06-29T13:06:14","modified_gmt":"2022-06-29T11:06:14","slug":"opal-i-gjelbert-byzylik","status":"publish","type":"product","link":"https:\/\/tinacrystals.com\/sq\/product\/opal-i-gjelbert-byzylik\/","title":{"rendered":"Opal i Gjelb\u00ebrt Byzylik"},"content":{"rendered":"<p>\u00c7akra: Zemra, Pleksus Diellor, Fyti<br \/>\nZodiaku: Gaforrja, Akrepi dhe Peshqit<\/p>\n<p>&nbsp;<\/p>\n<p>Opali gjelb\u00ebrt \u00ebsht\u00eb nj\u00eb gur tok\u00ebzues q\u00eb ndihmon n\u00eb tok\u00ebzimin e energjis\u00eb emocionale dhe shpirt\u00ebrore. Dhe ndihmon n\u00eb rivendosjen e marr\u00ebdh\u00ebnieve.<\/p>\n<p><strong><em>Sh\u00ebrimi shpirt\u00ebror:<\/em><\/strong><\/p>\n<p>Opali gjelb\u00ebrt nganj\u00ebher\u00eb njihet si guri i ndryshimit. Si nj\u00eb gur i fuqish\u00ebm shpirt\u00ebror, Opali gjelb\u00ebrt ndihmon p\u00ebr t\u00eb hapur nj\u00eb nivel psikik. Ajo hap an\u00ebn tuaj shpirt\u00ebrore, duke ju lejuar t\u00eb kuptoni thell\u00ebsisht spiritualitetin. Mund t\u00eb p\u00ebrdorni opal jeshil n\u00ebse d\u00ebshironi t\u00eb kuptoni m\u00eb mir\u00eb konceptet shpirt\u00ebrore.<\/p>\n<p>&nbsp;<\/p>\n<p><strong><em>Sh\u00ebrimi fizik:<\/em><\/strong><\/p>\n<p>Fizikisht, Opali gjelb\u00ebrt \u00ebsht\u00eb i njohur p\u00ebr ulje te temperatur\u00ebs, eliminimin e infeksioneve dhe p\u00ebrmir\u00ebsimin e kujtes\u00ebs. Opalitp\u00ebrdoret kryesisht n\u00eb banjat termale. Terapist\u00ebt dhe sh\u00ebruesit besojn\u00eb se Opali gjelb\u00ebrt ka efekte t\u00eb jasht\u00ebzakonshme pozitive n\u00eb funksionet trupore. Guri p\u00ebrdoret p\u00ebr t\u00eb p\u00ebrmir\u00ebsuar problemet e m\u00ebl\u00e7is\u00eb, veshkave dhe zemr\u00ebs.<\/p>\n<p>&nbsp;<\/p>\n<p><strong><em>Sh\u00ebrimi emocional:<\/em><\/strong><\/p>\n<p>Guri ndihmon n\u00eb \u00e7lirimin e frik\u00ebs dhe i d\u00ebrgon ngush\u00ebllim t\u00eb pik\u00eblluarve. Opali gjelb\u00ebrt konsiderohet nj\u00eb gur i but\u00eb mb\u00ebshtet\u00ebs. Ai forcon lloje t\u00eb ndryshme marr\u00ebdh\u00ebniesh nga familja, miqt\u00eb, bizneset dhe marr\u00ebdh\u00ebniet romantike.<\/p>\n<p>P\u00ebr m\u00eb tep\u00ebr, n\u00ebse luftoni me kujtime t\u00eb dhimbshme ose mendime garuese, Opali gjelb\u00ebrt ka element\u00eb uji qet\u00ebsues q\u00eb do t&#8217;ju ndihmojn\u00eb t\u00eb ribalanconi emocionet tuaja nd\u00ebrsa gradualisht p\u00ebrballeni dhe punoni me mendimet tuaja. Ai posedon forc\u00ebn emocionale t\u00eb nevojshme p\u00ebr t\u00eb sh\u00ebruar plag\u00ebt emocionale.<\/p>\n<p>&nbsp;<\/p>\n<p><strong><em>Pastroni dhe rimbushni:<\/em><\/strong><\/p>\n<p>Mbajeni gurin tuaj n\u00eb uj\u00eb t\u00eb rrjedhsh\u00ebm t\u00eb past\u00ebr. Kjo do ta pastroj\u00eb at\u00eb nga energjit\u00eb negative.<\/p>\n<p>P\u00ebr t\u00eb rimbushur gurin, l\u00ebreni at\u00eb n\u00ebn h\u00ebn\u00ebn e plot\u00eb gjat\u00eb gjith\u00eb nat\u00ebs.<\/p>\n","protected":false},"excerpt":{"rendered":"<p>\u00c7akra: Zemra, Pleksus Diellor, Fyti Zodiaku: Gaforrja, Akrepi dhe Peshqit &nbsp; Opali gjelb\u00ebrt \u00ebsht\u00eb nj\u00eb gur tok\u00ebzues q\u00eb ndihmon n\u00eb tok\u00ebzimin e energjis\u00eb emocionale dhe shpirt\u00ebrore.<span class=\"excerpt-hellip\"> [\u2026]<\/span><\/p>\n","protected":false},"featured_media":15616,"comment_status":"open","ping_status":"closed","template":"","meta":[],"product_brand":[],"product_cat":[2369,2292,2405,2372,2388,2356,2309,2362,2379,2310,2367,2307,2897,2354,2359,2352,2304,2404],"product_tag":[],"class_list":{"0":"post-16936","1":"product","2":"type-product","3":"status-publish","4":"has-post-thumbnail","6":"product_cat-akrepi-sq","7":"product_cat-crystal-jewelry-sq","8":"product_cat-blej-sipas","9":"product_cat-blej-sipas-ngjyres","10":"product_cat-bracelet-sq","11":"product_cat-fat-sukses","12":"product_cat-fyti","13":"product_cat-gaforrja","14":"product_cat-gjelbert","15":"product_cat-llojet-e-gurve-te-cmuar","16":"product_cat-peshqit","17":"product_cat-pleksusi-diellor","18":"product_cat-rruza","19":"product_cat-shendet-balans","20":"product_cat-shenjat-e-horoskopit","21":"product_cat-qellim","22":"product_cat-zemra","23":"product_cat-zona-e-cakres","25":"first","26":"instock","27":"shipping-taxable","28":"purchasable","29":"product-type-variable"},"_links":{"self":[{"href":"https:\/\/tinacrystals.com\/sq\/wp-json\/wp\/v2\/product\/16936","targetHints":{"allow":["GET"]}}],"collection":[{"href":"https:\/\/tinacrystals.com\/sq\/wp-json\/wp\/v2\/product"}],"about":[{"href":"https:\/\/tinacrystals.com\/sq\/wp-json\/wp\/v2\/types\/product"}],"replies":[{"embeddable":true,"href":"https:\/\/tinacrystals.com\/sq\/wp-json\/wp\/v2\/comments?post=16936"}],"wp:featuredmedia":[{"embeddable":true,"href":"https:\/\/tinacrystals.com\/sq\/wp-json\/wp\/v2\/media\/15616"}],"wp:attachment":[{"href":"https:\/\/tinacrystals.com\/sq\/wp-json\/wp\/v2\/media?parent=16936"}],"wp:term":[{"taxonomy":"product_brand","embeddable":true,"href":"https:\/\/tinacrystals.com\/sq\/wp-json\/wp\/v2\/product_brand?post=16936"},{"taxonomy":"product_cat","embeddable":true,"href":"https:\/\/tinacrystals.com\/sq\/wp-json\/wp\/v2\/product_cat?post=16936"},{"taxonomy":"product_tag","embeddable":true,"href":"https:\/\/tinacrystals.com\/sq\/wp-json\/wp\/v2\/product_tag?post=16936"}],"curies":[{"name":"wp","href":"https:\/\/api.w.org\/{rel}","templated":true}]}}