{"id":16999,"date":"2022-03-24T13:36:23","date_gmt":"2022-03-24T12:37:49","guid":{"rendered":"http:\/\/tinacrystals.com\/?post_type=product&#038;p=16999"},"modified":"2022-06-29T11:49:12","modified_gmt":"2022-06-29T09:49:12","slug":"pikaso-gri-byzylik","status":"publish","type":"product","link":"https:\/\/tinacrystals.com\/sq\/product\/pikaso-gri-byzylik\/","title":{"rendered":"Pikaso Gri Byzylik"},"content":{"rendered":"<p>\u00c7akra: Rr\u00ebnja, Sakrale.<br \/>\nZodiaku: Akrepi, Luani, Bricjapi, Virgj\u00ebresha.<\/p>\n<p>&nbsp;<\/p>\n<p>Pikasso Jasper \u00ebsht\u00eb nj\u00eb gur i bukur, i lumtur q\u00eb na kujton t\u00eb festojm\u00eb dhe shijojm\u00eb jet\u00ebn, duke sjell\u00eb optimiz\u00ebm dhe hapje. Ndihmon n\u00eb transformimin pozitiv t\u00eb marr\u00ebdh\u00ebnieve.<\/p>\n<p>&nbsp;<\/p>\n<p>Picasso Jasper thuhet se t\u00ebrheq njer\u00ebz pozitiv\u00eb n\u00eb jet\u00ebn e tyre dhe mb\u00ebshtet dhe inkurajon miq\u00ebsit\u00eb t\u00eb lul\u00ebzojn\u00eb n\u00eb m\u00ebnyra t\u00eb sh\u00ebndetshme dashurie, dhe gjithashtu ndihmon n\u00eb rinovimin e miq\u00ebsive t\u00eb vjetra q\u00eb mund t\u00eb ken\u00eb humbur. Ka nj\u00eb baz\u00eb t\u00eb fort\u00eb dhe cil\u00ebsi qet\u00ebsuese q\u00eb ndihmon n\u00eb inkurajimin e forc\u00ebs dhe vet\u00ebdisiplin\u00ebs.<\/p>\n<p>&nbsp;<\/p>\n<p>N\u00eb sh\u00ebrimin fizik, Picasso Jasper \u00ebsht\u00eb i dobish\u00ebm p\u00ebr problemet e syve dhe mund t\u00eb nxis\u00eb humbjen e pesh\u00ebs.<\/p>\n","protected":false},"excerpt":{"rendered":"<p>\u00c7akra: Rr\u00ebnja, Sakrale. Zodiaku: Akrepi, Luani, Bricjapi, Virgj\u00ebresha. &nbsp; Pikasso Jasper \u00ebsht\u00eb nj\u00eb gur i bukur, i lumtur q\u00eb na kujton t\u00eb festojm\u00eb dhe shijojm\u00eb jet\u00ebn,<span class=\"excerpt-hellip\"> [\u2026]<\/span><\/p>\n","protected":false},"featured_media":15589,"comment_status":"open","ping_status":"closed","template":"","meta":[],"product_brand":[],"product_cat":[2369,2292,2405,2372,2363,2388,2358,2378,2310,2365,2357,2305,2897,2306,2359,2352,2371,2404],"product_tag":[],"class_list":{"0":"post-16999","1":"product","2":"type-product","3":"status-publish","4":"has-post-thumbnail","6":"product_cat-akrepi-sq","7":"product_cat-crystal-jewelry-sq","8":"product_cat-blej-sipas","9":"product_cat-blej-sipas-ngjyres","10":"product_cat-bricjapi","11":"product_cat-bracelet-sq","12":"product_cat-force-stabilitet","13":"product_cat-gri","14":"product_cat-llojet-e-gurve-te-cmuar","15":"product_cat-luani","16":"product_cat-mbrotje-paqe","17":"product_cat-rrenja","18":"product_cat-rruza","19":"product_cat-sakrale","20":"product_cat-shenjat-e-horoskopit","21":"product_cat-qellim","22":"product_cat-virgjersha","23":"product_cat-zona-e-cakres","25":"first","26":"instock","27":"shipping-taxable","28":"purchasable","29":"product-type-variable"},"_links":{"self":[{"href":"https:\/\/tinacrystals.com\/sq\/wp-json\/wp\/v2\/product\/16999","targetHints":{"allow":["GET"]}}],"collection":[{"href":"https:\/\/tinacrystals.com\/sq\/wp-json\/wp\/v2\/product"}],"about":[{"href":"https:\/\/tinacrystals.com\/sq\/wp-json\/wp\/v2\/types\/product"}],"replies":[{"embeddable":true,"href":"https:\/\/tinacrystals.com\/sq\/wp-json\/wp\/v2\/comments?post=16999"}],"wp:featuredmedia":[{"embeddable":true,"href":"https:\/\/tinacrystals.com\/sq\/wp-json\/wp\/v2\/media\/15589"}],"wp:attachment":[{"href":"https:\/\/tinacrystals.com\/sq\/wp-json\/wp\/v2\/media?parent=16999"}],"wp:term":[{"taxonomy":"product_brand","embeddable":true,"href":"https:\/\/tinacrystals.com\/sq\/wp-json\/wp\/v2\/product_brand?post=16999"},{"taxonomy":"product_cat","embeddable":true,"href":"https:\/\/tinacrystals.com\/sq\/wp-json\/wp\/v2\/product_cat?post=16999"},{"taxonomy":"product_tag","embeddable":true,"href":"https:\/\/tinacrystals.com\/sq\/wp-json\/wp\/v2\/product_tag?post=16999"}],"curies":[{"name":"wp","href":"https:\/\/api.w.org\/{rel}","templated":true}]}}