{"id":17011,"date":"2022-03-24T13:43:32","date_gmt":"2022-03-24T12:45:28","guid":{"rendered":"http:\/\/tinacrystals.com\/?post_type=product&#038;p=17011"},"modified":"2022-06-23T14:59:50","modified_gmt":"2022-06-23T12:59:50","slug":"zhad-ari-byzylik","status":"publish","type":"product","link":"https:\/\/tinacrystals.com\/sq\/product\/zhad-ari-byzylik\/","title":{"rendered":"Zhad Ari Byzylik"},"content":{"rendered":"<p><strong>HOROSKOPI<\/strong>: Peshoren, Virgj\u00ebresha<\/p>\n<p><strong>CHAKRA<\/strong>: Syri i tret\u00eb, Zemra, Pleksusi Diellor<\/p>\n<p>Zhad Ari dihet se &#8220;sh\u00ebron sh\u00ebruesin&#8221;, \u00ebsht\u00eb nj\u00eb gur i dashuries s\u00eb pakusht\u00ebzuar dhe me shum\u00eb veti sh\u00ebruese.<\/p>\n<p><strong>Sh\u00ebrimi shpirt\u00ebror:<\/strong><\/p>\n<p>Kristali p\u00ebrmir\u00ebson bukur cil\u00ebsit\u00eb e shpirtit dhe sigurisht ndihmon n\u00eb vizualizimin lidhjes me qeniet m\u00eb t\u00eb larta.<\/p>\n<p>Gjithmon\u00eb ju kujton t&#8217;i q\u00ebndroni besnik\u00eb vetes dhe t\u00eb jeni gjithmon\u00eb pranues dhe fal\u00ebs.<\/p>\n<p><strong>Sh\u00ebrimi fizik:<\/strong><\/p>\n<p>Zhad Ari ndihmon n\u00eb rregullimin e prostat\u00ebs dhe p\u00ebrthithjen m\u00eb t\u00eb mir\u00eb t\u00eb vitaminave dhe mineraleve n\u00eb trup.<\/p>\n<p>Thuhet se ky kristal mbron flok\u00ebt tuaj kund\u00ebr thinjave t\u00eb parakohshme dhe ruan ngjyr\u00ebn e tij t\u00eb gjall\u00eb t\u00eb flok\u00ebve deri n\u00eb pleq\u00ebri.<\/p>\n<p>Ai leht\u00ebson problemet e sistemit nervor, si dhe sistemin tuaj t\u00eb qarkullimit t\u00eb gjakut dhe zemr\u00ebn.<\/p>\n<p><strong>Sh\u00ebrimi emocional:<\/strong><\/p>\n<p>Zhad Ari thuhet se stimulon energjin\u00eb duke ju dh\u00ebn\u00eb gjithashtu nj\u00eb ndjenj\u00eb qet\u00ebsie q\u00eb largon \u00e7do stres, ankth apo depresion.<\/p>\n<p>Mund t&#8217;ju ndihmoj\u00eb t\u00eb p\u00ebrballeni me kujtimet e grumbulluara dhe t\u00eb fshehura dhe t\u00eb \u00e7lironi ndjenjat dhe emocionet e pak\u00ebndshme q\u00eb lidhen me to.<\/p>\n<p><strong>Pastroni dhe rimbushni:<\/strong><\/p>\n<p>M\u00ebnyra m\u00eb e mir\u00eb p\u00ebr t\u00eb pastruar Prehnitin \u00ebsht\u00eb ta lani at\u00eb n\u00eb uj\u00eb, mund t\u00eb jet\u00eb uj\u00eb i fresk\u00ebt, por rekomandohet v\u00ebrtet p\u00ebrdorimi i ujit natyral si uji i shiut, uji i liqenit ose i detit etj.<\/p>\n<p>Pas pastrimit t\u00eb kristalit, l\u00ebreni n\u00ebn h\u00ebn\u00ebn e plot\u00eb gjat\u00eb nat\u00ebs n\u00eb m\u00ebnyr\u00eb q\u00eb t\u00eb rifitoj\u00eb energjin\u00eb e tij.<\/p>\n","protected":false},"excerpt":{"rendered":"<p>HOROSKOPI: Peshoren, Virgj\u00ebresha CHAKRA: Syri i tret\u00eb, Zemra, Pleksusi Diellor Zhad Ari dihet se &#8220;sh\u00ebron sh\u00ebruesin&#8221;, \u00ebsht\u00eb nj\u00eb gur i dashuries s\u00eb pakusht\u00ebzuar dhe me shum\u00eb<span class=\"excerpt-hellip\"> [\u2026]<\/span><\/p>\n","protected":false},"featured_media":15583,"comment_status":"open","ping_status":"closed","template":"","meta":[],"product_brand":[],"product_cat":[2377,2292,2405,2372,2388,2356,2310,2353,2366,2307,2897,2359,2352,2308,2371,2326,2304,2404],"product_tag":[],"class_list":{"0":"post-17011","1":"product","2":"type-product","3":"status-publish","4":"has-post-thumbnail","6":"product_cat-ari","7":"product_cat-crystal-jewelry-sq","8":"product_cat-blej-sipas","9":"product_cat-blej-sipas-ngjyres","10":"product_cat-bracelet-sq","11":"product_cat-fat-sukses","12":"product_cat-llojet-e-gurve-te-cmuar","13":"product_cat-lumturi-vetebesim","14":"product_cat-peshorja","15":"product_cat-pleksusi-diellor","16":"product_cat-rruza","17":"product_cat-shenjat-e-horoskopit","18":"product_cat-qellim","19":"product_cat-syri-i-trete","20":"product_cat-virgjersha","21":"product_cat-xhade","22":"product_cat-zemra","23":"product_cat-zona-e-cakres","25":"first","26":"instock","27":"shipping-taxable","28":"purchasable","29":"product-type-variable"},"_links":{"self":[{"href":"https:\/\/tinacrystals.com\/sq\/wp-json\/wp\/v2\/product\/17011","targetHints":{"allow":["GET"]}}],"collection":[{"href":"https:\/\/tinacrystals.com\/sq\/wp-json\/wp\/v2\/product"}],"about":[{"href":"https:\/\/tinacrystals.com\/sq\/wp-json\/wp\/v2\/types\/product"}],"replies":[{"embeddable":true,"href":"https:\/\/tinacrystals.com\/sq\/wp-json\/wp\/v2\/comments?post=17011"}],"wp:featuredmedia":[{"embeddable":true,"href":"https:\/\/tinacrystals.com\/sq\/wp-json\/wp\/v2\/media\/15583"}],"wp:attachment":[{"href":"https:\/\/tinacrystals.com\/sq\/wp-json\/wp\/v2\/media?parent=17011"}],"wp:term":[{"taxonomy":"product_brand","embeddable":true,"href":"https:\/\/tinacrystals.com\/sq\/wp-json\/wp\/v2\/product_brand?post=17011"},{"taxonomy":"product_cat","embeddable":true,"href":"https:\/\/tinacrystals.com\/sq\/wp-json\/wp\/v2\/product_cat?post=17011"},{"taxonomy":"product_tag","embeddable":true,"href":"https:\/\/tinacrystals.com\/sq\/wp-json\/wp\/v2\/product_tag?post=17011"}],"curies":[{"name":"wp","href":"https:\/\/api.w.org\/{rel}","templated":true}]}}