{"id":17049,"date":"2022-03-24T14:44:45","date_gmt":"2022-03-24T13:51:36","guid":{"rendered":"http:\/\/tinacrystals.com\/?post_type=product&#038;p=17049"},"modified":"2022-06-23T13:51:17","modified_gmt":"2022-06-23T11:51:17","slug":"eosforit-krysocalla-byzylik","status":"publish","type":"product","link":"https:\/\/tinacrystals.com\/sq\/product\/eosforit-krysocalla-byzylik\/","title":{"rendered":"Eosforit Krysokolla Byzylik"},"content":{"rendered":"<p>\u00c7akra: Zemra, fyt.<br \/>\nZodiaku: Demi, Binjak\u00ebt, Virgj\u00ebresha<\/p>\n<p>Krysokolla ju ndihmon t\u00eb gjeni g\u00ebzimin tuaj n\u00eb jet\u00eb dhe ju jep at\u00eb besim dhe motivim p\u00ebr t\u00eb manifestuar realitetin tuaj.<\/p>\n<p>&nbsp;<\/p>\n<p><strong><em>Sh\u00ebrimi shpirt\u00ebror:<\/em><\/strong><\/p>\n<p>Ky gur i ndritsh\u00ebm jeshil blu \u00ebsht\u00eb nj\u00eb qet\u00ebsues i menj\u00ebhersh\u00ebm i shpirtit, gjithmon\u00eb gati p\u00ebr t\u00eb d\u00ebrguar dridhje sh\u00ebruese t\u00eb zhurmshme direkt n\u00eb sistemin tuaj nervor. E gatshme p\u00ebr t\u00eb kap\u00ebrcyer ato ndjenja t\u00eb fajit t\u00eb r\u00ebnd\u00eb, ankthit dhe depresionit t\u00eb zgjatur, Krysokolla \u00ebsht\u00eb nj\u00eb dush i fresk\u00ebt pranveror p\u00ebr shpirtin tuaj. Fal\u00eb vetive qet\u00ebsuese<\/p>\n<p>&nbsp;<\/p>\n<p><em><strong>Sh\u00ebrimi fizik:<\/strong><\/em><\/p>\n<p>Krysokolla ndihmon n\u00eb uljen e presionit t\u00eb gjakut. Krahas t\u00eb qenit nj\u00eb antidot i mrekulluesh\u00ebm ndaj ankthit, Krysokolla ndihmon me nj\u00eb s\u00ebr\u00eb problemesh me n\u00eb qend\u00ebr femrat duke inkurajuar periudha m\u00eb t\u00eb lehta pa dhimbje t\u00eb forta dhe shtatz\u00ebni t\u00eb sh\u00ebndetshme harmonike. P\u00ebrve\u00e7 k\u00ebsaj, ai gjithashtu ndihmon n\u00eb rregullimin e sheqerit n\u00eb gjak, ndihmon tretjen, i mban mushk\u00ebrit\u00eb t\u00eb pastra dhe t\u00eb sh\u00ebndetshme dhe mund t\u00eb trajtoj\u00eb me kujdes infeksionet dhe ethet.<\/p>\n<p>&nbsp;<\/p>\n<p><strong><em>Sh\u00ebrimi emocional:<\/em><\/strong><\/p>\n<p>Krysokolla mund t\u00eb jet\u00eb nj\u00eb mjet i mrekulluesh\u00ebm p\u00ebr t\u00eb larguar ato besime vet\u00ebkufizuese dhe emocione negative q\u00eb mund t&#8217;ju mbajn\u00eb prapa. \u00cbsht\u00eb nj\u00eb gur i vet\u00ebdijes masive dhe mund t\u00eb jet\u00eb nj\u00eb mjet i jasht\u00ebzakonsh\u00ebm p\u00ebr ata q\u00eb duan t\u00eb lidhen me t\u00eb v\u00ebrtet\u00ebn e tyre dhe t\u00eb gjejn\u00eb m\u00ebnyra t\u00eb sh\u00ebndetshme p\u00ebr t\u00eb komunikuar at\u00eb autenticitet me pjes\u00ebn tjet\u00ebr t\u00eb bot\u00ebs.<\/p>\n<p>&nbsp;<\/p>\n<p><em><strong>Pastroni dhe rimbushni:<\/strong><\/em><\/p>\n<p>Mbajeni gurin tuaj n\u00eb uj\u00eb t\u00eb rrjedhsh\u00ebm t\u00eb past\u00ebr. Kjo do ta pastroj\u00eb at\u00eb nga energjit\u00eb negative.<\/p>\n<p>P\u00ebr t\u00eb rimbushur gurin, l\u00ebreni at\u00eb n\u00ebn h\u00ebn\u00ebn e plot\u00eb gjat\u00eb gjith\u00eb nat\u00ebs.<\/p>\n","protected":false},"excerpt":{"rendered":"<p>\u00c7akra: Zemra, fyt. Zodiaku: Demi, Binjak\u00ebt, Virgj\u00ebresha Krysokolla ju ndihmon t\u00eb gjeni g\u00ebzimin tuaj n\u00eb jet\u00eb dhe ju jep at\u00eb besim dhe motivim p\u00ebr t\u00eb manifestuar<span class=\"excerpt-hellip\"> [\u2026]<\/span><\/p>\n","protected":false},"featured_media":15559,"comment_status":"open","ping_status":"closed","template":"","meta":[],"product_brand":[],"product_cat":[2364,2292,2405,2372,2388,2370,2988,2356,2309,2379,2310,2353,2897,2354,2359,2352,2371,2304,2404],"product_tag":[],"class_list":{"0":"post-17049","1":"product","2":"type-product","3":"status-publish","4":"has-post-thumbnail","6":"product_cat-binjaket","7":"product_cat-crystal-jewelry-sq","8":"product_cat-blej-sipas","9":"product_cat-blej-sipas-ngjyres","10":"product_cat-bracelet-sq","11":"product_cat-demi","12":"product_cat-eosphorite-chrysocolla","13":"product_cat-fat-sukses","14":"product_cat-fyti","15":"product_cat-gjelbert","16":"product_cat-llojet-e-gurve-te-cmuar","17":"product_cat-lumturi-vetebesim","18":"product_cat-rruza","19":"product_cat-shendet-balans","20":"product_cat-shenjat-e-horoskopit","21":"product_cat-qellim","22":"product_cat-virgjersha","23":"product_cat-zemra","24":"product_cat-zona-e-cakres","26":"first","27":"instock","28":"shipping-taxable","29":"purchasable","30":"product-type-variable"},"_links":{"self":[{"href":"https:\/\/tinacrystals.com\/sq\/wp-json\/wp\/v2\/product\/17049","targetHints":{"allow":["GET"]}}],"collection":[{"href":"https:\/\/tinacrystals.com\/sq\/wp-json\/wp\/v2\/product"}],"about":[{"href":"https:\/\/tinacrystals.com\/sq\/wp-json\/wp\/v2\/types\/product"}],"replies":[{"embeddable":true,"href":"https:\/\/tinacrystals.com\/sq\/wp-json\/wp\/v2\/comments?post=17049"}],"wp:featuredmedia":[{"embeddable":true,"href":"https:\/\/tinacrystals.com\/sq\/wp-json\/wp\/v2\/media\/15559"}],"wp:attachment":[{"href":"https:\/\/tinacrystals.com\/sq\/wp-json\/wp\/v2\/media?parent=17049"}],"wp:term":[{"taxonomy":"product_brand","embeddable":true,"href":"https:\/\/tinacrystals.com\/sq\/wp-json\/wp\/v2\/product_brand?post=17049"},{"taxonomy":"product_cat","embeddable":true,"href":"https:\/\/tinacrystals.com\/sq\/wp-json\/wp\/v2\/product_cat?post=17049"},{"taxonomy":"product_tag","embeddable":true,"href":"https:\/\/tinacrystals.com\/sq\/wp-json\/wp\/v2\/product_tag?post=17049"}],"curies":[{"name":"wp","href":"https:\/\/api.w.org\/{rel}","templated":true}]}}