{"id":17090,"date":"2022-03-25T08:45:56","date_gmt":"2022-03-25T07:47:06","guid":{"rendered":"http:\/\/tinacrystals.com\/?post_type=product&#038;p=17090"},"modified":"2022-06-22T14:12:13","modified_gmt":"2022-06-22T12:12:13","slug":"zhadi-kanadian-byzylik","status":"publish","type":"product","link":"https:\/\/tinacrystals.com\/sq\/product\/zhadi-kanadian-byzylik\/","title":{"rendered":"Zhadi Kandinez Byzylik"},"content":{"rendered":"<p><strong>HOROSKOPI<\/strong>: Luani, Virgj\u00ebresha<br \/>\n<strong>CHAKRA<\/strong>: Pleksus diellor<\/p>\n<p>Zhadi Kandinez \u00ebsht\u00eb nj\u00eb kristal shum\u00eb i rrall\u00eb dhe i bukur.<\/p>\n<p><strong>Sh\u00ebrimi shpirt\u00ebror:<\/strong><\/p>\n<p>Ajo sjell lumturi dhe g\u00ebzim dhe m\u00ebson lidhjen midis t\u00eb gjitha qenieve t\u00eb gjalla.<\/p>\n<p>Do t\u00eb largoj\u00eb d\u00ebmin dhe negativitetin, t\u00ebrheq pasuri dhe fat t\u00eb mir\u00eb.<\/p>\n<p><strong>Sh\u00ebrimi fizik:<\/strong><\/p>\n<p>Zhadi Kandinez ndihmon n\u00eb zbutjen e simptomave t\u00eb problemeve t\u00eb lidhura me tiroiden dhe shpretk\u00ebn, si dhe problemet e tretjes.<\/p>\n<p>Gjithashtu, ndihmon n\u00eb sh\u00ebrimin e lodhjes kronike, si dhe n\u00eb rritjen e kapaciteteve t\u00eb p\u00ebrgjithshme njoh\u00ebse dhe frym\u00ebzimit krijues.<\/p>\n<p><strong>Sh\u00ebrimi emocional:<\/strong><\/p>\n<p>Zhadi Kandinez rrit cil\u00ebsit\u00eb e lidershipit dhe aft\u00ebsin\u00eb tuaj p\u00ebr t&#8217;u fokusuar n\u00eb detyra.<\/p>\n<p>Mund t&#8217;ju parandaloj\u00eb q\u00eb t\u00eb b\u00ebheni shum\u00eb kritik ndaj personit tuaj t\u00eb r\u00ebnd\u00ebsish\u00ebm dhe t&#8217;ju ndihmoj\u00eb t\u00eb menaxhoni nivelet e stresit.<\/p>\n<p><strong>Pastroni dhe rimbushni:<\/strong><\/p>\n<p>Mbajeni Zhadi Kandinez n\u00ebn uj\u00eb t\u00eb rrjedhsh\u00ebm p\u00ebr t\u00eb pakt\u00ebn nj\u00eb minut\u00eb, ose n\u00ebse d\u00ebshironi, vendoseni n\u00eb tok\u00eb dhe l\u00ebreni t\u00eb q\u00ebndroj\u00eb n\u00ebn tok\u00eb deri n\u00eb 48 or\u00eb.<\/p>\n","protected":false},"excerpt":{"rendered":"<p>HOROSKOPI: Luani, Virgj\u00ebresha CHAKRA: Pleksus diellor Zhadi Kandinez \u00ebsht\u00eb nj\u00eb kristal shum\u00eb i rrall\u00eb dhe i bukur. Sh\u00ebrimi shpirt\u00ebror: Ajo sjell lumturi dhe g\u00ebzim dhe m\u00ebson<span class=\"excerpt-hellip\"> [\u2026]<\/span><\/p>\n","protected":false},"featured_media":15538,"comment_status":"open","ping_status":"closed","template":"","meta":[],"product_brand":[],"product_cat":[2292,2405,2372,2363,2388,2356,2379,2310,2365,2353,2366,2307,2897,2306,2359,2352,2326,2404],"product_tag":[],"class_list":{"0":"post-17090","1":"product","2":"type-product","3":"status-publish","4":"has-post-thumbnail","6":"product_cat-crystal-jewelry-sq","7":"product_cat-blej-sipas","8":"product_cat-blej-sipas-ngjyres","9":"product_cat-bricjapi","10":"product_cat-bracelet-sq","11":"product_cat-fat-sukses","12":"product_cat-gjelbert","13":"product_cat-llojet-e-gurve-te-cmuar","14":"product_cat-luani","15":"product_cat-lumturi-vetebesim","16":"product_cat-peshorja","17":"product_cat-pleksusi-diellor","18":"product_cat-rruza","19":"product_cat-sakrale","20":"product_cat-shenjat-e-horoskopit","21":"product_cat-qellim","22":"product_cat-xhade","23":"product_cat-zona-e-cakres","25":"first","26":"instock","27":"shipping-taxable","28":"purchasable","29":"product-type-variable"},"_links":{"self":[{"href":"https:\/\/tinacrystals.com\/sq\/wp-json\/wp\/v2\/product\/17090","targetHints":{"allow":["GET"]}}],"collection":[{"href":"https:\/\/tinacrystals.com\/sq\/wp-json\/wp\/v2\/product"}],"about":[{"href":"https:\/\/tinacrystals.com\/sq\/wp-json\/wp\/v2\/types\/product"}],"replies":[{"embeddable":true,"href":"https:\/\/tinacrystals.com\/sq\/wp-json\/wp\/v2\/comments?post=17090"}],"wp:featuredmedia":[{"embeddable":true,"href":"https:\/\/tinacrystals.com\/sq\/wp-json\/wp\/v2\/media\/15538"}],"wp:attachment":[{"href":"https:\/\/tinacrystals.com\/sq\/wp-json\/wp\/v2\/media?parent=17090"}],"wp:term":[{"taxonomy":"product_brand","embeddable":true,"href":"https:\/\/tinacrystals.com\/sq\/wp-json\/wp\/v2\/product_brand?post=17090"},{"taxonomy":"product_cat","embeddable":true,"href":"https:\/\/tinacrystals.com\/sq\/wp-json\/wp\/v2\/product_cat?post=17090"},{"taxonomy":"product_tag","embeddable":true,"href":"https:\/\/tinacrystals.com\/sq\/wp-json\/wp\/v2\/product_tag?post=17090"}],"curies":[{"name":"wp","href":"https:\/\/api.w.org\/{rel}","templated":true}]}}