{"id":17109,"date":"2022-03-25T09:05:37","date_gmt":"2022-03-25T08:06:46","guid":{"rendered":"http:\/\/tinacrystals.com\/?post_type=product&#038;p=17109"},"modified":"2022-06-22T13:57:46","modified_gmt":"2022-06-22T11:57:46","slug":"bronzit-byzylik","status":"publish","type":"product","link":"https:\/\/tinacrystals.com\/sq\/product\/bronzit-byzylik\/","title":{"rendered":"Bronzit Byzylik"},"content":{"rendered":"<p>\u00c7akra: Root, Chakra<br \/>\nZodiaku: Luani, Demi<\/p>\n<p>&nbsp;<\/p>\n<p>Bronziti p\u00ebrdoret p\u00ebr mbrojtje, pasi jo vet\u00ebm largon, por edhe kthen energjit\u00eb negative tek d\u00ebrguesi. Bronziti do t\u00eb forcoj\u00eb ndjenj\u00ebn tuaj t\u00eb q\u00ebllimit n\u00eb m\u00ebnyr\u00eb q\u00eb t\u00eb mbeteni elastik dhe t\u00eb motivuar n\u00eb arritjen e q\u00ebllimeve tuaja.<\/p>\n<p>&nbsp;<\/p>\n<p><strong><em>Sh\u00ebrimi shpirt\u00ebror:<\/em><\/strong><\/p>\n<p>Bronziti gjithashtu ka aft\u00ebsin\u00eb p\u00ebr t&#8217;ju lidhur me kujdestar\u00ebt tuaj shpirt\u00ebror\u00eb dhe magjin\u00eb st\u00ebrgjyshore!<\/p>\n<p>\u00cbsht\u00eb nj\u00eb aleat i mrekulluesh\u00ebm kur duhet t\u00eb mbroheni nga magjia e err\u00ebt ose magjit\u00eb e k\u00ebqija.<\/p>\n<p>\u00cbsht\u00eb nj\u00eb gur i mrekulluesh\u00ebm p\u00ebr t\u00eb medituar dhe studiuar, sepse do t&#8217;ju sjell\u00eb qet\u00ebsi dhe paqe dhe do t&#8217;ju ndihmoj\u00eb t\u00eb krijoni shenjt\u00ebroren tuaj t\u00eb shenjt\u00eb<\/p>\n<p>&nbsp;<\/p>\n<p><strong><em>Sh\u00ebrimi fizik:<\/em><\/strong><\/p>\n<p>Bronziti mbart energji t\u00eb fuqishme sh\u00ebruese q\u00eb do t\u00eb jen\u00eb t\u00eb dobishme p\u00ebr trupin tuaj fizik.<\/p>\n<p>Mund t\u00eb ndihmoj\u00eb n\u00eb pastrimin e gjakut dhe forcimin e nervave tuaj. Disa njer\u00ebz e p\u00ebrdorin at\u00eb p\u00ebr t\u00eb ndihmuar n\u00eb sh\u00ebrimin e tyre nga trauma, depresioni dhe ankthi.<\/p>\n<p>Energjit\u00eb e tij sh\u00ebruese gjithashtu mund t\u00eb leht\u00ebsojn\u00eb dhimbjet q\u00eb lidhen me ng\u00ebr\u00e7et.<\/p>\n<p>&nbsp;<\/p>\n<p><strong><em>Sh\u00ebrimi emocional:<\/em><\/strong><\/p>\n<p>Do t&#8217;ju mbaj\u00eb t\u00eb fort\u00eb dhe t\u00eb guximsh\u00ebm emocionalisht, pavar\u00ebsisht n\u00ebse jeni n\u00eb nj\u00eb lidhje apo jo.<\/p>\n<p>Do t&#8217;ju jap\u00eb besimin p\u00ebr t&#8217;u marr\u00eb me \u00e7\u00ebshtjet q\u00eb po ndikojn\u00eb n\u00eb marr\u00ebdh\u00ebnien tuaj n\u00eb vend q\u00eb t\u00eb ikni ose t\u00eb mohoni se ka nj\u00eb problem.<\/p>\n<p>Bronziti do t\u00eb frym\u00ebzoj\u00eb p\u00ebr t\u00eb qen\u00eb nj\u00eb partner m\u00eb i pjekur dhe m\u00eb kuptues.<\/p>\n<p>&nbsp;<\/p>\n<p><strong><em>Pastroni dhe rimbushni:<\/em><\/strong><\/p>\n<p>Mbajeni gurin tuaj n\u00eb uj\u00eb t\u00eb rrjedhsh\u00ebm t\u00eb past\u00ebr. Kjo do ta pastroj\u00eb at\u00eb nga energjit\u00eb negative.<\/p>\n<p>P\u00ebr t\u00eb rimbushur gurin, l\u00ebreni at\u00eb n\u00ebn h\u00ebn\u00ebn e plot\u00eb gjat\u00eb gjith\u00eb nat\u00ebs.<\/p>\n","protected":false},"excerpt":{"rendered":"<p>\u00c7akra: Root, Chakra Zodiaku: Luani, Demi &nbsp; Bronziti p\u00ebrdoret p\u00ebr mbrojtje, pasi jo vet\u00ebm largon, por edhe kthen energjit\u00eb negative tek d\u00ebrguesi. Bronziti do t\u00eb forcoj\u00eb<span class=\"excerpt-hellip\"> [\u2026]<\/span><\/p>\n","protected":false},"featured_media":15532,"comment_status":"open","ping_status":"closed","template":"","meta":[],"product_brand":[],"product_cat":[2292,2405,2372,2388,2370,2356,2358,2375,2310,2365,2305,2897,2306,2359,2352,2404],"product_tag":[],"class_list":{"0":"post-17109","1":"product","2":"type-product","3":"status-publish","4":"has-post-thumbnail","6":"product_cat-crystal-jewelry-sq","7":"product_cat-blej-sipas","8":"product_cat-blej-sipas-ngjyres","9":"product_cat-bracelet-sq","10":"product_cat-demi","11":"product_cat-fat-sukses","12":"product_cat-force-stabilitet","13":"product_cat-kafte","14":"product_cat-llojet-e-gurve-te-cmuar","15":"product_cat-luani","16":"product_cat-rrenja","17":"product_cat-rruza","18":"product_cat-sakrale","19":"product_cat-shenjat-e-horoskopit","20":"product_cat-qellim","21":"product_cat-zona-e-cakres","23":"first","24":"instock","25":"shipping-taxable","26":"purchasable","27":"product-type-variable"},"_links":{"self":[{"href":"https:\/\/tinacrystals.com\/sq\/wp-json\/wp\/v2\/product\/17109","targetHints":{"allow":["GET"]}}],"collection":[{"href":"https:\/\/tinacrystals.com\/sq\/wp-json\/wp\/v2\/product"}],"about":[{"href":"https:\/\/tinacrystals.com\/sq\/wp-json\/wp\/v2\/types\/product"}],"replies":[{"embeddable":true,"href":"https:\/\/tinacrystals.com\/sq\/wp-json\/wp\/v2\/comments?post=17109"}],"wp:featuredmedia":[{"embeddable":true,"href":"https:\/\/tinacrystals.com\/sq\/wp-json\/wp\/v2\/media\/15532"}],"wp:attachment":[{"href":"https:\/\/tinacrystals.com\/sq\/wp-json\/wp\/v2\/media?parent=17109"}],"wp:term":[{"taxonomy":"product_brand","embeddable":true,"href":"https:\/\/tinacrystals.com\/sq\/wp-json\/wp\/v2\/product_brand?post=17109"},{"taxonomy":"product_cat","embeddable":true,"href":"https:\/\/tinacrystals.com\/sq\/wp-json\/wp\/v2\/product_cat?post=17109"},{"taxonomy":"product_tag","embeddable":true,"href":"https:\/\/tinacrystals.com\/sq\/wp-json\/wp\/v2\/product_tag?post=17109"}],"curies":[{"name":"wp","href":"https:\/\/api.w.org\/{rel}","templated":true}]}}