{"id":17171,"date":"2022-03-25T10:24:48","date_gmt":"2022-03-25T09:26:07","guid":{"rendered":"http:\/\/tinacrystals.com\/?post_type=product&#038;p=17171"},"modified":"2022-06-22T12:27:02","modified_gmt":"2022-06-22T10:27:02","slug":"angelit-blu-byzylik","status":"publish","type":"product","link":"https:\/\/tinacrystals.com\/sq\/product\/angelit-blu-byzylik\/","title":{"rendered":"Angelit Blu Byzylik"},"content":{"rendered":"<p>\u00c7akra: Fyti, Syri i Tret\u00eb<br \/>\nZodiaku: Ujori, Peshqit<\/p>\n<p>&nbsp;<\/p>\n<p>\u00cbsht\u00eb nj\u00eb gur q\u00eb shnd\u00ebrron atmosfera t\u00eb bukura pozitive dhe t\u00eb qeta, duke ju ftuar t\u00eb hyni n\u00eb m\u00ebshir\u00eb dhe t\u00eb mbushni zemr\u00ebn tuaj me dhembshuri.<\/p>\n<p>&nbsp;<\/p>\n<p><strong><em>Sh\u00ebrimi shpirt\u00ebror:<\/em><\/strong><\/p>\n<p>Angelite \u00ebsht\u00eb k\u00ebtu p\u00ebr t\u00eb hapur mendjen dhe zemr\u00ebn tuaj p\u00ebr ta b\u00ebr\u00eb udh\u00ebtimin astrale nj\u00eb mund\u00ebsi p\u00ebr t\u00eb ushqy\u00ebr ndjesin\u00eb telepatike tek ju, lidhjet me udh\u00ebzuesit shpirt\u00ebror\u00eb dhe engj\u00ebjt mbrojt\u00ebs dhe ju fton t\u00eb lidheni me njohurin\u00eb hyjnore universale.<\/p>\n<p>&nbsp;<\/p>\n<p><strong><em>Sh\u00ebrimi fizik:<\/em><\/strong><\/p>\n<p>Kur b\u00ebhet fjal\u00eb p\u00ebr trupin fizik, Angelite \u00ebsht\u00eb nj\u00eb sh\u00ebruese e mahnitshme. Ndihmon n\u00eb balancimin e gj\u00ebndr\u00ebs tiroide dhe ndihmon trupin t\u00eb largoj\u00eb \u00e7do infeksion t\u00eb lidhur me fytin. Duke ushqyer sh\u00ebndetin dhe mir\u00ebqenien n\u00eb t\u00eb gjith\u00eb sistemin tuaj, Angelite mund t\u00eb ndihmoj\u00eb gjithashtu n\u00eb rinovimin e en\u00ebve t\u00eb gjakut dhe mbajtjen e zemr\u00ebs t\u00eb skuqur dhe t\u00eb plot\u00eb dhe t\u00eb l\u00ebviz\u00eb mir\u00eb.<\/p>\n<p>&nbsp;<\/p>\n<p><strong><em>Sh\u00ebrimi emocional:<\/em><\/strong><\/p>\n<p>Angelite \u00ebsht\u00eb k\u00ebtu p\u00ebr t\u00eb pastruar gjith\u00eb kaosin q\u00eb \u00ebsht\u00eb krijuar. \u00cbsht\u00eb nj\u00eb gur q\u00eb shnd\u00ebrron emocione t\u00eb bukura pozitive dhe t\u00eb qeta, duke ju ftuar t\u00eb hyni n\u00eb m\u00ebshir\u00eb , dhe mbush zemr\u00ebn tuaj me dhembshuri.<\/p>\n<p>&nbsp;<\/p>\n<p><strong><em>Pastroni dhe rimbushni:<\/em><\/strong><\/p>\n<p>Mbajeni gurin tuaj n\u00eb uj\u00eb t\u00eb rrjedhsh\u00ebm t\u00eb past\u00ebr. Kjo do ta pastroj\u00eb at\u00eb nga energjit\u00eb negative.<\/p>\n<p>P\u00ebr t\u00eb rimbushur gurin, l\u00ebreni at\u00eb n\u00ebn h\u00ebn\u00ebn e plot\u00eb gjat\u00eb gjith\u00eb nat\u00ebs.<\/p>\n","protected":false},"excerpt":{"rendered":"<p>\u00c7akra: Fyti, Syri i Tret\u00eb Zodiaku: Ujori, Peshqit &nbsp; \u00cbsht\u00eb nj\u00eb gur q\u00eb shnd\u00ebrron atmosfera t\u00eb bukura pozitive dhe t\u00eb qeta, duke ju ftuar t\u00eb hyni<span class=\"excerpt-hellip\"> [\u2026]<\/span><\/p>\n","protected":false},"featured_media":15505,"comment_status":"open","ping_status":"closed","template":"","meta":[],"product_brand":[],"product_cat":[2990,2292,2405,2372,2374,2388,2309,2310,2353,2367,2897,2354,2359,2352,2360,2304,2404],"product_tag":[],"class_list":{"0":"post-17171","1":"product","2":"type-product","3":"status-publish","4":"has-post-thumbnail","6":"product_cat-angelit","7":"product_cat-crystal-jewelry-sq","8":"product_cat-blej-sipas","9":"product_cat-blej-sipas-ngjyres","10":"product_cat-blu","11":"product_cat-bracelet-sq","12":"product_cat-fyti","13":"product_cat-llojet-e-gurve-te-cmuar","14":"product_cat-lumturi-vetebesim","15":"product_cat-peshqit","16":"product_cat-rruza","17":"product_cat-shendet-balans","18":"product_cat-shenjat-e-horoskopit","19":"product_cat-qellim","20":"product_cat-ujori","21":"product_cat-zemra","22":"product_cat-zona-e-cakres","24":"first","25":"outofstock","26":"shipping-taxable","27":"purchasable","28":"product-type-variable"},"_links":{"self":[{"href":"https:\/\/tinacrystals.com\/sq\/wp-json\/wp\/v2\/product\/17171","targetHints":{"allow":["GET"]}}],"collection":[{"href":"https:\/\/tinacrystals.com\/sq\/wp-json\/wp\/v2\/product"}],"about":[{"href":"https:\/\/tinacrystals.com\/sq\/wp-json\/wp\/v2\/types\/product"}],"replies":[{"embeddable":true,"href":"https:\/\/tinacrystals.com\/sq\/wp-json\/wp\/v2\/comments?post=17171"}],"wp:featuredmedia":[{"embeddable":true,"href":"https:\/\/tinacrystals.com\/sq\/wp-json\/wp\/v2\/media\/15505"}],"wp:attachment":[{"href":"https:\/\/tinacrystals.com\/sq\/wp-json\/wp\/v2\/media?parent=17171"}],"wp:term":[{"taxonomy":"product_brand","embeddable":true,"href":"https:\/\/tinacrystals.com\/sq\/wp-json\/wp\/v2\/product_brand?post=17171"},{"taxonomy":"product_cat","embeddable":true,"href":"https:\/\/tinacrystals.com\/sq\/wp-json\/wp\/v2\/product_cat?post=17171"},{"taxonomy":"product_tag","embeddable":true,"href":"https:\/\/tinacrystals.com\/sq\/wp-json\/wp\/v2\/product_tag?post=17171"}],"curies":[{"name":"wp","href":"https:\/\/api.w.org\/{rel}","templated":true}]}}