{"id":17257,"date":"2022-03-28T21:02:08","date_gmt":"2022-03-28T19:02:44","guid":{"rendered":"http:\/\/tinacrystals.com\/?post_type=product&#038;p=17257"},"modified":"2022-06-21T14:26:46","modified_gmt":"2022-06-21T12:26:46","slug":"kuarc-i-zi-linjezuar-byzylik","status":"publish","type":"product","link":"https:\/\/tinacrystals.com\/sq\/product\/kuarc-i-zi-linjezuar-byzylik\/","title":{"rendered":"Kuarc i Zi i Linj\u00ebzuar Byzylik"},"content":{"rendered":"<p>Chakra: Kurora, Syri i Tret\u00eb<br \/>\nZodiaku: Virgj\u00ebresha, Ujori<\/p>\n<p>&nbsp;<\/p>\n<p>Kuptimi i kuarcit t\u00eb zi t\u00eb rutiluar synon t\u00eb hedh\u00eb drit\u00eb mbi situat\u00ebn dhe t&#8217;ju ndihmoj\u00eb t\u00eb dilni nj\u00eb person m\u00eb i mir\u00eb.<\/p>\n<p>Ajo mbush jet\u00ebn tuaj me drit\u00eb dhe shp\u00ebrndan energjin\u00eb e err\u00ebt n\u00eb vend.Me p\u00ebrdorimin e kristalit, kristali do t&#8217;ju mbroj\u00eb nga k\u00ebrc\u00ebnimet dhe sfidat e reja.<\/p>\n<p>&nbsp;<\/p>\n<p><strong><em>Sh\u00ebrimi shpirt\u00ebror:<\/em><\/strong><\/p>\n<p>P\u00ebr k\u00ebt\u00eb gur, vet\u00eb-ngrritja \u00ebsht\u00eb emri i loj\u00ebs. N\u00eb vend q\u00eb t\u00eb p\u00ebrqendroheni n\u00eb energjin\u00eb e jashtme, ju ndihmon t\u00eb vini n\u00eb kontakt me energjit\u00eb tuaj t\u00eb brendshme p\u00ebr ta rregulluar mir\u00ebq\u00ebnien tuaj.<\/p>\n<p>M\u00eb e r\u00ebnd\u00ebsishmja, kristali zgjon potencialin tuaj! Zbuloni gj\u00ebra t\u00eb reja p\u00ebr veten tuaj dhe shikoni se \u00e7far\u00eb jeni v\u00ebrtet t\u00eb aft\u00eb t\u00eb b\u00ebni.<\/p>\n<p>&nbsp;<\/p>\n<p><strong><em>Sh\u00ebrimi fizik:<\/em><\/strong><\/p>\n<p>Shum\u00eb thon\u00eb se p\u00ebr nj\u00eb sh\u00ebndet m\u00eb t\u00eb mir\u00eb ndikon shendeti digjestiv. Mbajtja e tij af\u00ebr trupit tuaj thuhet se zvog\u00eblon shpesht\u00ebsin\u00eb e problemeve me stomakun.<\/p>\n<p>Jo vet\u00ebm kaq, por disa besojn\u00eb se p\u00ebrmir\u00ebson aft\u00ebsin\u00eb e trupit tuaj p\u00ebr t\u00eb absorbuar l\u00ebnd\u00eb ushqyese dhe minerale. Kjo mund t\u00eb rezultoj\u00eb n\u00eb nj\u00eb sh\u00ebndet m\u00eb t\u00eb mir\u00eb t\u00eb p\u00ebrgjithsh\u00ebm pasi jeni t\u00eb lir\u00eb t\u00eb p\u00ebrdorni m\u00eb shum\u00eb l\u00ebnd\u00eb ushqyese n\u00eb diet\u00ebn tuaj.<\/p>\n<p>&nbsp;<\/p>\n<p><strong><em>Sh\u00ebrimi emocional:<\/em><\/strong><\/p>\n<p>Ju ndihmon t\u00eb analizoni jet\u00ebn tuaj dhe t\u00eb pranoni gj\u00ebrat q\u00eb nuk mund t&#8217;i ndryshoni. Energjia e kristalit madje ju inkurajon t\u00eb shikoni nga brenda dhe t\u00eb pranoni p\u00ebrgjegj\u00ebsin\u00eb p\u00ebr jet\u00ebn tuaj.<\/p>\n<p>&nbsp;<\/p>\n<p><strong><em>Pastroni dhe rimbushni:<\/em><\/strong><\/p>\n<p>Mbajeni gurin tuaj n\u00eb uj\u00eb t\u00eb rrjedhsh\u00ebm t\u00eb past\u00ebr. Kjo do ta pastroj\u00eb at\u00eb nga energjit\u00eb negative.<\/p>\n<p>P\u00ebr t\u00eb rimbushur gurin, l\u00ebreni at\u00eb n\u00ebn h\u00ebn\u00ebn e plot\u00eb gjat\u00eb gjith\u00eb nat\u00ebs.<\/p>\n","protected":false},"excerpt":{"rendered":"<p>Chakra: Kurora, Syri i Tret\u00eb Zodiaku: Virgj\u00ebresha, Ujori &nbsp; Kuptimi i kuarcit t\u00eb zi t\u00eb rutiluar synon t\u00eb hedh\u00eb drit\u00eb mbi situat\u00ebn dhe t&#8217;ju ndihmoj\u00eb t\u00eb<span class=\"excerpt-hellip\"> [\u2026]<\/span><\/p>\n","protected":false},"featured_media":15057,"comment_status":"open","ping_status":"closed","template":"","meta":[],"product_brand":[],"product_cat":[2385,2292,2372,2388,2373,2303,2310,2897,2359,2308,2360,2371,2404],"product_tag":[],"class_list":{"0":"post-17257","1":"product","2":"type-product","3":"status-publish","4":"has-post-thumbnail","6":"product_cat-bardhe","7":"product_cat-crystal-jewelry-sq","8":"product_cat-blej-sipas-ngjyres","9":"product_cat-bracelet-sq","10":"product_cat-e-zeze","11":"product_cat-kurora","12":"product_cat-llojet-e-gurve-te-cmuar","13":"product_cat-rruza","14":"product_cat-shenjat-e-horoskopit","15":"product_cat-syri-i-trete","16":"product_cat-ujori","17":"product_cat-virgjersha","18":"product_cat-zona-e-cakres","20":"first","21":"instock","22":"shipping-taxable","23":"purchasable","24":"product-type-variable"},"_links":{"self":[{"href":"https:\/\/tinacrystals.com\/sq\/wp-json\/wp\/v2\/product\/17257","targetHints":{"allow":["GET"]}}],"collection":[{"href":"https:\/\/tinacrystals.com\/sq\/wp-json\/wp\/v2\/product"}],"about":[{"href":"https:\/\/tinacrystals.com\/sq\/wp-json\/wp\/v2\/types\/product"}],"replies":[{"embeddable":true,"href":"https:\/\/tinacrystals.com\/sq\/wp-json\/wp\/v2\/comments?post=17257"}],"wp:featuredmedia":[{"embeddable":true,"href":"https:\/\/tinacrystals.com\/sq\/wp-json\/wp\/v2\/media\/15057"}],"wp:attachment":[{"href":"https:\/\/tinacrystals.com\/sq\/wp-json\/wp\/v2\/media?parent=17257"}],"wp:term":[{"taxonomy":"product_brand","embeddable":true,"href":"https:\/\/tinacrystals.com\/sq\/wp-json\/wp\/v2\/product_brand?post=17257"},{"taxonomy":"product_cat","embeddable":true,"href":"https:\/\/tinacrystals.com\/sq\/wp-json\/wp\/v2\/product_cat?post=17257"},{"taxonomy":"product_tag","embeddable":true,"href":"https:\/\/tinacrystals.com\/sq\/wp-json\/wp\/v2\/product_tag?post=17257"}],"curies":[{"name":"wp","href":"https:\/\/api.w.org\/{rel}","templated":true}]}}