{"id":17277,"date":"2022-03-28T21:14:43","date_gmt":"2022-03-28T19:17:30","guid":{"rendered":"http:\/\/tinacrystals.com\/?post_type=product&#038;p=17277"},"modified":"2022-06-22T14:54:09","modified_gmt":"2022-06-22T12:54:09","slug":"kuarci-djalli-byzylik","status":"publish","type":"product","link":"https:\/\/tinacrystals.com\/sq\/product\/kuarci-djalli-byzylik\/","title":{"rendered":"Kuarci Res\u00eb Byzylik"},"content":{"rendered":"<p>Charka: Rr\u00ebnja, Sakrale, Pleksus diellor<br \/>\nZodiaku: Dashi, Peshorja, Ujori<\/p>\n<p>&nbsp;<\/p>\n<p>Kuarci i res\u00eb \u00ebsht\u00eb nj\u00eb gur tep\u00ebr tok\u00ebzues dhe mb\u00ebshtet\u00ebs. Ai na p\u00ebrqendron dhe na mbron n\u00eb aspektin fizik dhe ofron optimiz\u00ebm dhe k\u00ebmb\u00ebngulje duke hequr zvarritjen, shp\u00ebrqendrimin dhe idet\u00eb negative.<\/p>\n<p>Kuarci i res\u00eb hapet, sh\u00ebron dhe aktivizon \u00e7akr\u00ebn e rr\u00ebnj\u00ebs pasi siguron nj\u00eb baz\u00eb t\u00eb bazuar.<\/p>\n","protected":false},"excerpt":{"rendered":"<p>Charka: Rr\u00ebnja, Sakrale, Pleksus diellor Zodiaku: Dashi, Peshorja, Ujori &nbsp; Kuarci i res\u00eb \u00ebsht\u00eb nj\u00eb gur tep\u00ebr tok\u00ebzues dhe mb\u00ebshtet\u00ebs. Ai na p\u00ebrqendron dhe na mbron<span class=\"excerpt-hellip\"> [\u2026]<\/span><\/p>\n","protected":false},"featured_media":15042,"comment_status":"open","ping_status":"closed","template":"","meta":[],"product_brand":[],"product_cat":[2292,2405,2372,2388,2361,2358,2378,2310,2357,2366,2307,2305,2897,2306,2359,2352,2360,2404],"product_tag":[],"class_list":{"0":"post-17277","1":"product","2":"type-product","3":"status-publish","4":"has-post-thumbnail","6":"product_cat-crystal-jewelry-sq","7":"product_cat-blej-sipas","8":"product_cat-blej-sipas-ngjyres","9":"product_cat-bracelet-sq","10":"product_cat-dashi","11":"product_cat-force-stabilitet","12":"product_cat-gri","13":"product_cat-llojet-e-gurve-te-cmuar","14":"product_cat-mbrotje-paqe","15":"product_cat-peshorja","16":"product_cat-pleksusi-diellor","17":"product_cat-rrenja","18":"product_cat-rruza","19":"product_cat-sakrale","20":"product_cat-shenjat-e-horoskopit","21":"product_cat-qellim","22":"product_cat-ujori","23":"product_cat-zona-e-cakres","25":"first","26":"instock","27":"shipping-taxable","28":"purchasable","29":"product-type-variable"},"_links":{"self":[{"href":"https:\/\/tinacrystals.com\/sq\/wp-json\/wp\/v2\/product\/17277","targetHints":{"allow":["GET"]}}],"collection":[{"href":"https:\/\/tinacrystals.com\/sq\/wp-json\/wp\/v2\/product"}],"about":[{"href":"https:\/\/tinacrystals.com\/sq\/wp-json\/wp\/v2\/types\/product"}],"replies":[{"embeddable":true,"href":"https:\/\/tinacrystals.com\/sq\/wp-json\/wp\/v2\/comments?post=17277"}],"wp:featuredmedia":[{"embeddable":true,"href":"https:\/\/tinacrystals.com\/sq\/wp-json\/wp\/v2\/media\/15042"}],"wp:attachment":[{"href":"https:\/\/tinacrystals.com\/sq\/wp-json\/wp\/v2\/media?parent=17277"}],"wp:term":[{"taxonomy":"product_brand","embeddable":true,"href":"https:\/\/tinacrystals.com\/sq\/wp-json\/wp\/v2\/product_brand?post=17277"},{"taxonomy":"product_cat","embeddable":true,"href":"https:\/\/tinacrystals.com\/sq\/wp-json\/wp\/v2\/product_cat?post=17277"},{"taxonomy":"product_tag","embeddable":true,"href":"https:\/\/tinacrystals.com\/sq\/wp-json\/wp\/v2\/product_tag?post=17277"}],"curies":[{"name":"wp","href":"https:\/\/api.w.org\/{rel}","templated":true}]}}