{"id":17409,"date":"2022-03-29T00:48:16","date_gmt":"2022-03-28T22:48:48","guid":{"rendered":"http:\/\/tinacrystals.com\/?post_type=product&#038;p=17409"},"modified":"2022-06-29T13:16:11","modified_gmt":"2022-06-29T11:16:11","slug":"hematit-byzylik","status":"publish","type":"product","link":"https:\/\/tinacrystals.com\/sq\/product\/hematit-byzylik\/","title":{"rendered":"Hematit Byzylik"},"content":{"rendered":"<p><strong>HOROSKOPI<\/strong>: Dashi, Ujori<\/p>\n<p>\u00c7<strong>AKRA<\/strong>: Rr\u00ebnja<\/p>\n<p>N\u00ebse doni t\u00eb jetoni nj\u00eb jet\u00eb t\u00eb mir\u00eb, mbajeni Hematitin pran\u00eb jush!<\/p>\n<p><strong>Sh\u00ebrimi shpirt\u00ebror:<\/strong><\/p>\n<p>Hematiti \u00ebsht\u00eb nj\u00eb gur q\u00eb qet\u00ebson mendjen tuaj dhe sjell qet\u00ebsi t\u00eb thell\u00eb t\u00eb brendshme. Hematiti rrit vet\u00ebbesimin dhe besimin.<\/p>\n<p>Ky kristal eliminon negativitetin n\u00eb t\u00eb gjitha format dhe \u00ebsht\u00eb ve\u00e7an\u00ebrisht i dobish\u00ebm p\u00ebr tok\u00ebzimin e niveleve t\u00eb larta vibruese gjat\u00eb sh\u00ebrimit.<\/p>\n<p><strong>Sh\u00ebrimi fizik:<\/strong><\/p>\n<p>N\u00ebse keni presion t\u00eb lart\u00eb t\u00eb gjakut, mpiksje ose djersitje t\u00eb tep\u00ebrt, ky hematit \u00ebsht\u00eb nj\u00eb gur q\u00eb duhet ta keni n\u00eb jet\u00ebn tuaj!<\/p>\n<p>Promovon funksionimin normal t\u00eb veshkave dhe rigjenerimin e indeve. Mund t&#8217;ju ndihmoj\u00eb me ng\u00ebr\u00e7et e k\u00ebmb\u00ebve, ankthin dhe pagjum\u00ebsin\u00eb.<\/p>\n<p><strong>Sh\u00ebrimi emocional:<\/strong><\/p>\n<p>Hematiti \u00ebsht\u00eb nj\u00eb kristal i fuqish\u00ebm q\u00eb mund t\u00eb ndihmoj\u00eb me ndrojtjen, vet\u00ebvler\u00ebsimin dhe mbijetes\u00ebn, si dhe rritjen e vullnetit, besueshm\u00ebris\u00eb dhe besimit.<\/p>\n<p>Shp\u00ebrndan negativitetin dhe ju pengon t\u00eb merni negativitetin e njer\u00ebzve t\u00eb tjer\u00eb.<\/p>\n<p><strong>Pastroni dhe rimbushni:<\/strong><\/p>\n<p>Hematiti \u00ebsht\u00eb nj\u00eb gur q\u00eb nuk e p\u00eblqen ujin dhe nuk rekomandohet t\u00eb pastrohet me t\u00eb. Ju thjesht mund t\u00eb p\u00ebrdorni nj\u00eb fur\u00e7\u00eb t\u00eb but\u00eb me qime dhe ta f\u00ebrkoni.<\/p>\n<p>N\u00ebse d\u00ebshironi t\u00eb rimbushni hematitin tuaj, at\u00ebher\u00eb vendoseni mbi kristalet e tjera shk\u00ebmbore p\u00ebr t&#8217;i mbushur me energji.<\/p>\n","protected":false},"excerpt":{"rendered":"<p>HOROSKOPI: Dashi, Ujori \u00c7AKRA: Rr\u00ebnja N\u00ebse doni t\u00eb jetoni nj\u00eb jet\u00eb t\u00eb mir\u00eb, mbajeni Hematitin pran\u00eb jush! Sh\u00ebrimi shpirt\u00ebror: Hematiti \u00ebsht\u00eb nj\u00eb gur q\u00eb qet\u00ebson mendjen<span class=\"excerpt-hellip\"> [\u2026]<\/span><\/p>\n","protected":false},"featured_media":14931,"comment_status":"open","ping_status":"closed","template":"","meta":[],"product_brand":[],"product_cat":[2292,2372,2388,2361,2373,2378,2324,2310,2357,2305,2897,2354,2359,2352,2360,2404],"product_tag":[],"class_list":{"0":"post-17409","1":"product","2":"type-product","3":"status-publish","4":"has-post-thumbnail","6":"product_cat-crystal-jewelry-sq","7":"product_cat-blej-sipas-ngjyres","8":"product_cat-bracelet-sq","9":"product_cat-dashi","10":"product_cat-e-zeze","11":"product_cat-gri","12":"product_cat-hematite-sq","13":"product_cat-llojet-e-gurve-te-cmuar","14":"product_cat-mbrotje-paqe","15":"product_cat-rrenja","16":"product_cat-rruza","17":"product_cat-shendet-balans","18":"product_cat-shenjat-e-horoskopit","19":"product_cat-qellim","20":"product_cat-ujori","21":"product_cat-zona-e-cakres","23":"first","24":"instock","25":"shipping-taxable","26":"purchasable","27":"product-type-variable"},"_links":{"self":[{"href":"https:\/\/tinacrystals.com\/sq\/wp-json\/wp\/v2\/product\/17409","targetHints":{"allow":["GET"]}}],"collection":[{"href":"https:\/\/tinacrystals.com\/sq\/wp-json\/wp\/v2\/product"}],"about":[{"href":"https:\/\/tinacrystals.com\/sq\/wp-json\/wp\/v2\/types\/product"}],"replies":[{"embeddable":true,"href":"https:\/\/tinacrystals.com\/sq\/wp-json\/wp\/v2\/comments?post=17409"}],"wp:featuredmedia":[{"embeddable":true,"href":"https:\/\/tinacrystals.com\/sq\/wp-json\/wp\/v2\/media\/14931"}],"wp:attachment":[{"href":"https:\/\/tinacrystals.com\/sq\/wp-json\/wp\/v2\/media?parent=17409"}],"wp:term":[{"taxonomy":"product_brand","embeddable":true,"href":"https:\/\/tinacrystals.com\/sq\/wp-json\/wp\/v2\/product_brand?post=17409"},{"taxonomy":"product_cat","embeddable":true,"href":"https:\/\/tinacrystals.com\/sq\/wp-json\/wp\/v2\/product_cat?post=17409"},{"taxonomy":"product_tag","embeddable":true,"href":"https:\/\/tinacrystals.com\/sq\/wp-json\/wp\/v2\/product_tag?post=17409"}],"curies":[{"name":"wp","href":"https:\/\/api.w.org\/{rel}","templated":true}]}}