{"id":17782,"date":"2022-04-01T10:39:45","date_gmt":"2022-04-01T08:39:49","guid":{"rendered":"http:\/\/tinacrystals.com\/?post_type=product&#038;p=17782"},"modified":"2022-05-09T12:43:05","modified_gmt":"2022-05-09T10:43:05","slug":"gur-hene-i-bardhe-byzylik-copy-2","status":"publish","type":"product","link":"https:\/\/tinacrystals.com\/sq\/product\/gur-hene-i-bardhe-byzylik-copy-2\/","title":{"rendered":"Gur H\u00ebne i Bardh\u00eb Tespih"},"content":{"rendered":"<p><strong>HOROSKOPI<\/strong>: T\u00eb gjitha, ve\u00e7an\u00ebrisht me Gaforren, Dashin, Akrepin<br \/>\n<strong>CHAKRA<\/strong>: Sakrale<\/p>\n<p>\u00cbsht\u00eb po aq i lasht\u00eb sa h\u00ebna, ky <strong><em>gur i h\u00ebn\u00ebs blu<\/em><\/strong> dihet se lidhet me magjin\u00eb e h\u00ebn\u00ebs.<\/p>\n<p><strong><em>Sh\u00ebrimi shpirt\u00ebror:<\/em><\/strong><br \/>\nGuri i h\u00ebn\u00ebs hap mendjen ndaj shpres\u00ebs dhe d\u00ebshir\u00ebs, frym\u00ebzimit dhe impulsit.<br \/>\nAi sjell ndri\u00e7im t\u00eb mpreht\u00eb, duke e mbajtur njeriun nga d\u00ebbimi negativ i mund\u00ebsive dhe e lejon dik\u00eb t\u00eb thith\u00eb at\u00eb q\u00eb nevojitet nga universi dhe jo domosdoshm\u00ebrisht at\u00eb q\u00eb k\u00ebrkohet.<\/p>\n<p><strong><em>Sh\u00ebrimi fizik:<\/em><\/strong><br \/>\nGuri i h\u00ebn\u00ebs mund t\u00eb veproj\u00eb si nj\u00eb gur i rritjes p\u00ebr f\u00ebmij\u00ebt dhe adoleshent\u00ebt dhe \u00ebsht\u00eb menduar se ngadal\u00ebson mplakjen e shpejt\u00eb e t\u00eb moshuarve.<br \/>\nGjithashtu mund t\u00eb ngadalsoj\u00eb rrudhjen e l\u00ebkur\u00ebs,rr\u00ebnien e flok\u00ebve, dob\u00ebsimin e pamjes.<\/p>\n<p><strong><em>Sh\u00ebrimi emocional:<\/em><\/strong><br \/>\nGuri i h\u00ebn\u00ebs ndihmon n\u00eb identifikimin e modeleve emocionale q\u00eb ruhen nd\u00ebrgjegjesh\u00ebm dhe sh\u00ebrben si nj\u00eb mbrojt\u00ebs p\u00ebr t\u00eb mbajtur pasionet shp\u00ebrthyese dhe p\u00ebr t\u00eb stimuluar besimin dhe qet\u00ebsin\u00eb.<\/p>\n<p><strong><em>Pastroni dhe rimbushni:<\/em><\/strong><br \/>\nNj\u00eb nga m\u00ebnyrat m\u00eb t\u00eb lehta p\u00ebr t\u00eb pastruar dhe rimbushur kristalin n\u00eb t\u00eb nj\u00ebjt\u00ebn koh\u00eb \u00ebsht\u00eb duke e varrosur n\u00ebn tok\u00eb gjat\u00eb nat\u00ebs, kjo do ta pastroj\u00eb kristalin dhe do t&#8217;i kthej\u00eb energjin\u00eb e tij sa her\u00eb q\u00eb dob\u00ebsohet.<\/p>\n","protected":false},"excerpt":{"rendered":"<p>HOROSKOPI: T\u00eb gjitha, ve\u00e7an\u00ebrisht me Gaforren, Dashin, Akrepin CHAKRA: Sakrale \u00cbsht\u00eb po aq i lasht\u00eb sa h\u00ebna, ky gur i h\u00ebn\u00ebs blu dihet se lidhet me<span class=\"excerpt-hellip\"> [\u2026]<\/span><\/p>\n","protected":false},"featured_media":15215,"comment_status":"open","ping_status":"closed","template":"","meta":[],"product_brand":[],"product_cat":[2369,2385,2364,2405,2372,2363,2361,2370,2358,2362,2335,2310,2365,2357,2366,2367,2306,2359,2368,2352,2903,2360,2386,2371,2404],"product_tag":[],"class_list":{"0":"post-17782","1":"product","2":"type-product","3":"status-publish","4":"has-post-thumbnail","6":"product_cat-akrepi-sq","7":"product_cat-bardhe","8":"product_cat-binjaket","9":"product_cat-blej-sipas","10":"product_cat-blej-sipas-ngjyres","11":"product_cat-bricjapi","12":"product_cat-dashi","13":"product_cat-demi","14":"product_cat-force-stabilitet","15":"product_cat-gaforrja","16":"product_cat-gur-hene","17":"product_cat-llojet-e-gurve-te-cmuar","18":"product_cat-luani","19":"product_cat-mbrotje-paqe","20":"product_cat-peshorja","21":"product_cat-peshqit","22":"product_cat-sakrale","23":"product_cat-shenjat-e-horoskopit","24":"product_cat-shigjetari","25":"product_cat-qellim","26":"product_cat-tespih","27":"product_cat-ujori","28":"product_cat-verdhe","29":"product_cat-virgjersha","30":"product_cat-zona-e-cakres","32":"first","33":"instock","34":"shipping-taxable","35":"purchasable","36":"product-type-variable"},"_links":{"self":[{"href":"https:\/\/tinacrystals.com\/sq\/wp-json\/wp\/v2\/product\/17782","targetHints":{"allow":["GET"]}}],"collection":[{"href":"https:\/\/tinacrystals.com\/sq\/wp-json\/wp\/v2\/product"}],"about":[{"href":"https:\/\/tinacrystals.com\/sq\/wp-json\/wp\/v2\/types\/product"}],"replies":[{"embeddable":true,"href":"https:\/\/tinacrystals.com\/sq\/wp-json\/wp\/v2\/comments?post=17782"}],"wp:featuredmedia":[{"embeddable":true,"href":"https:\/\/tinacrystals.com\/sq\/wp-json\/wp\/v2\/media\/15215"}],"wp:attachment":[{"href":"https:\/\/tinacrystals.com\/sq\/wp-json\/wp\/v2\/media?parent=17782"}],"wp:term":[{"taxonomy":"product_brand","embeddable":true,"href":"https:\/\/tinacrystals.com\/sq\/wp-json\/wp\/v2\/product_brand?post=17782"},{"taxonomy":"product_cat","embeddable":true,"href":"https:\/\/tinacrystals.com\/sq\/wp-json\/wp\/v2\/product_cat?post=17782"},{"taxonomy":"product_tag","embeddable":true,"href":"https:\/\/tinacrystals.com\/sq\/wp-json\/wp\/v2\/product_tag?post=17782"}],"curies":[{"name":"wp","href":"https:\/\/api.w.org\/{rel}","templated":true}]}}