{"id":19602,"date":"2022-04-19T10:49:01","date_gmt":"2022-04-19T08:49:05","guid":{"rendered":"http:\/\/tinacrystals.com\/?post_type=product&#038;p=19602"},"modified":"2022-05-09T10:45:56","modified_gmt":"2022-05-09T08:45:56","slug":"agati-kuq-unaze-klasike-%d0%ba%d0%be%d0%bf%d0%b8%d1%98%d0%b0","status":"publish","type":"product","link":"https:\/\/tinacrystals.com\/sq\/product\/agati-kuq-unaze-klasike-%d0%ba%d0%be%d0%bf%d0%b8%d1%98%d0%b0\/","title":{"rendered":"Agati Kuq Unaz\u00eb"},"content":{"rendered":"<p><strong>Zodiaku<\/strong>: Peshqit, Demi dhe Akrepi<br \/>\n<strong>\u00c7akra:<\/strong> Zemra<\/p>\n<p>&nbsp;<\/p>\n<p>N\u00eb agatin e kuq, drita dep\u00ebrton gur, duke krijuar disa reflektime dhe hije t\u00eb bukura. Agati i Kuq \u00ebsht\u00eb i preferuari p\u00ebr dashamir\u00ebt e kristaleve. Thuhet se ka fuqi dhe energji mistike q\u00eb mund t&#8217;ju mbroj\u00eb dhe p\u00ebrmir\u00ebsoj\u00eb aspekte t\u00eb ndryshme t\u00eb jet\u00ebs suaj.<\/p>\n<p>&nbsp;<\/p>\n<p><strong><em>Sh\u00ebrimi shpirt\u00ebror:<\/em><\/strong><\/p>\n<p>&nbsp;<\/p>\n<p>N\u00ebse po k\u00ebrkoni t\u00eb shkoni n\u00eb nj\u00eb udh\u00ebtim shpirt\u00ebror, Agati i kuq mund t&#8217;ju ndihmoj\u00eb t\u00eb arrini atje. P\u00ebrfitimet shpirt\u00ebrore t\u00eb Agatit t\u00eb Kuq jan\u00eb t\u2019ju bej t\u00eb jeni &#8220;me k\u00ebmb\u00eb n\u00eb tok\u00eb&#8221;. Ky gur \u00ebsht\u00eb mish\u00ebrimi i pasionit dhe vet\u00eb-fuqizimit. Ai inkurajon besimin dhe heq \u00e7do grimc\u00eb dyshimi p\u00ebr veten.<\/p>\n<p>Ju lejon t\u00eb njihni veten m\u00eb mir\u00eb se kushdo tjet\u00ebr! Si rezultat, ju do t\u00eb keni aft\u00ebsin\u00eb p\u00ebr t\u00eb marr\u00eb vendime logjike q\u00eb jan\u00eb m\u00eb t\u00eb mirat p\u00ebr ju dhe jet\u00ebn tuaj.<\/p>\n<p>&nbsp;<\/p>\n<p><strong><em>Sh\u00ebrimi fizik:<\/em><\/strong><\/p>\n<p>&nbsp;<\/p>\n<p>Shum\u00eb gur\u00eb kan\u00eb potencialin p\u00ebr t\u00eb ofruar p\u00ebrfitime fizike q\u00eb mund t\u00eb ken\u00eb nj\u00eb ndikim t\u00eb fort\u00eb n\u00eb sh\u00ebndetin tuaj t\u00eb p\u00ebrgjithsh\u00ebm. Ashtu si gur\u00ebt e tjer\u00eb me ngjyr\u00eb t\u00eb kuqe, agati i kuq mendohet t\u00eb jet\u00eb ve\u00e7an\u00ebrisht i dobish\u00ebm n\u00eb sistemin e qarkullimit t\u00eb gjakut. Disa praktikues t\u00eb kristalit besojn\u00eb se ai mb\u00ebshtet zemr\u00ebn dhe p\u00ebrmir\u00ebson funksionin e en\u00ebve t\u00eb gjakut. T\u00eb tjer\u00eb madje thon\u00eb se mund t\u00eb ndikoj\u00eb n\u00eb \u00e7rregullimet e lidhura me gjakun si anemia dhe hipertensioni.<\/p>\n<p>&nbsp;<\/p>\n<p><strong><em>Sh\u00ebrimi Emocional<\/em><\/strong><\/p>\n<p>&nbsp;<\/p>\n<p>Agati i Kuq \u00ebsht\u00eb gjithashtu nj\u00eb gur i fuqish\u00ebm p\u00ebr vet\u00eb-fuqizim. Shum\u00eb njer\u00ebz vuajn\u00eb nga ndjenjat e dyshimit p\u00ebr shkak t\u00eb p\u00ebrvojave dhe mundimeve t\u00eb kaluara. N\u00eb vend q\u00eb thjesht t\u00eb shp\u00ebtoni nga kujtimet e k\u00ebqija, ju inkurajon t\u00eb ballafaqoni me to dhe nj\u00ebkohesisht t\u2019i t\u00eb triumfoni mbi to.<\/p>\n<p><strong><em>\u00a0<\/em><\/strong><\/p>\n<p><strong><em>Pastroni dhe rimbushni:<\/em><\/strong><\/p>\n<p>&nbsp;<\/p>\n<p>Agat i kuq \u00ebsht\u00eb i leht\u00eb p\u00ebr t&#8217;u p\u00ebrdorur dhe p\u00ebr t&#8217;u kujdesur. Pastrimi \u00ebsht\u00eb nj\u00eb cik\u00ebl i thjesht me pak sapun dhe uj\u00eb t\u00eb ngroht\u00eb. N\u00ebse guri ndonj\u00ebher\u00eb ka nevoj\u00eb p\u00ebr rimbushje energjie, thjesht vendoseni n\u00ebn flak\u00ebt e qirinjve.<\/p>\n","protected":false},"excerpt":{"rendered":"<p>Zodiaku: Peshqit, Demi dhe Akrepi \u00c7akra: Zemra &nbsp; N\u00eb agatin e kuq, drita dep\u00ebrton gur, duke krijuar disa reflektime dhe hije t\u00eb bukura. Agati i Kuq<span class=\"excerpt-hellip\"> [\u2026]<\/span><\/p>\n","protected":false},"featured_media":19350,"comment_status":"open","ping_status":"closed","template":"","meta":[],"product_brand":[],"product_cat":[2401,2369,2292,2405,2372,2355,2370,2358,2384,2310,2367,2359,2352,2296,2304,2404],"product_tag":[],"class_list":{"0":"post-19602","1":"product","2":"type-product","3":"status-publish","4":"has-post-thumbnail","6":"product_cat-agate-sq","7":"product_cat-akrepi-sq","8":"product_cat-crystal-jewelry-sq","9":"product_cat-blej-sipas","10":"product_cat-blej-sipas-ngjyres","11":"product_cat-dashuri-harmoni","12":"product_cat-demi","13":"product_cat-force-stabilitet","14":"product_cat-kuq","15":"product_cat-llojet-e-gurve-te-cmuar","16":"product_cat-peshqit","17":"product_cat-shenjat-e-horoskopit","18":"product_cat-qellim","19":"product_cat-unaza","20":"product_cat-zemra","21":"product_cat-zona-e-cakres","23":"first","24":"outofstock","25":"shipping-taxable","26":"purchasable","27":"product-type-simple"},"_links":{"self":[{"href":"https:\/\/tinacrystals.com\/sq\/wp-json\/wp\/v2\/product\/19602","targetHints":{"allow":["GET"]}}],"collection":[{"href":"https:\/\/tinacrystals.com\/sq\/wp-json\/wp\/v2\/product"}],"about":[{"href":"https:\/\/tinacrystals.com\/sq\/wp-json\/wp\/v2\/types\/product"}],"replies":[{"embeddable":true,"href":"https:\/\/tinacrystals.com\/sq\/wp-json\/wp\/v2\/comments?post=19602"}],"wp:featuredmedia":[{"embeddable":true,"href":"https:\/\/tinacrystals.com\/sq\/wp-json\/wp\/v2\/media\/19350"}],"wp:attachment":[{"href":"https:\/\/tinacrystals.com\/sq\/wp-json\/wp\/v2\/media?parent=19602"}],"wp:term":[{"taxonomy":"product_brand","embeddable":true,"href":"https:\/\/tinacrystals.com\/sq\/wp-json\/wp\/v2\/product_brand?post=19602"},{"taxonomy":"product_cat","embeddable":true,"href":"https:\/\/tinacrystals.com\/sq\/wp-json\/wp\/v2\/product_cat?post=19602"},{"taxonomy":"product_tag","embeddable":true,"href":"https:\/\/tinacrystals.com\/sq\/wp-json\/wp\/v2\/product_tag?post=19602"}],"curies":[{"name":"wp","href":"https:\/\/api.w.org\/{rel}","templated":true}]}}