{"id":19629,"date":"2022-04-19T12:03:42","date_gmt":"2022-04-19T10:03:46","guid":{"rendered":"http:\/\/tinacrystals.com\/?post_type=product&#038;p=19629"},"modified":"2022-04-22T12:44:56","modified_gmt":"2022-04-22T10:44:56","slug":"agati-blu-unaze-ovale-%d0%ba%d0%be%d0%bf%d0%b8%d1%98%d0%b0","status":"publish","type":"product","link":"https:\/\/tinacrystals.com\/sq\/product\/agati-blu-unaze-ovale-%d0%ba%d0%be%d0%bf%d0%b8%d1%98%d0%b0\/","title":{"rendered":"Agati Blu Unaz\u00eb"},"content":{"rendered":"<p><strong>\u00c7<\/strong><strong>akra:<\/strong> Fytc Syri Tret\u00eb<br \/>\n<strong>Horoskopi:<\/strong> Peshqit, Ujori<\/p>\n<p>Ky \u00ebsht\u00eb nj\u00eb gur i shk\u00eblqyesh\u00ebm p\u00ebr pastrimin e fytit t\u00eb bllokuar, duke ju inkurajuar t\u00eb thoni t\u00eb v\u00ebrtet\u00ebn gjithmon\u00eb<\/p>\n<p>Vibrimi i tij \u00ebsht\u00eb nj\u00eb nd\u00ebrlidhje me paqjen dhe qet\u00ebsis\u00eb. \u00cbsht\u00eb nj\u00eb gur shum\u00eb ushqyes dhe q\u00eb ofron komoditet.<\/p>\n<p>&nbsp;<\/p>\n<p><strong><em>Sh\u00ebrimi shpirt\u00ebror:<\/em><\/strong><\/p>\n<p>Agat blu ju lejon t\u00eb keni nj\u00eb perceptim t\u00eb qart\u00eb n\u00eb nj\u00eb situat\u00eb t\u00eb v\u00ebshtir\u00eb.<\/p>\n<p>\u00cbsht\u00eb energjia shpirt\u00ebrore q\u00eb ndihmon n\u00eb komunikim, p\u00ebrqendrim dhe hap syrin e tret\u00eb t\u00eb shpirtit q\u00eb ndihmon n\u00eb v\u00ebzhgimin e gj\u00ebrave nga nj\u00eb pikpamje tjet\u00ebr.<\/p>\n<p>Ky gur magjik p\u00ebrhap atmosfera qet\u00ebsuese, relaksuese dhe qet\u00ebsuese kudo q\u00eb vendoset. Ajo ka fuqin\u00eb p\u00ebr t\u00eb balancuar, riorganizuar dhe harmonizuar energjin\u00eb e ndrydhur t\u00eb ruajtur n\u00eb trupin ton\u00eb.<\/p>\n<p>&nbsp;<\/p>\n<p><strong><em>Sh\u00ebrimi fizik:<\/em><\/strong><\/p>\n<p>P\u00ebr shembull, vet\u00ebm veshja e agatit blu si nj\u00eb var\u00ebse ose nj\u00eb gjerdan mund t\u00eb ndihmoj\u00eb n\u00eb sh\u00ebrimin e problemeve t\u00eb qaf\u00ebs dhe fytit dhe kushteve t\u00eb tjera t\u00eb frym\u00ebmarrjes nga t\u00eb cilat vuani.<\/p>\n<p>Thuhet gjithashtu se agati blu ndihmon n\u00eb pastrimin e sistemit tuaj limfatik, redukton inflamacionin dhe ul\u00eb ethet. Mund t\u00eb p\u00ebrshpejtoj\u00eb riparimin e kockave t\u00eb thyera, t\u00eb ndihmoj\u00eb n\u00eb mang\u00ebsit\u00eb e tiroides, si dhe n\u00eb infeksionet limfatike dhe t\u00eb fytit.<\/p>\n<p>&nbsp;<\/p>\n<p><strong><em>Sh\u00ebrimi emocional:<\/em><\/strong><\/p>\n<p>Agati blu \u00ebsht\u00eb nj\u00eb gur shum\u00eb mb\u00ebshtet\u00ebs kur b\u00ebhet fjal\u00eb p\u00ebr sh\u00ebndetin mendor dhe emocional.<\/p>\n<p>Ky gur nxit qet\u00ebsin\u00eb, dhembshurin\u00eb dhe nj\u00eb k\u00ebndv\u00ebshtrim pozitiv q\u00eb do t&#8217;ju shoh\u00eb t\u00eb ktheheni shpejt nga \u00e7do d\u00ebmtim ose mundim q\u00eb mund t\u00eb vuani.<\/p>\n<p>P\u00ebrdorni fuqit\u00eb sh\u00ebruese t\u00eb k\u00ebtij guri dhe do t&#8217;ju ndihmoj\u00eb t\u00eb largoheni nga vendet dhe situatat q\u00eb mund t&#8217;ju b\u00ebjn\u00eb gjithashtu t\u00eb s\u00ebmur\u00eb.<\/p>\n<p><strong><em><br \/>\nPastroni dhe rimbushni:<\/em><\/strong><\/p>\n<p>Metoda m\u00eb e mir\u00eb \u00ebsht\u00eb t\u00eb shp\u00eblani agat\u00ebt n\u00eb uj\u00eb t\u00eb ngroht\u00eb me sapun dhe t\u00eb p\u00ebrdorni nj\u00eb fur\u00e7\u00eb t\u00eb but\u00eb p\u00ebr t\u00eb hequr \u00e7do pluhur ose mbeturin\u00eb shtes\u00eb.<\/p>\n<p>P\u00ebr ta rimbushur, l\u00ebreni t\u00eb lahet n\u00eb rrezet e h\u00ebn\u00ebs gjat\u00eb nat\u00ebs, n\u00eb nj\u00eb tas me uj\u00eb n\u00ebse d\u00ebshironi, dhe n\u00eb m\u00ebngjes do t\u00eb jet\u00eb i gjall\u00eb dhe i shk\u00eblqyesh\u00ebm me energji t\u00eb re.<\/p>\n","protected":false},"excerpt":{"rendered":"<p>\u00c7akra: Fytc Syri Tret\u00eb Horoskopi: Peshqit, Ujori Ky \u00ebsht\u00eb nj\u00eb gur i shk\u00eblqyesh\u00ebm p\u00ebr pastrimin e fytit t\u00eb bllokuar, duke ju inkurajuar t\u00eb thoni t\u00eb v\u00ebrtet\u00ebn<span class=\"excerpt-hellip\"> [\u2026]<\/span><\/p>\n","protected":false},"featured_media":19323,"comment_status":"open","ping_status":"closed","template":"","meta":[],"product_brand":[],"product_cat":[2401,2292,2405,2372,2374,2309,2310,2357,2367,2354,2359,2352,2308,2360,2296,2404],"product_tag":[],"class_list":{"0":"post-19629","1":"product","2":"type-product","3":"status-publish","4":"has-post-thumbnail","6":"product_cat-agate-sq","7":"product_cat-crystal-jewelry-sq","8":"product_cat-blej-sipas","9":"product_cat-blej-sipas-ngjyres","10":"product_cat-blu","11":"product_cat-fyti","12":"product_cat-llojet-e-gurve-te-cmuar","13":"product_cat-mbrotje-paqe","14":"product_cat-peshqit","15":"product_cat-shendet-balans","16":"product_cat-shenjat-e-horoskopit","17":"product_cat-qellim","18":"product_cat-syri-i-trete","19":"product_cat-ujori","20":"product_cat-unaza","21":"product_cat-zona-e-cakres","23":"first","24":"outofstock","25":"shipping-taxable","26":"purchasable","27":"product-type-simple"},"_links":{"self":[{"href":"https:\/\/tinacrystals.com\/sq\/wp-json\/wp\/v2\/product\/19629","targetHints":{"allow":["GET"]}}],"collection":[{"href":"https:\/\/tinacrystals.com\/sq\/wp-json\/wp\/v2\/product"}],"about":[{"href":"https:\/\/tinacrystals.com\/sq\/wp-json\/wp\/v2\/types\/product"}],"replies":[{"embeddable":true,"href":"https:\/\/tinacrystals.com\/sq\/wp-json\/wp\/v2\/comments?post=19629"}],"wp:featuredmedia":[{"embeddable":true,"href":"https:\/\/tinacrystals.com\/sq\/wp-json\/wp\/v2\/media\/19323"}],"wp:attachment":[{"href":"https:\/\/tinacrystals.com\/sq\/wp-json\/wp\/v2\/media?parent=19629"}],"wp:term":[{"taxonomy":"product_brand","embeddable":true,"href":"https:\/\/tinacrystals.com\/sq\/wp-json\/wp\/v2\/product_brand?post=19629"},{"taxonomy":"product_cat","embeddable":true,"href":"https:\/\/tinacrystals.com\/sq\/wp-json\/wp\/v2\/product_cat?post=19629"},{"taxonomy":"product_tag","embeddable":true,"href":"https:\/\/tinacrystals.com\/sq\/wp-json\/wp\/v2\/product_tag?post=19629"}],"curies":[{"name":"wp","href":"https:\/\/api.w.org\/{rel}","templated":true}]}}