{"id":19638,"date":"2022-04-19T12:18:20","date_gmt":"2022-04-19T10:18:23","guid":{"rendered":"http:\/\/tinacrystals.com\/?post_type=product&#038;p=19638"},"modified":"2022-05-09T10:44:24","modified_gmt":"2022-05-09T08:44:24","slug":"agati-roze-unaze-ovale-%d0%ba%d0%be%d0%bf%d0%b8%d1%98%d0%b0-%d0%ba%d0%be%d0%bf%d0%b8%d1%98%d0%b0","status":"publish","type":"product","link":"https:\/\/tinacrystals.com\/sq\/product\/agati-roze-unaze-ovale-%d0%ba%d0%be%d0%bf%d0%b8%d1%98%d0%b0-%d0%ba%d0%be%d0%bf%d0%b8%d1%98%d0%b0\/","title":{"rendered":"Agati Roz\u00eb Unaz\u00eb"},"content":{"rendered":"<p>&nbsp;<\/p>\n<p><strong>Zodiaku:<\/strong> Bricjapi, Binjak\u00ebt, Akrepi<\/p>\n<p><strong>Chakra:<\/strong> Rr\u00ebnja, Sakrale, Zemra<\/p>\n<p>&nbsp;<\/p>\n<p>Agati roz\u00eb \u00ebsht\u00eb nj\u00eb gur i mrekulluesh\u00ebm dhe njihet p\u00ebr posedimin t\u00eb energjis\u00eb s\u00eb mbrojt\u00ebs dhe vetiv\u00eb t\u00eb dobishme sh\u00ebruese.<\/p>\n<p>&nbsp;<\/p>\n<p><strong><em>Sh\u00ebrimi shpirt\u00ebror:<\/em><\/strong><\/p>\n<p>&nbsp;<\/p>\n<p>Kur sfidat ju paraqiten, nj\u00eb frym\u00eb e ekuilibruar ju shtyn t&#8217;i p\u00ebrballoni ato pa frik\u00eb. Ju gjithashtu jeni n\u00eb gjendje t\u00eb largoheni nga ato p\u00ebrvoja t\u00eb k\u00ebqija dhe t\u00eb m\u00ebsoni nga to. Por, shpirti juaj i ekuilibruar siguron q\u00eb ju mund t&#8217;i lini t\u00eb shkojn\u00eb pa i varrosur thell\u00eb. Ky gur nganj\u00ebher\u00eb quhet &#8220;Mbrojt\u00ebsi i F\u00ebmij\u00ebve&#8221;, sepse krijon nj\u00eb lidhje m\u00eb t\u00eb thell\u00eb mes f\u00ebmijs\u00eb dhe prind\u00ebrve.<\/p>\n<p>&nbsp;<\/p>\n<p><strong><em>Sh\u00ebrimi fizik:<\/em><\/strong><\/p>\n<p>&nbsp;<\/p>\n<p>Disa sugjerojn\u00eb q\u00eb agati roz\u00eb mund t\u00eb ket\u00eb nj\u00eb ndikim edhe n\u00eb sistemin tuaj imunitar. Thuhet se pastron trupin tuaj nga toksinat, gj\u00eb q\u00eb forcon imunitetin dhe ju b\u00ebn m\u00eb t\u00eb aft\u00eb p\u00ebr t\u00eb luftuar s\u00ebmundjet.<\/p>\n<p>Thuhet se ju ndihmon t\u00eb shmangni s\u00ebmundjet potencialisht k\u00ebrc\u00ebnuese p\u00ebr jet\u00ebn. T\u00eb tjer\u00eb sugjerojn\u00eb se agati roz\u00eb mund t\u00eb ndikoj\u00eb edhe n\u00eb organe specifike. Disa thon\u00eb se sh\u00ebron \u00e7\u00ebshtjet q\u00eb lidhen me m\u00ebl\u00e7in\u00eb dhe pankreasin, duke promovuar nj\u00eb sh\u00ebndet m\u00eb t\u00eb mir\u00eb t\u00eb p\u00ebrgjithsh\u00ebm nga brenda.<\/p>\n<p>&nbsp;<\/p>\n<p><strong><em>Sh\u00ebrimi emocional:<\/em><\/strong><\/p>\n<p>&nbsp;<\/p>\n<p>Vetit\u00eb sh\u00ebruese t\u00eb k\u00ebtij guri mund t&#8217;ju mbrojn\u00eb nga energjia negative dhe t\u00eb ndihmojn\u00eb n\u00eb transformimin e m\u00ebnyr\u00ebs suaj t\u00eb t\u00eb menduarit. Disa thon\u00eb se ngjyra e saj \u00ebsht\u00eb p\u00ebrfaq\u00ebsuese e fuqive t\u00eb saj. Zbut zem\u00ebrimin dhe shqet\u00ebsimin, duke z\u00ebvend\u00ebsuar emocionet e k\u00ebqija me pozitivitet dhe drit\u00eb. Ju \u00e7liron nga lidhjet emocionale q\u00eb lidhen, gj\u00eb q\u00eb thuhet se p\u00ebrmir\u00ebson gjith\u00e7ka, nga vet\u00ebdija e p\u00ebrgjithshme deri te aft\u00ebsia p\u00ebr t&#8217;u fokusuar. Plus, madje mund t&#8217;ju b\u00ebj\u00eb m\u00eb t\u00eb hapur p\u00ebr t\u00eb pranuar energjin\u00eb e dashuris\u00eb nga t\u00eb tjer\u00ebt.<\/p>\n<p>&nbsp;<\/p>\n<p><strong><em>Pastroni dhe rimbushni:<\/em><\/strong><\/p>\n<p>Metoda m\u00eb e mir\u00eb \u00ebsht\u00eb t\u00eb shp\u00ebrlani agat\u00ebt n\u00eb uj\u00eb t\u00eb ngroht\u00eb me sapun dhe t\u00eb p\u00ebrdorni nj\u00eb fur\u00e7\u00eb t\u00eb but\u00eb p\u00ebr t\u00eb hequr \u00e7do pluhur ose mbeturin\u00eb shtes\u00eb.<\/p>\n<p>P\u00ebr ta rimbushur, l\u00ebreni n\u00ebn rrezet e h\u00ebn\u00ebs gjat\u00eb nat\u00ebs, n\u00eb nj\u00eb tas me uj\u00eb, dhe n\u00eb m\u00ebngjes do t\u00eb jet\u00eb shk\u00eblqyesh\u00ebm me energji t\u00eb re.<\/p>\n","protected":false},"excerpt":{"rendered":"<p>&nbsp; Zodiaku: Bricjapi, Binjak\u00ebt, Akrepi Chakra: Rr\u00ebnja, Sakrale, Zemra &nbsp; Agati roz\u00eb \u00ebsht\u00eb nj\u00eb gur i mrekulluesh\u00ebm dhe njihet p\u00ebr posedimin t\u00eb energjis\u00eb s\u00eb mbrojt\u00ebs dhe<span class=\"excerpt-hellip\"> [\u2026]<\/span><\/p>\n","protected":false},"featured_media":19314,"comment_status":"open","ping_status":"closed","template":"","meta":[],"product_brand":[],"product_cat":[2369,2364,2292,2372,2363,2355,2353,2382,2305,2306,2359,2352,2296,2304,2404],"product_tag":[],"class_list":{"0":"post-19638","1":"product","2":"type-product","3":"status-publish","4":"has-post-thumbnail","6":"product_cat-akrepi-sq","7":"product_cat-binjaket","8":"product_cat-crystal-jewelry-sq","9":"product_cat-blej-sipas-ngjyres","10":"product_cat-bricjapi","11":"product_cat-dashuri-harmoni","12":"product_cat-lumturi-vetebesim","13":"product_cat-roze","14":"product_cat-rrenja","15":"product_cat-sakrale","16":"product_cat-shenjat-e-horoskopit","17":"product_cat-qellim","18":"product_cat-unaza","19":"product_cat-zemra","20":"product_cat-zona-e-cakres","22":"first","23":"outofstock","24":"shipping-taxable","25":"purchasable","26":"product-type-simple"},"_links":{"self":[{"href":"https:\/\/tinacrystals.com\/sq\/wp-json\/wp\/v2\/product\/19638","targetHints":{"allow":["GET"]}}],"collection":[{"href":"https:\/\/tinacrystals.com\/sq\/wp-json\/wp\/v2\/product"}],"about":[{"href":"https:\/\/tinacrystals.com\/sq\/wp-json\/wp\/v2\/types\/product"}],"replies":[{"embeddable":true,"href":"https:\/\/tinacrystals.com\/sq\/wp-json\/wp\/v2\/comments?post=19638"}],"wp:featuredmedia":[{"embeddable":true,"href":"https:\/\/tinacrystals.com\/sq\/wp-json\/wp\/v2\/media\/19314"}],"wp:attachment":[{"href":"https:\/\/tinacrystals.com\/sq\/wp-json\/wp\/v2\/media?parent=19638"}],"wp:term":[{"taxonomy":"product_brand","embeddable":true,"href":"https:\/\/tinacrystals.com\/sq\/wp-json\/wp\/v2\/product_brand?post=19638"},{"taxonomy":"product_cat","embeddable":true,"href":"https:\/\/tinacrystals.com\/sq\/wp-json\/wp\/v2\/product_cat?post=19638"},{"taxonomy":"product_tag","embeddable":true,"href":"https:\/\/tinacrystals.com\/sq\/wp-json\/wp\/v2\/product_tag?post=19638"}],"curies":[{"name":"wp","href":"https:\/\/api.w.org\/{rel}","templated":true}]}}