{"id":20543,"date":"2022-05-03T08:38:39","date_gmt":"2022-05-03T06:38:44","guid":{"rendered":"http:\/\/tinacrystals.com\/?post_type=product&#038;p=20543"},"modified":"2022-06-06T10:09:47","modified_gmt":"2022-06-06T08:09:47","slug":"karnelian-qafore-copy-2","status":"publish","type":"product","link":"https:\/\/tinacrystals.com\/sq\/product\/karnelian-qafore-copy-2\/","title":{"rendered":"Karnelian Cilind\u00ebr"},"content":{"rendered":"<p><strong>HOROSKOPI<\/strong>: Virgj\u00ebresha, Demi, Gaforrja<br \/>\n<strong>CHAKRA<\/strong>: Rr\u00ebnja, Sakrale, Pleksusi Diellor<\/p>\n<p><em><strong>Carnelian<\/strong><\/em> quhet edhe si guri i veprimit, \u00ebsht\u00eb nj\u00eb energjizues dhe p\u00ebrforcues i shk\u00eblqyesh\u00ebm.<\/p>\n<p><strong><br \/>\n<em>Sh\u00ebrimi shpirt\u00ebror:<\/em><\/strong><\/p>\n<p>Kristali i karnelit thuhet gjithashtu se \u00ebsht\u00eb nj\u00eb magnet p\u00ebr prosperitet dhe fat t\u00eb mir\u00eb. P\u00ebrdoret nga njer\u00ebzit kur kan\u00eb nevoj\u00eb p\u00ebr nj\u00eb doz\u00eb t\u00eb sh\u00ebndetshme fati t\u00eb mir\u00eb dhe relaksimi.<br \/>\nBesohet se do t&#8217;ju sh\u00ebroj\u00eb shpirtin dhe do t\u00eb ndiheni m\u00eb t\u00eb qet\u00eb dhe t\u00eb stabilizuar.<\/p>\n<p><strong><br \/>\n<em>Sh\u00ebrimi fizik:<\/em><\/strong><\/p>\n<p>Ky gur besohet t\u00eb jet\u00eb i shk\u00eblqyesh\u00ebm p\u00ebr balancimin e niveleve t\u00eb energjis\u00eb s\u00eb trupit tuaj, duke rritur koordinimin gjat\u00eb ushtrimeve fizike.<br \/>\nCarnelian mund t\u00eb ndihmoj\u00eb n\u00eb stimulimin e muskujve dhe lejon q\u00eb oksigjeni t\u00eb rrjedh\u00eb pa probleme brenda trupit.<\/p>\n<p><strong><br \/>\n<em>Sh\u00ebrimi emocional:<\/em><\/strong><\/p>\n<p>Ky kristal Carnelian quhet edhe guri i k\u00ebng\u00ebtares, sepse nxit besimin tek njer\u00ebzit q\u00eb performojn\u00eb n\u00eb sken\u00eb ose n\u00eb media live.<br \/>\nN\u00ebse jeni pak i turpsh\u00ebm, p\u00ebrdorni k\u00ebt\u00eb gur p\u00ebr t&#8217;ju dh\u00ebn\u00eb shtytje kur flisni me audienc\u00ebn.<br \/>\nDo t&#8217;ju ndihmoj\u00eb t\u00eb jeni m\u00eb kreativ n\u00eb piktur\u00eb, vall\u00ebzim, shkrim, k\u00ebndim etj.<\/p>\n<p><em><strong><br \/>\nPastrimi dhe rimbushja:<\/strong><\/em><\/p>\n<p>Uji \u00ebsht\u00eb nj\u00eb m\u00ebnyr\u00eb p\u00ebr t\u00eb neutralizuar \u00e7do energji negative t\u00eb ruajtur brenda gurit tuaj.<br \/>\nRimbushja: mund t\u00eb rimbuhet n\u00ebn rrezet e diellit ose me uj\u00eb t\u00eb rrjedhsh\u00ebm.<\/p>\n","protected":false},"excerpt":{"rendered":"<p>Dimenzioni 9x9mm<\/p>\n","protected":false},"featured_media":19890,"comment_status":"open","ping_status":"closed","template":"","meta":[],"product_brand":[],"product_cat":[2292,2372,2950,2370,2356,2429,2362,2318,2310,2307,2381,2395,2305,2306,2354,2359,2352,2371,2404],"product_tag":[],"class_list":{"0":"post-20543","1":"product","2":"type-product","3":"status-publish","4":"has-post-thumbnail","6":"product_cat-crystal-jewelry-sq","7":"product_cat-blej-sipas-ngjyres","8":"product_cat-cilinder","9":"product_cat-demi","10":"product_cat-fat-sukses","11":"product_cat-format","12":"product_cat-gaforrja","13":"product_cat-carnelian-sq","14":"product_cat-llojet-e-gurve-te-cmuar","15":"product_cat-pleksusi-diellor","16":"product_cat-portokalle","17":"product_cat-pendant-sq","18":"product_cat-rrenja","19":"product_cat-sakrale","20":"product_cat-shendet-balans","21":"product_cat-shenjat-e-horoskopit","22":"product_cat-qellim","23":"product_cat-virgjersha","24":"product_cat-zona-e-cakres","26":"first","27":"instock","28":"shipping-taxable","29":"purchasable","30":"product-type-simple"},"_links":{"self":[{"href":"https:\/\/tinacrystals.com\/sq\/wp-json\/wp\/v2\/product\/20543","targetHints":{"allow":["GET"]}}],"collection":[{"href":"https:\/\/tinacrystals.com\/sq\/wp-json\/wp\/v2\/product"}],"about":[{"href":"https:\/\/tinacrystals.com\/sq\/wp-json\/wp\/v2\/types\/product"}],"replies":[{"embeddable":true,"href":"https:\/\/tinacrystals.com\/sq\/wp-json\/wp\/v2\/comments?post=20543"}],"wp:featuredmedia":[{"embeddable":true,"href":"https:\/\/tinacrystals.com\/sq\/wp-json\/wp\/v2\/media\/19890"}],"wp:attachment":[{"href":"https:\/\/tinacrystals.com\/sq\/wp-json\/wp\/v2\/media?parent=20543"}],"wp:term":[{"taxonomy":"product_brand","embeddable":true,"href":"https:\/\/tinacrystals.com\/sq\/wp-json\/wp\/v2\/product_brand?post=20543"},{"taxonomy":"product_cat","embeddable":true,"href":"https:\/\/tinacrystals.com\/sq\/wp-json\/wp\/v2\/product_cat?post=20543"},{"taxonomy":"product_tag","embeddable":true,"href":"https:\/\/tinacrystals.com\/sq\/wp-json\/wp\/v2\/product_tag?post=20543"}],"curies":[{"name":"wp","href":"https:\/\/api.w.org\/{rel}","templated":true}]}}