{"id":20617,"date":"2022-05-03T10:35:44","date_gmt":"2022-05-03T08:35:49","guid":{"rendered":"http:\/\/tinacrystals.com\/?post_type=product&#038;p=20617"},"modified":"2022-05-03T10:48:48","modified_gmt":"2022-05-03T08:48:48","slug":"agati-gjelbert-unaze-terfil-copy","status":"publish","type":"product","link":"https:\/\/tinacrystals.com\/sq\/product\/agati-gjelbert-unaze-terfil-copy\/","title":{"rendered":"Agati Gjelb\u00ebrt Rreth Me Vrim\u00eb T\u00eb Gj\u00ebr\u00eb"},"content":{"rendered":"","protected":false},"excerpt":{"rendered":"","protected":false},"featured_media":19995,"comment_status":"open","ping_status":"closed","template":"","meta":[],"product_brand":[],"product_cat":[2401,2364,2292,2405,2372,2356,2429,2309,2379,2310,2357,2395,2953,2359,2352,2371,2304,2404],"product_tag":[],"class_list":{"0":"post-20617","1":"product","2":"type-product","3":"status-publish","4":"has-post-thumbnail","6":"product_cat-agate-sq","7":"product_cat-binjaket","8":"product_cat-crystal-jewelry-sq","9":"product_cat-blej-sipas","10":"product_cat-blej-sipas-ngjyres","11":"product_cat-fat-sukses","12":"product_cat-format","13":"product_cat-fyti","14":"product_cat-gjelbert","15":"product_cat-llojet-e-gurve-te-cmuar","16":"product_cat-mbrotje-paqe","17":"product_cat-pendant-sq","18":"product_cat-rreth-me-vrime-te-madhe","19":"product_cat-shenjat-e-horoskopit","20":"product_cat-qellim","21":"product_cat-virgjersha","22":"product_cat-zemra","23":"product_cat-zona-e-cakres","25":"first","26":"instock","27":"shipping-taxable","28":"purchasable","29":"product-type-variable"},"_links":{"self":[{"href":"https:\/\/tinacrystals.com\/sq\/wp-json\/wp\/v2\/product\/20617","targetHints":{"allow":["GET"]}}],"collection":[{"href":"https:\/\/tinacrystals.com\/sq\/wp-json\/wp\/v2\/product"}],"about":[{"href":"https:\/\/tinacrystals.com\/sq\/wp-json\/wp\/v2\/types\/product"}],"replies":[{"embeddable":true,"href":"https:\/\/tinacrystals.com\/sq\/wp-json\/wp\/v2\/comments?post=20617"}],"wp:featuredmedia":[{"embeddable":true,"href":"https:\/\/tinacrystals.com\/sq\/wp-json\/wp\/v2\/media\/19995"}],"wp:attachment":[{"href":"https:\/\/tinacrystals.com\/sq\/wp-json\/wp\/v2\/media?parent=20617"}],"wp:term":[{"taxonomy":"product_brand","embeddable":true,"href":"https:\/\/tinacrystals.com\/sq\/wp-json\/wp\/v2\/product_brand?post=20617"},{"taxonomy":"product_cat","embeddable":true,"href":"https:\/\/tinacrystals.com\/sq\/wp-json\/wp\/v2\/product_cat?post=20617"},{"taxonomy":"product_tag","embeddable":true,"href":"https:\/\/tinacrystals.com\/sq\/wp-json\/wp\/v2\/product_tag?post=20617"}],"curies":[{"name":"wp","href":"https:\/\/api.w.org\/{rel}","templated":true}]}}