{"id":21035,"date":"2022-05-16T14:03:23","date_gmt":"2022-05-16T12:04:17","guid":{"rendered":"http:\/\/tinacrystals.com\/?post_type=product&#038;p=21035"},"modified":"2022-05-16T14:04:18","modified_gmt":"2022-05-16T12:04:18","slug":"miks-kristalesh-te-paperpunuar-vathe-2","status":"publish","type":"product","link":"https:\/\/tinacrystals.com\/sq\/product\/miks-kristalesh-te-paperpunuar-vathe-2\/","title":{"rendered":"Miks Kristalesh T\u00eb Pap\u00ebrpunuar Vath\u00eb"},"content":{"rendered":"","protected":false},"excerpt":{"rendered":"","protected":false},"featured_media":20983,"comment_status":"open","ping_status":"closed","template":"","meta":[],"product_brand":[],"product_cat":[2292,2394,2962],"product_tag":[],"class_list":{"0":"post-21035","1":"product","2":"type-product","3":"status-publish","4":"has-post-thumbnail","6":"product_cat-crystal-jewelry-sq","7":"product_cat-earrings-sq","8":"product_cat-vathe-me-gure-te-paperpunuar","10":"first","11":"instock","12":"shipping-taxable","13":"purchasable","14":"product-type-simple"},"_links":{"self":[{"href":"https:\/\/tinacrystals.com\/sq\/wp-json\/wp\/v2\/product\/21035","targetHints":{"allow":["GET"]}}],"collection":[{"href":"https:\/\/tinacrystals.com\/sq\/wp-json\/wp\/v2\/product"}],"about":[{"href":"https:\/\/tinacrystals.com\/sq\/wp-json\/wp\/v2\/types\/product"}],"replies":[{"embeddable":true,"href":"https:\/\/tinacrystals.com\/sq\/wp-json\/wp\/v2\/comments?post=21035"}],"wp:featuredmedia":[{"embeddable":true,"href":"https:\/\/tinacrystals.com\/sq\/wp-json\/wp\/v2\/media\/20983"}],"wp:attachment":[{"href":"https:\/\/tinacrystals.com\/sq\/wp-json\/wp\/v2\/media?parent=21035"}],"wp:term":[{"taxonomy":"product_brand","embeddable":true,"href":"https:\/\/tinacrystals.com\/sq\/wp-json\/wp\/v2\/product_brand?post=21035"},{"taxonomy":"product_cat","embeddable":true,"href":"https:\/\/tinacrystals.com\/sq\/wp-json\/wp\/v2\/product_cat?post=21035"},{"taxonomy":"product_tag","embeddable":true,"href":"https:\/\/tinacrystals.com\/sq\/wp-json\/wp\/v2\/product_tag?post=21035"}],"curies":[{"name":"wp","href":"https:\/\/api.w.org\/{rel}","templated":true}]}}