{"id":21315,"date":"2022-05-25T11:38:24","date_gmt":"2022-05-25T09:39:27","guid":{"rendered":"http:\/\/tinacrystals.com\/?post_type=product&#038;p=21315"},"modified":"2022-06-10T09:29:04","modified_gmt":"2022-06-10T07:29:04","slug":"guri-henes-i-bardhe-qafore","status":"publish","type":"product","link":"https:\/\/tinacrystals.com\/sq\/product\/guri-henes-i-bardhe-qafore\/","title":{"rendered":"Guri H\u00ebn\u00ebs i Bardh\u00eb Qafore"},"content":{"rendered":"","protected":false},"excerpt":{"rendered":"<p>10mm Rruz\u00eb<\/p>\n","protected":false},"featured_media":21313,"comment_status":"open","ping_status":"closed","template":"","meta":[],"product_brand":[],"product_cat":[2968],"product_tag":[],"class_list":{"0":"post-21315","1":"product","2":"type-product","3":"status-publish","4":"has-post-thumbnail","6":"product_cat-varrse-ruza","8":"first","9":"instock","10":"shipping-taxable","11":"purchasable","12":"product-type-simple"},"_links":{"self":[{"href":"https:\/\/tinacrystals.com\/sq\/wp-json\/wp\/v2\/product\/21315","targetHints":{"allow":["GET"]}}],"collection":[{"href":"https:\/\/tinacrystals.com\/sq\/wp-json\/wp\/v2\/product"}],"about":[{"href":"https:\/\/tinacrystals.com\/sq\/wp-json\/wp\/v2\/types\/product"}],"replies":[{"embeddable":true,"href":"https:\/\/tinacrystals.com\/sq\/wp-json\/wp\/v2\/comments?post=21315"}],"wp:featuredmedia":[{"embeddable":true,"href":"https:\/\/tinacrystals.com\/sq\/wp-json\/wp\/v2\/media\/21313"}],"wp:attachment":[{"href":"https:\/\/tinacrystals.com\/sq\/wp-json\/wp\/v2\/media?parent=21315"}],"wp:term":[{"taxonomy":"product_brand","embeddable":true,"href":"https:\/\/tinacrystals.com\/sq\/wp-json\/wp\/v2\/product_brand?post=21315"},{"taxonomy":"product_cat","embeddable":true,"href":"https:\/\/tinacrystals.com\/sq\/wp-json\/wp\/v2\/product_cat?post=21315"},{"taxonomy":"product_tag","embeddable":true,"href":"https:\/\/tinacrystals.com\/sq\/wp-json\/wp\/v2\/product_tag?post=21315"}],"curies":[{"name":"wp","href":"https:\/\/api.w.org\/{rel}","templated":true}]}}